{"id":66560,"date":"2023-11-21T09:52:53","date_gmt":"2023-11-21T08:52:53","guid":{"rendered":"https:\/\/esev.ipv.pt\/escola\/"},"modified":"2026-01-26T16:55:57","modified_gmt":"2026-01-26T15:55:57","slug":"escuela","status":"publish","type":"page","link":"https:\/\/esev.ipv.pt\/es\/escuela\/","title":{"rendered":"Escuela"},"content":{"rendered":"<p>[et_pb_section fb_built=&#8221;1&#8243; _builder_version=&#8221;4.21.0&#8243; _module_preset=&#8221;52b34cf4-0c34-4695-8546-ed0b4c0e44da&#8221; use_background_color_gradient=&#8221;on&#8221; background_color_gradient_stops=&#8221;rgba(43,46,52,0.43) 0%|rgba(43,46,52,0.43) 100%&#8221; background_color_gradient_overlays_image=&#8221;on&#8221; background_color_gradient_start=&#8221;rgba(43,46,52,0.43)&#8221; background_color_gradient_end=&#8221;rgba(43,46,52,0.43)&#8221; background_image=&#8221;https:\/\/esev.ipv.pt\/wp-content\/uploads\/sites\/9\/2023\/11\/maxresdefault.jpg&#8221; collapsed=&#8221;on&#8221; global_colors_info=&#8221;{}&#8221;][et_pb_row _builder_version=&#8221;4.21.0&#8243; _module_preset=&#8221;b882f85f-d0b0-46d5-8091-b37ad8a25f99&#8243; global_colors_info=&#8221;{}&#8221;][et_pb_column type=&#8221;4_4&#8243; _builder_version=&#8221;4.16&#8243; _module_preset=&#8221;default&#8221; global_colors_info=&#8221;{}&#8221;][et_pb_text admin_label=&#8221;Text&#8221; _builder_version=&#8221;4.21.0&#8243; _module_preset=&#8221;9fad50c0-67d8-42e4-a430-bc6a6e5c8bb6&#8243; text_font=&#8221;|800|||||||&#8221; text_font_size=&#8221;60px&#8221; text_line_height=&#8221;64px&#8221; global_colors_info=&#8221;{}&#8221;]<\/p>\n<h1>Escuela<\/h1>\n<p>[\/et_pb_text][\/et_pb_column][\/et_pb_row][\/et_pb_section][et_pb_section fb_built=&#8221;1&#8243; _builder_version=&#8221;4.21.0&#8243; _module_preset=&#8221;default&#8221; background_color=&#8221;#F2F2F2&#8243; custom_padding=&#8221;0px||0px||true|false&#8221; sticky_position=&#8221;top&#8221; locked=&#8221;off&#8221; global_colors_info=&#8221;{}&#8221;][et_pb_row _builder_version=&#8221;4.21.0&#8243; _module_preset=&#8221;default&#8221; max_width=&#8221;1920px&#8221; custom_padding=&#8221;0px|10%|0px|10%|true|true&#8221; global_colors_info=&#8221;%91%93&#8243;][et_pb_column type=&#8221;4_4&#8243; _builder_version=&#8221;4.21.0&#8243; _module_preset=&#8221;default&#8221; border_width_bottom=&#8221;1px&#8221; border_color_bottom=&#8221;#2B2E34&#8243; global_colors_info=&#8221;{}&#8221;][et_pb_menu menu_id=&#8221;81&#8243; module_class=&#8221;ipv-page-submenu&#8221; _builder_version=&#8221;4.21.0&#8243; _module_preset=&#8221;default&#8221; menu_text_color=&#8221;#2B2E34&#8243; menu_font_size=&#8221;16px&#8221; menu_line_height=&#8221;24px&#8221; background_color=&#8221;RGBA(255,255,255,0)&#8221; custom_padding=&#8221;5px||5px||true|false&#8221; global_colors_info=&#8221;{}&#8221;][\/et_pb_menu][\/et_pb_column][\/et_pb_row][\/et_pb_section][et_pb_section fb_built=&#8221;1&#8243; module_id=&#8221;acerca&#8221; _builder_version=&#8221;4.21.0&#8243; _module_preset=&#8221;default&#8221; background_color=&#8221;#FFFFFF&#8221; locked=&#8221;off&#8221; global_colors_info=&#8221;{}&#8221;][et_pb_row column_structure=&#8221;1_2,1_2&#8243; use_custom_gutter=&#8221;on&#8221; gutter_width=&#8221;2&#8243; _builder_version=&#8221;4.21.0&#8243; _module_preset=&#8221;203fff6c-c528-428a-b52f-59101f467a6f&#8221; custom_padding=&#8221;6px|10%|11px|10%|false|true&#8221; global_colors_info=&#8221;{}&#8221;][et_pb_column type=&#8221;1_2&#8243; _builder_version=&#8221;4.16&#8243; _module_preset=&#8221;default&#8221; global_colors_info=&#8221;{}&#8221;][et_pb_text admin_label=&#8221;Text&#8221; _builder_version=&#8221;4.21.0&#8243; _module_preset=&#8221;8154a3e5-ee9f-4d72-9ecd-297f2deec285&#8243; text_font=&#8221;|800|||||||&#8221; text_font_size=&#8221;60px&#8221; text_line_height=&#8221;64px&#8221; custom_margin=&#8221;|0px|18px|0px|false|false&#8221; global_colors_info=&#8221;{}&#8221;]<\/p>\n<h2><span style=\"font-weight: 400\">Acerca<\/span><\/h2>\n<p>[\/et_pb_text][et_pb_text _builder_version=&#8221;4.21.0&#8243; _module_preset=&#8221;8154a3e5-ee9f-4d72-9ecd-297f2deec285&#8243; global_colors_info=&#8221;{}&#8221;]<\/p>\n<p>La Escuela Superior de Educaci\u00f3n de Viseu fue la primera unidad org\u00e1nica de un Instituto Polit\u00e9cnico a funcionar en Portugal. En 1983, los primeros cursos de formaci\u00f3n de profesores comenzaron en la Escuela del Magisterio Primario, una antigua escuela primaria. <\/p>\n<p>[\/et_pb_text][\/et_pb_column][et_pb_column type=&#8221;1_2&#8243; _builder_version=&#8221;4.16&#8243; _module_preset=&#8221;default&#8221; global_colors_info=&#8221;{}&#8221;][et_pb_text _builder_version=&#8221;4.21.0&#8243; _module_preset=&#8221;8154a3e5-ee9f-4d72-9ecd-297f2deec285&#8243; global_colors_info=&#8221;{}&#8221;]<\/p>\n<p>A\u00fan funcionando en este emblem\u00e1tico edificio de la ciudad de Viseu, la ESEV integra el grupo de cinco unidades org\u00e1nicas que constituyen el Instituto Polit\u00e9cnico de Viseu, asumiendo una vocaci\u00f3n en la formaci\u00f3n cient\u00edfica, cultural, art\u00edstica y t\u00e9cnica de profesionales calificados, en un compromiso con los servicios prestados a la comunidad, la investigaci\u00f3n y la consolidaci\u00f3n de redes de entidades regionales, nacionales e internacionales, en el desarrollo de proyectos y actividades de inter\u00e9s com\u00fan.<\/p>\n<p>[\/et_pb_text][et_pb_button button_url=&#8221;@ET-DC@eyJkeW5hbWljIjp0cnVlLCJjb250ZW50IjoicG9zdF9saW5rX3VybF9wYWdlIiwic2V0dGluZ3MiOnsicG9zdF9pZCI6IjY2NTYxIiwiZW5hYmxlX2h0bWwiOiJvZmYifX0=@&#8221; button_text=&#8221;Saber mas&#8221; _builder_version=&#8221;4.21.0&#8243; _dynamic_attributes=&#8221;button_url&#8221; _module_preset=&#8221;2d03d9c2-3be0-4044-8ce1-34c8137a6db1&#8243; custom_margin=&#8221;30px||||false|false&#8221; custom_css_after=&#8221; &#8221; locked=&#8221;off&#8221; global_colors_info=&#8221;{}&#8221;][\/et_pb_button][\/et_pb_column][\/et_pb_row][\/et_pb_section][et_pb_section fb_built=&#8221;1&#8243; module_id=&#8221;organos-gestion&#8221; _builder_version=&#8221;4.21.0&#8243; _module_preset=&#8221;default&#8221; background_color=&#8221;#F2F2F2&#8243; locked=&#8221;off&#8221; global_colors_info=&#8221;{}&#8221;][et_pb_row _builder_version=&#8221;4.21.0&#8243; _module_preset=&#8221;203fff6c-c528-428a-b52f-59101f467a6f&#8221; custom_padding=&#8221;6px|10%|11px|10%|false|true&#8221; global_colors_info=&#8221;{}&#8221;][et_pb_column type=&#8221;4_4&#8243; _builder_version=&#8221;4.16&#8243; _module_preset=&#8221;default&#8221; global_colors_info=&#8221;{}&#8221;][et_pb_text admin_label=&#8221;Text&#8221; _builder_version=&#8221;4.21.0&#8243; _module_preset=&#8221;8154a3e5-ee9f-4d72-9ecd-297f2deec285&#8243; text_font=&#8221;|800|||||||&#8221; text_font_size=&#8221;60px&#8221; text_line_height=&#8221;64px&#8221; custom_margin=&#8221;|0px|18px|0px|false|false&#8221; global_colors_info=&#8221;{}&#8221;]<\/p>\n<h2>\u00d3rganos de Gesti\u00f3n<\/h2>\n<p>[\/et_pb_text][\/et_pb_column][\/et_pb_row][et_pb_row column_structure=&#8221;1_5,1_5,1_5,1_5,1_5&#8243; _builder_version=&#8221;4.21.0&#8243; _module_preset=&#8221;default&#8221; global_colors_info=&#8221;{}&#8221;][et_pb_column type=&#8221;1_5&#8243; _builder_version=&#8221;4.21.0&#8243; _module_preset=&#8221;default&#8221; global_colors_info=&#8221;{}&#8221;][et_pb_cta button_url=&#8221;https:\/\/esev.ipv.pt\/es\/escuela\/organos-de-gestion\/#asamblea&#8221; button_text=&#8221;Asamblea de Representantes&#8221; _builder_version=&#8221;4.21.0&#8243; _module_preset=&#8221;default&#8221; background_image=&#8221;https:\/\/esev.ipv.pt\/wp-content\/uploads\/sites\/9\/2023\/11\/caneta-de-pena-antiga-escreve-misterio-em-papel-gerado-por-ia.jpg&#8221; link_option_url=&#8221;https:\/\/esev.ipv.pt\/es\/escuela\/organos-de-gestion\/#asamblea&#8221; global_colors_info=&#8221;{}&#8221;][\/et_pb_cta][\/et_pb_column][et_pb_column type=&#8221;1_5&#8243; _builder_version=&#8221;4.21.0&#8243; _module_preset=&#8221;default&#8221; global_colors_info=&#8221;{}&#8221;][et_pb_cta button_url=&#8221;https:\/\/esev.ipv.pt\/es\/escuela\/organos-de-gestion\/#presidencia&#8221; button_text=&#8221;Presidencia&#8221; _builder_version=&#8221;4.21.0&#8243; _module_preset=&#8221;default&#8221; background_image=&#8221;https:\/\/esev.ipv.pt\/wp-content\/uploads\/sites\/9\/2023\/11\/caneta-tinteiro-na-pagina-escrita.jpg&#8221; link_option_url=&#8221;https:\/\/esev.ipv.pt\/es\/escuela\/organos-de-gestion\/#presidencia&#8221; locked=&#8221;off&#8221; global_colors_info=&#8221;{}&#8221;][\/et_pb_cta][\/et_pb_column][et_pb_column type=&#8221;1_5&#8243; _builder_version=&#8221;4.21.0&#8243; _module_preset=&#8221;default&#8221; global_colors_info=&#8221;{}&#8221;][et_pb_cta button_url=&#8221;https:\/\/esev.ipv.pt\/es\/escuela\/organos-de-gestion\/#administrativo&#8221; button_text=&#8221;Consejo Administrativo&#8221; _builder_version=&#8221;4.21.0&#8243; _module_preset=&#8221;default&#8221; background_image=&#8221;https:\/\/esev.ipv.pt\/wp-content\/uploads\/sites\/9\/2023\/11\/caneta-tinteiro-em-cima-de-uma-carta.jpg&#8221; link_option_url=&#8221;https:\/\/esev.ipv.pt\/es\/escuela\/organos-de-gestion\/#administrativo&#8221; locked=&#8221;off&#8221; global_colors_info=&#8221;{}&#8221;][\/et_pb_cta][\/et_pb_column][et_pb_column type=&#8221;1_5&#8243; _builder_version=&#8221;4.21.0&#8243; _module_preset=&#8221;default&#8221; global_colors_info=&#8221;{}&#8221;][et_pb_cta button_url=&#8221;https:\/\/esev.ipv.pt\/es\/escuela\/organos-de-gestion\/#pedagogico&#8221; button_text=&#8221;Consejo Pedag\u00f3gico&#8221; _builder_version=&#8221;4.21.0&#8243; _module_preset=&#8221;default&#8221; background_image=&#8221;https:\/\/esev.ipv.pt\/wp-content\/uploads\/sites\/9\/2023\/11\/atura-de-caligrafia-em-contrato-com-caneta-tinteiro-gerada-por-ia.jpg&#8221; link_option_url=&#8221;https:\/\/esev.ipv.pt\/es\/escuela\/organos-de-gestion\/#pedagogico&#8221; locked=&#8221;off&#8221; global_colors_info=&#8221;{}&#8221;][\/et_pb_cta][\/et_pb_column][et_pb_column type=&#8221;1_5&#8243; _builder_version=&#8221;4.21.0&#8243; _module_preset=&#8221;default&#8221; global_colors_info=&#8221;{}&#8221;][et_pb_cta button_url=&#8221;https:\/\/esev.ipv.pt\/es\/escuela\/organos-de-gestion\/#tecnico&#8221; button_text=&#8221;Consejo T\u00e9cnico-Cient\u00edfico&#8221; _builder_version=&#8221;4.21.0&#8243; _module_preset=&#8221;default&#8221; background_image=&#8221;https:\/\/esev.ipv.pt\/wp-content\/uploads\/sites\/9\/2023\/11\/vista-superior-de-uma-caneta-rollerball-colocada-em-um-pedaco-de-papel-listrado-branco.jpg&#8221; link_option_url=&#8221;https:\/\/esev.ipv.pt\/es\/escuela\/organos-de-gestion\/#tecnico&#8221; locked=&#8221;off&#8221; global_colors_info=&#8221;{}&#8221;][\/et_pb_cta][\/et_pb_column][\/et_pb_row][\/et_pb_section]<\/p>\n","protected":false},"excerpt":{"rendered":"<p>EscuelaAcercaLa Escuela Superior de Educaci\u00f3n de Viseu fue la primera unidad org\u00e1nica de un Instituto Polit\u00e9cnico a funcionar en Portugal. En 1983, los primeros cursos de formaci\u00f3n de profesores comenzaron [&hellip;]<\/p>\n","protected":false},"author":1,"featured_media":0,"parent":0,"menu_order":1,"comment_status":"closed","ping_status":"closed","template":"","meta":{"_et_pb_use_builder":"on","_et_pb_old_content":"","_et_gb_content_width":"","inline_featured_image":false,"_price":"","_stock":"","_tribe_ticket_header":"","_tribe_default_ticket_provider":"","_tribe_ticket_capacity":"0","_ticket_start_date":"","_ticket_end_date":"","_tribe_ticket_show_description":"","_tribe_ticket_show_not_going":false,"_tribe_ticket_use_global_stock":"","_tribe_ticket_global_stock_level":"","_global_stock_mode":"","_global_stock_cap":"","_tribe_rsvp_for_event":"","_tribe_ticket_going_count":"","_tribe_ticket_not_going_count":"","_tribe_tickets_list":"[]","_tribe_ticket_has_attendee_info_fields":false,"footnotes":"","_tec_slr_enabled":"","_tec_slr_layout":""},"class_list":["post-66560","page","type-page","status-publish","hentry"],"publishpress_future_action":{"enabled":false,"date":"2026-04-16 13:10:28","action":"change-status","newStatus":"draft","terms":[],"taxonomy":"translation_priority","extraData":[]},"publishpress_future_workflow_manual_trigger":{"enabledWorkflows":[]},"ticketed":false,"_links":{"self":[{"href":"https:\/\/esev.ipv.pt\/es\/wp-json\/wp\/v2\/pages\/66560","targetHints":{"allow":["GET"]}}],"collection":[{"href":"https:\/\/esev.ipv.pt\/es\/wp-json\/wp\/v2\/pages"}],"about":[{"href":"https:\/\/esev.ipv.pt\/es\/wp-json\/wp\/v2\/types\/page"}],"author":[{"embeddable":true,"href":"https:\/\/esev.ipv.pt\/es\/wp-json\/wp\/v2\/users\/1"}],"replies":[{"embeddable":true,"href":"https:\/\/esev.ipv.pt\/es\/wp-json\/wp\/v2\/comments?post=66560"}],"version-history":[{"count":5,"href":"https:\/\/esev.ipv.pt\/es\/wp-json\/wp\/v2\/pages\/66560\/revisions"}],"predecessor-version":[{"id":89111,"href":"https:\/\/esev.ipv.pt\/es\/wp-json\/wp\/v2\/pages\/66560\/revisions\/89111"}],"wp:attachment":[{"href":"https:\/\/esev.ipv.pt\/es\/wp-json\/wp\/v2\/media?parent=66560"}],"curies":[{"name":"wp","href":"https:\/\/api.w.org\/{rel}","templated":true}]}}