{"id":66561,"date":"2023-11-21T09:54:04","date_gmt":"2023-11-21T08:54:04","guid":{"rendered":"https:\/\/esev.ipv.pt\/escola\/mensagem\/"},"modified":"2026-01-27T15:22:02","modified_gmt":"2026-01-27T14:22:02","slug":"mensaje","status":"publish","type":"page","link":"https:\/\/esev.ipv.pt\/es\/escuela\/mensaje\/","title":{"rendered":"Mensaje"},"content":{"rendered":"<p>[et_pb_section fb_built=&#8221;1&#8243; _builder_version=&#8221;4.27.5&#8243; _module_preset=&#8221;default&#8221; use_background_color_gradient=&#8221;on&#8221; background_color_gradient_stops=&#8221;rgba(0,0,0,0.25) 49%|rgba(0,0,0,0.55) 87%&#8221; background_color_gradient_overlays_image=&#8221;on&#8221; background_image=&#8221;https:\/\/esev.ipv.pt\/wp-content\/uploads\/sites\/9\/2024\/03\/esev_2023.jpg&#8221; min_height=&#8221;500px&#8221; bottom_divider_style=&#8221;asymmetric3&#8243; bottom_divider_color=&#8221;#FFFFFF&#8221; locked=&#8221;off&#8221; global_colors_info=&#8221;{}&#8221;][et_pb_row _builder_version=&#8221;4.27.4&#8243; _module_preset=&#8221;default&#8221; custom_padding=&#8221;99px|10%||10%|false|true&#8221; global_colors_info=&#8221;{}&#8221;][et_pb_column type=&#8221;4_4&#8243; _builder_version=&#8221;4.27.4&#8243; _module_preset=&#8221;default&#8221; global_colors_info=&#8221;{}&#8221;][et_pb_text admin_label=&#8221;Text&#8221; _builder_version=&#8221;4.27.5&#8243; _module_preset=&#8221;9fad50c0-67d8-42e4-a430-bc6a6e5c8bb6&#8243; text_font=&#8221;|800|||||||&#8221; text_font_size=&#8221;60px&#8221; text_line_height=&#8221;64px&#8221; hover_enabled=&#8221;0&#8243; text_font_size_tablet=&#8221;60px&#8221; text_font_size_phone=&#8221;12px&#8221; text_font_size_last_edited=&#8221;on|phone&#8221; header_font_size_phone=&#8221;3rem&#8221; locked=&#8221;off&#8221; global_colors_info=&#8221;{}&#8221; sticky_enabled=&#8221;0&#8243;]Escuela<br \/>\nMensaje[\/et_pb_text][\/et_pb_column][\/et_pb_row][\/et_pb_section][et_pb_section fb_built=&#8221;1&#8243; _builder_version=&#8221;4.21.0&#8243; _module_preset=&#8221;default&#8221; global_colors_info=&#8221;{}&#8221; custom_padding=&#8221;1px|||||&#8221;][et_pb_row _builder_version=&#8221;4.27.4&#8243; _module_preset=&#8221;default&#8221; max_width=&#8221;1920px&#8221; global_colors_info=&#8221;{}&#8221; custom_padding=&#8221;|10%|2px|10%|false|true&#8221;][et_pb_column type=&#8221;4_4&#8243; _builder_version=&#8221;4.21.0&#8243; _module_preset=&#8221;default&#8221; global_colors_info=&#8221;{}&#8221;][et_pb_text _builder_version=&#8221;4.21.0&#8243; _module_preset=&#8221;default&#8221; text_text_color=&#8221;#FD6320&#8243; header_2_font=&#8221;PV Sans Regular||||||||&#8221; header_2_text_color=&#8221;#FD6320&#8243; global_colors_info=&#8221;{}&#8221;]<\/p>\n<h2>Mensaje<\/h2>\n<p>[\/et_pb_text][\/et_pb_column][\/et_pb_row][et_pb_row column_structure=&#8221;1_2,1_2&#8243; use_custom_gutter=&#8221;on&#8221; gutter_width=&#8221;2&#8243; _builder_version=&#8221;4.27.4&#8243; _module_preset=&#8221;default&#8221; max_width=&#8221;1920px&#8221; global_colors_info=&#8221;{}&#8221; custom_padding=&#8221;2px|10%||10%|false|true&#8221;][et_pb_column type=&#8221;1_2&#8243; _builder_version=&#8221;4.21.0&#8243; _module_preset=&#8221;default&#8221; global_colors_info=&#8221;{}&#8221;][et_pb_text _builder_version=&#8221;4.27.4&#8243; _module_preset=&#8221;default&#8221; text_orientation=&#8221;justified&#8221; global_colors_info=&#8221;{}&#8221;]<\/p>\n<p>La Escuela Superior de Educaci\u00f3n de Viseu fue la primera unidad org\u00e1nica de un Instituto Polit\u00e9cnico a funcionar en Portugal. En 1983, los primeros cursos de formaci\u00f3n de profesores comenzaron en la Escuela del Magisterio Primario, una antigua escuela primaria. A\u00fan funcionando en este emblem\u00e1tico edificio de la ciudad de Viseu, la ESEV integra el grupo de cinco unidades org\u00e1nicas que constituyen el Instituto Polit\u00e9cnico de Viseu, asumiendo una vocaci\u00f3n en la formaci\u00f3n cient\u00edfica, cultural, art\u00edstica y t\u00e9cnica de profesionales calificados, en un compromiso con los servicios prestados a la comunidad, la investigaci\u00f3n y la consolidaci\u00f3n de redes de entidades regionales, nacionales e internacionales, en el desarrollo de proyectos y actividades de inter\u00e9s com\u00fan.<\/p>\n<p>El desaf\u00edo de nuevos contextos y paradigmas de formaci\u00f3n en la educaci\u00f3n superior hizo que la Escuela de Educaci\u00f3n se adapte y se desarrolle. Por lo tanto, se adapt\u00f3 al Proceso de Bolonia y diversific\u00f3 su actividad seg\u00fan las necesidades de la comunidad. Su oferta educativa, que integra los cursos de posgrado, 3 cursos t\u00e9cnicos profesionales superiores, 7 cursos de bachillerato (primer ciclo de estudios) y 13 cursos de maestr\u00eda (segundo ciclo de estudios), centrado en la formaci\u00f3n de profesores, base matricial de la Escuela de Educaci\u00f3n, pero tambi\u00e9n en el \u00e1mbito de la educaci\u00f3n social, educaci\u00f3n ambiental, artes de interpretaci\u00f3n, din\u00e1mica cultural, deporte y actividad f\u00edsica, artes y multimedia, estudios de comunicaci\u00f3n social, marketing, publicidad y relaciones p\u00fablicas.<\/p>\n<p>[\/et_pb_text][\/et_pb_column][et_pb_column type=&#8221;1_2&#8243; _builder_version=&#8221;4.21.0&#8243; _module_preset=&#8221;default&#8221; global_colors_info=&#8221;{}&#8221;][et_pb_text _builder_version=&#8221;4.27.4&#8243; _module_preset=&#8221;default&#8221; text_orientation=&#8221;justified&#8221; global_colors_info=&#8221;{}&#8221;]<\/p>\n<p>La ESEV tiene, al largo de los a\u00f1os, colaborado en la formaci\u00f3n del profesorado, coordinando, a nivel regional, varios proyectos y organizando cursos de formaci\u00f3n no graduada, adecuados a las necesidades locales.<\/p>\n<p>La firma de protocolos con agrupaciones de escuelas, ayuntamientos, parroquias, instituciones culturales, prensa y radios, buscando la recepci\u00f3n de estudiantes en formaci\u00f3n y promoviendo la implantaci\u00f3n de asociaciones y proyectos que contribuyen al desarrollo sostenible de la regi\u00f3n donde ESEV est\u00e1 ubicada, ha sido una constante preocupaci\u00f3n. La cooperaci\u00f3n internacional y la movilidad de los estudiantes, el personal y el profesorado tambi\u00e9n se asumen como factores determinantes para la calidad de la ense\u00f1anza y el aprendizaje.<\/p>\n<p>La ESEV tambi\u00e9n valora la promoci\u00f3n de la investigaci\u00f3n y la formaci\u00f3n de su facultad. Muchos de los profesores son miembros del Centro de Estudios en Educaci\u00f3n, Tecnolog\u00edas y Salud (CI&amp;DETS) del Instituto Polit\u00e9cnico de Viseu, un factor decisivo para el desarrollo de la investigaci\u00f3n aplicada a las \u00e1reas de formaci\u00f3n de la Escuela de Educaci\u00f3n.<\/p>\n<p><em>La Presidencia de la ESEV \u2014 31 de mayo de 2017<\/em><\/p>\n<p>[\/et_pb_text][\/et_pb_column][\/et_pb_row][\/et_pb_section]<\/p>\n","protected":false},"excerpt":{"rendered":"<p>Escuela MensajeMensajeLa Escuela Superior de Educaci\u00f3n de Viseu fue la primera unidad org\u00e1nica de un Instituto Polit\u00e9cnico a funcionar en Portugal. En 1983, los primeros cursos de formaci\u00f3n de profesores [&hellip;]<\/p>\n","protected":false},"author":1,"featured_media":0,"parent":66560,"menu_order":0,"comment_status":"closed","ping_status":"closed","template":"","meta":{"_et_pb_use_builder":"on","_et_pb_old_content":"","_et_gb_content_width":"","inline_featured_image":false,"_price":"","_stock":"","_tribe_ticket_header":"","_tribe_default_ticket_provider":"","_tribe_ticket_capacity":"0","_ticket_start_date":"","_ticket_end_date":"","_tribe_ticket_show_description":"","_tribe_ticket_show_not_going":false,"_tribe_ticket_use_global_stock":"","_tribe_ticket_global_stock_level":"","_global_stock_mode":"","_global_stock_cap":"","_tribe_rsvp_for_event":"","_tribe_ticket_going_count":"","_tribe_ticket_not_going_count":"","_tribe_tickets_list":"[]","_tribe_ticket_has_attendee_info_fields":false,"footnotes":"","_tec_slr_enabled":"","_tec_slr_layout":""},"class_list":["post-66561","page","type-page","status-publish","hentry"],"publishpress_future_action":{"enabled":false,"date":"2026-04-17 03:35:32","action":"change-status","newStatus":"draft","terms":[],"taxonomy":"translation_priority","extraData":[]},"publishpress_future_workflow_manual_trigger":{"enabledWorkflows":[]},"ticketed":false,"_links":{"self":[{"href":"https:\/\/esev.ipv.pt\/es\/wp-json\/wp\/v2\/pages\/66561","targetHints":{"allow":["GET"]}}],"collection":[{"href":"https:\/\/esev.ipv.pt\/es\/wp-json\/wp\/v2\/pages"}],"about":[{"href":"https:\/\/esev.ipv.pt\/es\/wp-json\/wp\/v2\/types\/page"}],"author":[{"embeddable":true,"href":"https:\/\/esev.ipv.pt\/es\/wp-json\/wp\/v2\/users\/1"}],"replies":[{"embeddable":true,"href":"https:\/\/esev.ipv.pt\/es\/wp-json\/wp\/v2\/comments?post=66561"}],"version-history":[{"count":4,"href":"https:\/\/esev.ipv.pt\/es\/wp-json\/wp\/v2\/pages\/66561\/revisions"}],"predecessor-version":[{"id":89338,"href":"https:\/\/esev.ipv.pt\/es\/wp-json\/wp\/v2\/pages\/66561\/revisions\/89338"}],"up":[{"embeddable":true,"href":"https:\/\/esev.ipv.pt\/es\/wp-json\/wp\/v2\/pages\/66560"}],"wp:attachment":[{"href":"https:\/\/esev.ipv.pt\/es\/wp-json\/wp\/v2\/media?parent=66561"}],"curies":[{"name":"wp","href":"https:\/\/api.w.org\/{rel}","templated":true}]}}