{"id":66568,"date":"2023-11-21T12:42:50","date_gmt":"2023-11-21T11:42:50","guid":{"rendered":"https:\/\/esev.ipv.pt\/estudar\/pos-graduacoes\/intervencao-psicossocial-com-pessoas-idosas\/"},"modified":"2025-01-22T12:30:31","modified_gmt":"2025-01-22T11:30:31","slug":"intervencion-psicosocial-con-personas-mayores","status":"publish","type":"page","link":"https:\/\/esev.ipv.pt\/es\/estudiar\/cursos-de-postgrado\/intervencion-psicosocial-con-personas-mayores\/","title":{"rendered":"Intervenci\u00f3n Psicosocial con Personas Mayores"},"content":{"rendered":"<p>[et_pb_section fb_built=&#8221;1&#8243; _builder_version=&#8221;4.21.0&#8243; _module_preset=&#8221;52b34cf4-0c34-4695-8546-ed0b4c0e44da&#8221; use_background_color_gradient=&#8221;on&#8221; background_color_gradient_stops=&#8221;rgba(43,46,52,0.43) 0%|rgba(43,46,52,0.43) 100%&#8221; background_color_gradient_overlays_image=&#8221;on&#8221; background_color_gradient_start=&#8221;rgba(43,46,52,0.43)&#8221; background_color_gradient_end=&#8221;rgba(43,46,52,0.43)&#8221; background_image=&#8221;https:\/\/esev.ipv.pt\/wp-content\/uploads\/sites\/9\/2023\/11\/cuidador-de-maos-dadas-mulher-idosa-asiatica-ajuda-e-carro-no-hospital.jpg&#8221; collapsed=&#8221;on&#8221; global_colors_info=&#8221;{}&#8221;][et_pb_row _builder_version=&#8221;4.21.0&#8243; _module_preset=&#8221;b882f85f-d0b0-46d5-8091-b37ad8a25f99&#8243; global_colors_info=&#8221;{}&#8221;][et_pb_column type=&#8221;4_4&#8243; _builder_version=&#8221;4.16&#8243; _module_preset=&#8221;default&#8221; global_colors_info=&#8221;{}&#8221;][et_pb_text admin_label=&#8221;Text&#8221; _builder_version=&#8221;4.21.0&#8243; _module_preset=&#8221;9fad50c0-67d8-42e4-a430-bc6a6e5c8bb6&#8243; text_font=&#8221;|800|||||||&#8221; text_font_size=&#8221;60px&#8221; text_line_height=&#8221;64px&#8221; global_colors_info=&#8221;{}&#8221;]<\/p>\n<h1>Intervenci\u00f3n Psicosocial con Personas Mayores<\/h1>\n<p>[\/et_pb_text][\/et_pb_column][\/et_pb_row][\/et_pb_section][et_pb_section fb_built=&#8221;1&#8243; _builder_version=&#8221;4.21.0&#8243; _module_preset=&#8221;default&#8221; background_color=&#8221;#F2F2F2&#8243; custom_padding=&#8221;0px||0px||true|false&#8221; sticky_position=&#8221;top&#8221; locked=&#8221;off&#8221; global_colors_info=&#8221;{}&#8221;][et_pb_row _builder_version=&#8221;4.21.0&#8243; _module_preset=&#8221;default&#8221; max_width=&#8221;1920px&#8221; custom_padding=&#8221;0px|10%|0px|10%|true|true&#8221; global_colors_info=&#8221;%91%93&#8243;][et_pb_column type=&#8221;4_4&#8243; _builder_version=&#8221;4.21.0&#8243; _module_preset=&#8221;default&#8221; border_width_bottom=&#8221;1px&#8221; border_color_bottom=&#8221;#2B2E34&#8243; global_colors_info=&#8221;{}&#8221;][et_pb_menu menu_id=&#8221;40&#8243; module_class=&#8221;ipv-page-submenu&#8221; _builder_version=&#8221;4.27.4&#8243; _module_preset=&#8221;default&#8221; menu_text_color=&#8221;#2B2E34&#8243; menu_font_size=&#8221;16px&#8221; menu_line_height=&#8221;24px&#8221; background_color=&#8221;RGBA(255,255,255,0)&#8221; custom_padding=&#8221;5px||5px||true|false&#8221; hover_enabled=&#8221;0&#8243; global_colors_info=&#8221;{}&#8221; sticky_enabled=&#8221;0&#8243;][\/et_pb_menu][\/et_pb_column][\/et_pb_row][\/et_pb_section][et_pb_section fb_built=&#8221;1&#8243; admin_label=&#8221;bloco2&#8243; _builder_version=&#8221;4.21.0&#8243; _module_preset=&#8221;4c33c857-96d7-4f33-a60c-78156765ad9e&#8221; background_color=&#8221;#FFFFFF&#8221; collapsed=&#8221;on&#8221; global_colors_info=&#8221;{}&#8221;][et_pb_row column_structure=&#8221;2_3,1_3&#8243; use_custom_gutter=&#8221;on&#8221; gutter_width=&#8221;2&#8243; module_id=&#8221;objetivos&#8221; _builder_version=&#8221;4.27.4&#8243; _module_preset=&#8221;4bbeaf08-d0da-41bb-a6f1-8af3f795f20d&#8221; hover_enabled=&#8221;0&#8243; global_colors_info=&#8221;{}&#8221; max_width=&#8221;1920px&#8221; sticky_enabled=&#8221;0&#8243;][et_pb_column type=&#8221;2_3&#8243; _builder_version=&#8221;4.16&#8243; _module_preset=&#8221;default&#8221; global_colors_info=&#8221;{}&#8221;][et_pb_text _builder_version=&#8221;4.21.0&#8243; _module_preset=&#8221;1b3ce133-bc31-48b5-9ae5-91583293058c&#8221; custom_margin=&#8221;||20px||false|false&#8221; global_colors_info=&#8221;{}&#8221;]<\/p>\n<h2>Presentaci\u00f3n<\/h2>\n<p>El curso de posgrado en intervenci\u00f3n psicosocial con personas mayores se basa en cuatro supuestos fundamentales: (i) el envejecimiento de la poblaci\u00f3n portuguesa; (ii) la falta de respuestas diversas y bien fundamentadas para apoyar el bienestar de las personas mayores; (iii) la necesidad de una formaci\u00f3n superior y especializada de t\u00e9cnicos de intervenci\u00f3n en esta \u00e1rea; (iv) la oferta limitada de capacitaci\u00f3n nacional y regional \/ local, espec\u00edfica para la intervenci\u00f3n psicosocial con personas mayores.<\/p>\n<p>[\/et_pb_text][et_pb_text _builder_version=&#8221;4.21.0&#8243; _module_preset=&#8221;1b3ce133-bc31-48b5-9ae5-91583293058c&#8221; global_colors_info=&#8221;{}&#8221;]<\/p>\n<p>Por lo tanto, este curso tiene como objetivo capacitar a t\u00e9cnicos que desarrollan habilidades para lograr los siguientes objetivos:<\/p>\n<ul>\n<li>Dise\u00f1ar, desarrollar y evaluar proyectos y metodolog\u00edas espec\u00edficas para la intervenci\u00f3n en el envejecimiento;<\/li>\n<li>Desarrollar una cultura de aprendizaje dirigida a la promoci\u00f3n de la salud, el bienestar y la calidad de vida de las personas mayores a nivel personal, familiar, comunitario e institucional;<\/li>\n<li>Promover la creaci\u00f3n de redes y el trabajo en equipo multidisciplinario basado en pol\u00edticas de calidad y la humanizaci\u00f3n de los servicios;<\/li>\n<li>Desarrollar habilidades que permitan la intervenci\u00f3n psicosocial basada en la promoci\u00f3n del envejecimiento positivo, activo, saludable y exitoso.<\/li>\n<\/ul>\n<p>[\/et_pb_text][et_pb_text _builder_version=&#8221;4.21.0&#8243; _module_preset=&#8221;1b3ce133-bc31-48b5-9ae5-91583293058c&#8221; global_colors_info=&#8221;{}&#8221;]<strong>Coordinador:<\/strong> <a href=\"mailto:majoa@esev.ipv.pt\">Profesora Maria Jo\u00e3o Amante<\/a>[\/et_pb_text][et_pb_toggle title=&#8221;Salidas Profesionales&#8221; _builder_version=&#8221;4.21.0&#8243; _module_preset=&#8221;d3f45b1c-8a9b-433c-a2a4-f3c3b1e3447b&#8221; global_colors_info=&#8221;{}&#8221;]T\u00e9cnicos en servicios orientados al apoyo de las personas mayores (hogares de ancianos, residencias, asistencia domiciliaria, guarder\u00edas, universidades para adultos mayores, centros comunitarios, municipios).[\/et_pb_toggle][et_pb_toggle title=&#8221;Plan de Estudios&#8221; disabled_on=&#8221;on|on|on&#8221; _builder_version=&#8221;4.21.0&#8243; _module_preset=&#8221;7bdd8cac-8029-4319-b397-508a8694f96d&#8221; disabled=&#8221;on&#8221; global_colors_info=&#8221;{}&#8221;][\/et_pb_toggle][et_pb_toggle title=&#8221;Aplicaciones&#8221; _builder_version=&#8221;4.21.0&#8243; _module_preset=&#8221;7bdd8cac-8029-4319-b397-508a8694f96d&#8221; global_colors_info=&#8221;{}&#8221;]En breve se dar\u00e1n indicaciones sobre un nuevo per\u00edodo de candidaturas.[\/et_pb_toggle][\/et_pb_column][et_pb_column type=&#8221;1_3&#8243; _builder_version=&#8221;4.16&#8243; _module_preset=&#8221;default&#8221; global_colors_info=&#8221;{}&#8221;][et_pb_text _builder_version=&#8221;4.21.0&#8243; _module_preset=&#8221;1b3ce133-bc31-48b5-9ae5-91583293058c&#8221; link_font=&#8221;PV Sans Regular||||on|||#96353C|&#8221; global_colors_info=&#8221;{}&#8221;]<\/p>\n<p><strong>Curso:<\/strong><br \/>Intervenci\u00f3n Psicosocial con Personas Mayores<\/p>\n<p><strong>Grado:<\/strong><br \/>Cursos de Postgrado<\/p>\n<p><strong>Duraci\u00f3n:<\/strong><br \/>1 a\u00f1o acad\u00e9mico \/ 2 semestres<\/p>\n<p><strong>Coordinador:<\/strong><br \/><span style=\"color: #339966\"><a href=\"mailto:majoa@esev.ipv.pt\">Profesora Maria Jo\u00e3o Amante<\/a><\/span><\/p>\n<p>[\/et_pb_text][\/et_pb_column][\/et_pb_row][\/et_pb_section]<\/p>\n","protected":false},"excerpt":{"rendered":"<p>Intervenci\u00f3n Psicosocial con Personas MayoresPresentaci\u00f3n El curso de posgrado en intervenci\u00f3n psicosocial con personas mayores se basa en cuatro supuestos fundamentales: (i) el envejecimiento de la poblaci\u00f3n portuguesa; (ii) la [&hellip;]<\/p>\n","protected":false},"author":1,"featured_media":0,"parent":66564,"menu_order":0,"comment_status":"closed","ping_status":"closed","template":"","meta":{"_et_pb_use_builder":"on","_et_pb_old_content":"","_et_gb_content_width":"","inline_featured_image":false,"_price":"","_stock":"","_tribe_ticket_header":"","_tribe_default_ticket_provider":"","_tribe_ticket_capacity":"0","_ticket_start_date":"","_ticket_end_date":"","_tribe_ticket_show_description":"","_tribe_ticket_show_not_going":false,"_tribe_ticket_use_global_stock":"","_tribe_ticket_global_stock_level":"","_global_stock_mode":"","_global_stock_cap":"","_tribe_rsvp_for_event":"","_tribe_ticket_going_count":"","_tribe_ticket_not_going_count":"","_tribe_tickets_list":"[]","_tribe_ticket_has_attendee_info_fields":false,"footnotes":"","_tec_slr_enabled":"","_tec_slr_layout":""},"class_list":["post-66568","page","type-page","status-publish","hentry"],"publishpress_future_action":{"enabled":false,"date":"2026-04-24 15:12:46","action":"change-status","newStatus":"draft","terms":[],"taxonomy":"translation_priority","extraData":[]},"publishpress_future_workflow_manual_trigger":{"enabledWorkflows":[]},"ticketed":false,"_links":{"self":[{"href":"https:\/\/esev.ipv.pt\/es\/wp-json\/wp\/v2\/pages\/66568","targetHints":{"allow":["GET"]}}],"collection":[{"href":"https:\/\/esev.ipv.pt\/es\/wp-json\/wp\/v2\/pages"}],"about":[{"href":"https:\/\/esev.ipv.pt\/es\/wp-json\/wp\/v2\/types\/page"}],"author":[{"embeddable":true,"href":"https:\/\/esev.ipv.pt\/es\/wp-json\/wp\/v2\/users\/1"}],"replies":[{"embeddable":true,"href":"https:\/\/esev.ipv.pt\/es\/wp-json\/wp\/v2\/comments?post=66568"}],"version-history":[{"count":5,"href":"https:\/\/esev.ipv.pt\/es\/wp-json\/wp\/v2\/pages\/66568\/revisions"}],"predecessor-version":[{"id":82982,"href":"https:\/\/esev.ipv.pt\/es\/wp-json\/wp\/v2\/pages\/66568\/revisions\/82982"}],"up":[{"embeddable":true,"href":"https:\/\/esev.ipv.pt\/es\/wp-json\/wp\/v2\/pages\/66564"}],"wp:attachment":[{"href":"https:\/\/esev.ipv.pt\/es\/wp-json\/wp\/v2\/media?parent=66568"}],"curies":[{"name":"wp","href":"https:\/\/api.w.org\/{rel}","templated":true}]}}