{"id":66570,"date":"2023-11-21T15:15:22","date_gmt":"2023-11-21T14:15:22","guid":{"rendered":"https:\/\/esev.ipv.pt\/estudar\/ctesp\/apoio-a-infancia\/"},"modified":"2024-04-05T10:03:47","modified_gmt":"2024-04-05T10:03:47","slug":"apoyo-a-la-infancia","status":"publish","type":"page","link":"https:\/\/esev.ipv.pt\/es\/estudiar\/cpyts\/apoyo-a-la-infancia\/","title":{"rendered":"Apoyo a la Infancia"},"content":{"rendered":"<p>[et_pb_section fb_built=&#8221;1&#8243; _builder_version=&#8221;4.21.0&#8243; _module_preset=&#8221;52b34cf4-0c34-4695-8546-ed0b4c0e44da&#8221; use_background_color_gradient=&#8221;on&#8221; background_color_gradient_stops=&#8221;rgba(43,46,52,0.43) 0%|rgba(43,46,52,0.43) 100%&#8221; background_color_gradient_overlays_image=&#8221;on&#8221; background_color_gradient_start=&#8221;rgba(43,46,52,0.43)&#8221; background_color_gradient_end=&#8221;rgba(43,46,52,0.43)&#8221; background_image=&#8221;https:\/\/esev.ipv.pt\/wp-content\/uploads\/sites\/9\/2023\/11\/abstract_1.jpg&#8221; collapsed=&#8221;on&#8221; global_colors_info=&#8221;{}&#8221;][et_pb_row _builder_version=&#8221;4.21.0&#8243; _module_preset=&#8221;b882f85f-d0b0-46d5-8091-b37ad8a25f99&#8243; global_colors_info=&#8221;{}&#8221;][et_pb_column type=&#8221;4_4&#8243; _builder_version=&#8221;4.16&#8243; _module_preset=&#8221;default&#8221; global_colors_info=&#8221;{}&#8221;][et_pb_text admin_label=&#8221;Text&#8221; _builder_version=&#8221;4.21.0&#8243; _module_preset=&#8221;9fad50c0-67d8-42e4-a430-bc6a6e5c8bb6&#8243; text_font=&#8221;|800|||||||&#8221; text_font_size=&#8221;60px&#8221; text_line_height=&#8221;64px&#8221; hover_enabled=&#8221;0&#8243; global_colors_info=&#8221;{}&#8221; sticky_enabled=&#8221;0&#8243;]<\/p>\n<h1>Apoyo a la Infancia<\/h1>\n<p>[\/et_pb_text][\/et_pb_column][\/et_pb_row][\/et_pb_section][et_pb_section fb_built=&#8221;1&#8243; _builder_version=&#8221;4.21.0&#8243; _module_preset=&#8221;default&#8221; background_color=&#8221;#F2F2F2&#8243; custom_padding=&#8221;0px||0px||true|false&#8221; sticky_position=&#8221;top&#8221; locked=&#8221;off&#8221; global_colors_info=&#8221;{}&#8221;][et_pb_row _builder_version=&#8221;4.21.0&#8243; _module_preset=&#8221;default&#8221; max_width=&#8221;1920px&#8221; custom_padding=&#8221;0px|10%|0px|10%|true|true&#8221; global_colors_info=&#8221;%91%93&#8243;][et_pb_column type=&#8221;4_4&#8243; _builder_version=&#8221;4.21.0&#8243; _module_preset=&#8221;default&#8221; border_width_bottom=&#8221;1px&#8221; border_color_bottom=&#8221;#2B2E34&#8243; global_colors_info=&#8221;{}&#8221;][et_pb_menu menu_id=&#8221;12&#8243; module_class=&#8221;ipv-page-submenu&#8221; _builder_version=&#8221;4.21.0&#8243; _module_preset=&#8221;default&#8221; menu_text_color=&#8221;#2B2E34&#8243; menu_font_size=&#8221;16px&#8221; background_color=&#8221;RGBA(255,255,255,0)&#8221; custom_padding=&#8221;5px||5px||true|false&#8221; hover_enabled=&#8221;0&#8243; global_colors_info=&#8221;{}&#8221; menu_line_height=&#8221;24px&#8221; sticky_enabled=&#8221;0&#8243;][\/et_pb_menu][\/et_pb_column][\/et_pb_row][\/et_pb_section][et_pb_section fb_built=&#8221;1&#8243; admin_label=&#8221;bloco2&#8243; _builder_version=&#8221;4.21.0&#8243; _module_preset=&#8221;4c33c857-96d7-4f33-a60c-78156765ad9e&#8221; background_color=&#8221;#FFFFFF&#8221; collapsed=&#8221;on&#8221; global_colors_info=&#8221;{}&#8221;][et_pb_row column_structure=&#8221;2_3,1_3&#8243; use_custom_gutter=&#8221;on&#8221; gutter_width=&#8221;2&#8243; module_id=&#8221;objetivos&#8221; _builder_version=&#8221;4.21.0&#8243; _module_preset=&#8221;4bbeaf08-d0da-41bb-a6f1-8af3f795f20d&#8221; global_colors_info=&#8221;{}&#8221;][et_pb_column type=&#8221;2_3&#8243; _builder_version=&#8221;4.16&#8243; _module_preset=&#8221;default&#8221; global_colors_info=&#8221;{}&#8221;][et_pb_text _builder_version=&#8221;4.21.0&#8243; _module_preset=&#8221;1b3ce133-bc31-48b5-9ae5-91583293058c&#8221; custom_margin=&#8221;||20px||false|false&#8221; hover_enabled=&#8221;0&#8243; global_colors_info=&#8221;{}&#8221; sticky_enabled=&#8221;0&#8243;]<\/p>\n<h2>Presentaci\u00f3n<\/h2>\n<p>El Curso T\u00e9cnico Profesional Superior (CTySP) en Apoyo a la Infancia es parte de un nuevo tipo de educaci\u00f3n superior a corto plazo, correspondiente a una oferta educativa de car\u00e1cter profesional, ubicada en el nivel 5 del Marco Europeo de Cualificaciones para el Aprendizaje Permanente.<\/p>\n<p>A trav\u00e9s de este curso, se lograr\u00e1n dos objetivos importantes: (i) privilegiar la r\u00e1pida integraci\u00f3n de los estudiantes en el mercado laboral; ii) permitir la continuaci\u00f3n de estudios, manteniendo una conexi\u00f3n directa con el primer ciclo de educaci\u00f3n superior (licenciatura\/ grado).<\/p>\n<p>El objetivo del curso es formar t\u00e9cnicos para que asuman, aut\u00f3nomamente o integrados en equipos interdisciplinarios, funciones relacionadas con la orientaci\u00f3n, el apoyo y la supervisi\u00f3n de los ni\u00f1os, que conduzcan a la valoraci\u00f3n de la formaci\u00f3n humana, la promoci\u00f3n del desarrollo personal y social y la adquisici\u00f3n y desarrollo de habilidades, ya sea individualmente o desde un punto de vista grupal.<\/p>\n<p>[\/et_pb_text][et_pb_text _builder_version=&#8221;4.21.0&#8243; _module_preset=&#8221;1b3ce133-bc31-48b5-9ae5-91583293058c&#8221; custom_margin=&#8221;||20px||false|false&#8221; global_colors_info=&#8221;{}&#8221;]<\/p>\n<p>Por lo tanto, es fundamental:<\/p>\n<ul>\n<li>realizar una evaluaci\u00f3n diagn\u00f3stica y continua de las necesidades de desarrollo cognitivo, socio afectivo y psicomotor de los ni\u00f1os, involucrando a los diversos agentes educativos responsables de su educaci\u00f3n y favoreciendo la comunicaci\u00f3n y el intercambio de informaci\u00f3n;<\/li>\n<li>planificar actividades pedag\u00f3gicas, recreativas, extracurriculares y de ocio, especialmente orientadas al desarrollo personal y social del ni\u00f1o;<\/li>\n<li>promover, evaluar y supervisar el impacto de las interacciones y las relaciones interpersonales establecidas entre los miembros de la instituci\u00f3n, las familias y los ni\u00f1os, en el \u00e1mbito de proyectos de vida singulares y colectivos;<\/li>\n<li>implementar, sobre la base de planificaci\u00f3n previa, actividades educativas formales y no formales en escuelas, jardines de infancia, guarder\u00edas, instituciones privadas de solidaridad social y en otras estructuras que apoyen tanto a la escuela como a la familia;<\/li>\n<li>construir y afectar los recursos materiales, f\u00edsicos, log\u00edsticos y de apoyo organizativo a la atenci\u00f3n diaria de los ni\u00f1os, respondiendo a sus necesidades individuales de sue\u00f1o, alimentaci\u00f3n, higiene corporal y promoci\u00f3n de la salud, sociabilidad e interacci\u00f3n con el medioambiente;<\/li>\n<li>planificar, implementar y evaluar planes para la mejora de la acci\u00f3n educativa institucional a la que est\u00e1n conectados formal y profesionalmente, respetando la jerarqu\u00eda funcional.<\/li>\n<\/ul>\n<p>[\/et_pb_text][et_pb_text _builder_version=&#8221;4.21.0&#8243; _module_preset=&#8221;1b3ce133-bc31-48b5-9ae5-91583293058c&#8221; custom_margin=&#8221;||20px||false|false&#8221; global_colors_info=&#8221;{}&#8221;]<\/p>\n<p>Grados en la Escuela Superior de Educaci\u00f3n de Viseu para realizar estudios:<\/p>\n<ul>\n<li>Educaci\u00f3n B\u00e1sica;<\/li>\n<li>Educaci\u00f3n Social.<\/li>\n<\/ul>\n<p>[\/et_pb_text][et_pb_text _builder_version=&#8221;4.21.0&#8243; _module_preset=&#8221;1b3ce133-bc31-48b5-9ae5-91583293058c&#8221; custom_margin=&#8221;||20px||false|false&#8221; global_colors_info=&#8221;{}&#8221;]<\/p>\n<p><strong>Beneficios sociales<\/strong><br \/>Los estudiantes inscritos en el CTySP est\u00e1n cubiertos por beneficios de bienestar directos e indirectos (becas, alojamiento, comidas), en los mismos t\u00e9rminos que los otros estudiantes de educaci\u00f3n superior.<\/p>\n<p>[\/et_pb_text][et_pb_text _builder_version=&#8221;4.21.0&#8243; _module_preset=&#8221;1b3ce133-bc31-48b5-9ae5-91583293058c&#8221; global_colors_info=&#8221;{}&#8221;]<strong>Coordinador:<\/strong> <a href=\"mailto:clacerda@esev.ipv.pt\">Profesora Carla Lacerda<\/a>[\/et_pb_text][et_pb_toggle title=&#8221;Salidas Profesionales&#8221; _builder_version=&#8221;4.21.0&#8243; _module_preset=&#8221;d3f45b1c-8a9b-433c-a2a4-f3c3b1e3447b&#8221; global_colors_info=&#8221;{}&#8221;]<\/p>\n<p>El T\u00e9cnico Superior Profesional de Apoyo a la Infancia puede ejercer funciones en los siguientes \u00e1mbitos de intervenci\u00f3n:<\/p>\n<ul>\n<li>Integraci\u00f3n en servicios de apoyo a la infancia de entidades p\u00fablicas y privadas;<\/li>\n<li>Integraci\u00f3n de equipos multidisciplinarios con funciones educativas orientadas a la infancia en apoyo y cooperaci\u00f3n dentro y fuera del sistema educativo;<\/li>\n<li>Concepci\u00f3n, producci\u00f3n y desarrollo de recursos educativos de apoyo a la infancia;<\/li>\n<li>Apoyo al desarrollo de proyectos educativos que involucren din\u00e1micas de intervenci\u00f3n en el apoyo a la infancia.<\/li>\n<\/ul>\n<p>Ejemplos de instituciones donde el T\u00e9cnico Superior Profesional de Apoyo a la Infancia puede ejercer sus funciones profesionales:<\/p>\n<ul>\n<li>Centros Sociales y Comunitarios;<\/li>\n<li>Ayuntamientos;<\/li>\n<li>Juntas Parroquiales;<\/li>\n<li>Agrupaciones de Escuelas;<\/li>\n<li>Instituciones de Solidaridad Social;<\/li>\n<li>Centros de Educaci\u00f3n Preescolar;<\/li>\n<li>Centro de Actividades de Tiempos Libres;<\/li>\n<li>Secciones de Actividades de Animaci\u00f3n y de Componente de Apoyo a la Familia;<\/li>\n<li>Asociaciones Sociales, Culturales, Deportivas y Recreativas.<\/li>\n<\/ul>\n<p>[\/et_pb_toggle][et_pb_toggle title=&#8221;Plan de Estudios&#8221; disabled_on=&#8221;on|on|on&#8221; _builder_version=&#8221;4.21.0&#8243; _module_preset=&#8221;7bdd8cac-8029-4319-b397-508a8694f96d&#8221; disabled=&#8221;on&#8221; global_colors_info=&#8221;{}&#8221;][\/et_pb_toggle][et_pb_toggle title=&#8221;Aplicaciones&#8221; _builder_version=&#8221;4.21.0&#8243; _module_preset=&#8221;7bdd8cac-8029-4319-b397-508a8694f96d&#8221; global_colors_info=&#8221;{}&#8221;]En breve se dar\u00e1n indicaciones sobre un nuevo per\u00edodo de candidaturas.[\/et_pb_toggle][et_pb_button button_url=&#8221;@ET-DC@eyJkeW5hbWljIjp0cnVlLCJjb250ZW50IjoicG9zdF9saW5rX3VybF9wYWdlIiwic2V0dGluZ3MiOnsicG9zdF9pZCI6IjY3NTY2In19@&#8221; button_text=&#8221;Acreditaci\u00f3n&#8221; _builder_version=&#8221;4.21.0&#8243; _dynamic_attributes=&#8221;button_url&#8221; _module_preset=&#8221;82f08daa-c31c-4bf3-8ae9-caabd3de6ae4&#8243; global_colors_info=&#8221;{}&#8221;][\/et_pb_button][\/et_pb_column][et_pb_column type=&#8221;1_3&#8243; _builder_version=&#8221;4.16&#8243; _module_preset=&#8221;default&#8221; global_colors_info=&#8221;{}&#8221;][et_pb_text _builder_version=&#8221;4.21.0&#8243; _module_preset=&#8221;1b3ce133-bc31-48b5-9ae5-91583293058c&#8221; link_font=&#8221;PV Sans Regular||||on|||#96353C|&#8221; hover_enabled=&#8221;0&#8243; global_colors_info=&#8221;{}&#8221; sticky_enabled=&#8221;0&#8243;]<\/p>\n<p><strong>Curso:<\/strong><br \/>Apoyo a la Infancia<\/p>\n<p><strong>Grado:<\/strong><br \/>Cursos Profesionales T\u00e9cnicos Superiores<\/p>\n<p><strong>Duraci\u00f3n:<\/strong><br \/>2 a\u00f1os acad\u00e9micos \/ 4 semestres<\/p>\n<p><strong>Coordinador:<\/strong><br \/><span style=\"color: #339966;\"><a href=\"mailto:clacerda@esev.ipv.pt\">Profesora Carla Lacerda<\/a><\/span><\/p>\n<p>[\/et_pb_text][\/et_pb_column][\/et_pb_row][\/et_pb_section]<\/p>\n","protected":false},"excerpt":{"rendered":"<p>Apoyo a la InfanciaPresentaci\u00f3n El Curso T\u00e9cnico Profesional Superior (CTySP) en Apoyo a la Infancia es parte de un nuevo tipo de educaci\u00f3n superior a corto plazo, correspondiente a una [&hellip;]<\/p>\n","protected":false},"author":1,"featured_media":0,"parent":66569,"menu_order":0,"comment_status":"closed","ping_status":"closed","template":"","meta":{"_et_pb_use_builder":"on","_et_pb_old_content":"","_et_gb_content_width":"","inline_featured_image":false,"_price":"","_stock":"","_tribe_ticket_header":"","_tribe_default_ticket_provider":"","_tribe_ticket_capacity":"0","_ticket_start_date":"","_ticket_end_date":"","_tribe_ticket_show_description":"","_tribe_ticket_show_not_going":false,"_tribe_ticket_use_global_stock":"","_tribe_ticket_global_stock_level":"","_global_stock_mode":"","_global_stock_cap":"","_tribe_rsvp_for_event":"","_tribe_ticket_going_count":"","_tribe_ticket_not_going_count":"","_tribe_tickets_list":"[]","_tribe_ticket_has_attendee_info_fields":false,"footnotes":"","_tec_slr_enabled":"","_tec_slr_layout":""},"class_list":["post-66570","page","type-page","status-publish","hentry"],"publishpress_future_action":{"enabled":false,"date":"2026-04-15 03:01:28","action":"change-status","newStatus":"draft","terms":[],"taxonomy":"translation_priority","extraData":[]},"publishpress_future_workflow_manual_trigger":{"enabledWorkflows":[]},"ticketed":false,"_links":{"self":[{"href":"https:\/\/esev.ipv.pt\/es\/wp-json\/wp\/v2\/pages\/66570","targetHints":{"allow":["GET"]}}],"collection":[{"href":"https:\/\/esev.ipv.pt\/es\/wp-json\/wp\/v2\/pages"}],"about":[{"href":"https:\/\/esev.ipv.pt\/es\/wp-json\/wp\/v2\/types\/page"}],"author":[{"embeddable":true,"href":"https:\/\/esev.ipv.pt\/es\/wp-json\/wp\/v2\/users\/1"}],"replies":[{"embeddable":true,"href":"https:\/\/esev.ipv.pt\/es\/wp-json\/wp\/v2\/comments?post=66570"}],"version-history":[{"count":8,"href":"https:\/\/esev.ipv.pt\/es\/wp-json\/wp\/v2\/pages\/66570\/revisions"}],"predecessor-version":[{"id":76919,"href":"https:\/\/esev.ipv.pt\/es\/wp-json\/wp\/v2\/pages\/66570\/revisions\/76919"}],"up":[{"embeddable":true,"href":"https:\/\/esev.ipv.pt\/es\/wp-json\/wp\/v2\/pages\/66569"}],"wp:attachment":[{"href":"https:\/\/esev.ipv.pt\/es\/wp-json\/wp\/v2\/media?parent=66570"}],"curies":[{"name":"wp","href":"https:\/\/api.w.org\/{rel}","templated":true}]}}