{"id":66571,"date":"2023-11-21T16:46:07","date_gmt":"2023-11-21T15:46:07","guid":{"rendered":"https:\/\/esev.ipv.pt\/estudar\/ctesp\/producao-nas-artes-do-espectaculo\/"},"modified":"2024-04-05T10:05:39","modified_gmt":"2024-04-05T10:05:39","slug":"produccion-de-artes-escenicas","status":"publish","type":"page","link":"https:\/\/esev.ipv.pt\/es\/estudiar\/cpyts\/produccion-de-artes-escenicas\/","title":{"rendered":"Producci\u00f3n de Artes Esc\u00e9nicas"},"content":{"rendered":"<p>[et_pb_section fb_built=&#8221;1&#8243; _builder_version=&#8221;4.21.0&#8243; _module_preset=&#8221;52b34cf4-0c34-4695-8546-ed0b4c0e44da&#8221; use_background_color_gradient=&#8221;on&#8221; background_color_gradient_stops=&#8221;rgba(43,46,52,0.43) 0%|rgba(43,46,52,0.43) 100%&#8221; background_color_gradient_overlays_image=&#8221;on&#8221; background_color_gradient_start=&#8221;rgba(43,46,52,0.43)&#8221; background_color_gradient_end=&#8221;rgba(43,46,52,0.43)&#8221; background_image=&#8221;https:\/\/esev.ipv.pt\/wp-content\/uploads\/sites\/9\/2023\/11\/cor-rotated.jpg&#8221; collapsed=&#8221;on&#8221; global_colors_info=&#8221;{}&#8221;][et_pb_row _builder_version=&#8221;4.21.0&#8243; _module_preset=&#8221;b882f85f-d0b0-46d5-8091-b37ad8a25f99&#8243; global_colors_info=&#8221;{}&#8221;][et_pb_column type=&#8221;4_4&#8243; _builder_version=&#8221;4.16&#8243; _module_preset=&#8221;default&#8221; global_colors_info=&#8221;{}&#8221;][et_pb_text admin_label=&#8221;Text&#8221; _builder_version=&#8221;4.21.0&#8243; _module_preset=&#8221;9fad50c0-67d8-42e4-a430-bc6a6e5c8bb6&#8243; text_font=&#8221;|800|||||||&#8221; text_font_size=&#8221;60px&#8221; text_line_height=&#8221;64px&#8221; hover_enabled=&#8221;0&#8243; global_colors_info=&#8221;{}&#8221; sticky_enabled=&#8221;0&#8243;]<\/p>\n<h1>Producci\u00f3n de Artes Esc\u00e9nicas<\/h1>\n<p>[\/et_pb_text][\/et_pb_column][\/et_pb_row][\/et_pb_section][et_pb_section fb_built=&#8221;1&#8243; _builder_version=&#8221;4.21.0&#8243; _module_preset=&#8221;default&#8221; background_color=&#8221;#F2F2F2&#8243; custom_padding=&#8221;0px||0px||true|false&#8221; sticky_position=&#8221;top&#8221; locked=&#8221;off&#8221; global_colors_info=&#8221;{}&#8221;][et_pb_row _builder_version=&#8221;4.21.0&#8243; _module_preset=&#8221;default&#8221; max_width=&#8221;1920px&#8221; custom_padding=&#8221;0px|10%|0px|10%|true|true&#8221; global_colors_info=&#8221;%91%93&#8243;][et_pb_column type=&#8221;4_4&#8243; _builder_version=&#8221;4.21.0&#8243; _module_preset=&#8221;default&#8221; border_width_bottom=&#8221;1px&#8221; border_color_bottom=&#8221;#2B2E34&#8243; global_colors_info=&#8221;{}&#8221;][et_pb_menu menu_id=&#8221;12&#8243; module_class=&#8221;ipv-page-submenu&#8221; _builder_version=&#8221;4.21.0&#8243; _module_preset=&#8221;default&#8221; menu_text_color=&#8221;#2B2E34&#8243; menu_font_size=&#8221;16px&#8221; background_color=&#8221;RGBA(255,255,255,0)&#8221; custom_padding=&#8221;5px||5px||true|false&#8221; hover_enabled=&#8221;0&#8243; global_colors_info=&#8221;{}&#8221; menu_line_height=&#8221;24px&#8221; sticky_enabled=&#8221;0&#8243;][\/et_pb_menu][\/et_pb_column][\/et_pb_row][\/et_pb_section][et_pb_section fb_built=&#8221;1&#8243; admin_label=&#8221;bloco2&#8243; _builder_version=&#8221;4.21.0&#8243; _module_preset=&#8221;4c33c857-96d7-4f33-a60c-78156765ad9e&#8221; background_color=&#8221;#FFFFFF&#8221; collapsed=&#8221;on&#8221; global_colors_info=&#8221;{}&#8221;][et_pb_row column_structure=&#8221;2_3,1_3&#8243; use_custom_gutter=&#8221;on&#8221; gutter_width=&#8221;2&#8243; module_id=&#8221;objetivos&#8221; _builder_version=&#8221;4.21.0&#8243; _module_preset=&#8221;4bbeaf08-d0da-41bb-a6f1-8af3f795f20d&#8221; global_colors_info=&#8221;{}&#8221;][et_pb_column type=&#8221;2_3&#8243; _builder_version=&#8221;4.16&#8243; _module_preset=&#8221;default&#8221; global_colors_info=&#8221;{}&#8221;][et_pb_text _builder_version=&#8221;4.21.0&#8243; _module_preset=&#8221;1b3ce133-bc31-48b5-9ae5-91583293058c&#8221; custom_margin=&#8221;||20px||false|false&#8221; hover_enabled=&#8221;0&#8243; global_colors_info=&#8221;{}&#8221; sticky_enabled=&#8221;0&#8243;]<\/p>\n<h2>Presentaci\u00f3n<\/h2>\n<p>El Curso Superior de Profesionales T\u00e9cnicos (CTySP) en Artes Esc\u00e9nicas es parte de un nuevo tipo de educaci\u00f3n superior a corto plazo, correspondiente a una oferta educativa de car\u00e1cter profesional, ubicada en el nivel 5 del Marco Europeo de Cualificaciones para el Aprendizaje Permanente.<\/p>\n<p>A trav\u00e9s de este curso, se lograr\u00e1n dos objetivos importantes: (i) privilegiar la r\u00e1pida integraci\u00f3n de los estudiantes en el mercado laboral; ii) permitir la continuaci\u00f3n de estudios, manteniendo una conexi\u00f3n directa con el primer ciclo de educaci\u00f3n superior (licenciatura\/ grado).<\/p>\n<p>Este curso tiene como objetivo la formaci\u00f3n de profesionales con habilidades t\u00e9cnico-art\u00edsticas, capaces de promover proyectos de intervenci\u00f3n cultural \/ art\u00edstica con diversas funciones en un contexto de producci\u00f3n, ya sea de forma aut\u00f3noma o integrando equipos de trabajo multidisciplinarios. As\u00ed, el perfil formativo se basa en una perspectiva interdisciplinaria, compatible con las demandas actuales en las artes esc\u00e9nicas, dando al alumno an\u00e1lisis y t\u00e9cnicas de creaci\u00f3n art\u00edstica ajustadas al trabajo en \u00e1reas diversificadas, que contemplan la aplicaci\u00f3n de conceptos y pr\u00e1cticas multidisciplinares.<\/p>\n<p>Teniendo esto en cuenta, se espera que el alumno sea capaz de planificar, dise\u00f1ar y ejecutar proyectos que valoren la acci\u00f3n interpretativa, legitimando las expectativas del mercado laboral, as\u00ed como la continuaci\u00f3n de estudios m\u00e1s profundos en t\u00e9rminos de investigaci\u00f3n y teorizaci\u00f3n en esta \u00e1rea.<\/p>\n<p>[\/et_pb_text][et_pb_text _builder_version=&#8221;4.21.0&#8243; _module_preset=&#8221;1b3ce133-bc31-48b5-9ae5-91583293058c&#8221; custom_margin=&#8221;||20px||false|false&#8221; global_colors_info=&#8221;{}&#8221;]<\/p>\n<p>Por lo tanto, es fundamental:<\/p>\n<ul>\n<li>promover y fomentar las actividades recreativas, art\u00edsticas y culturales relacionadas con la producci\u00f3n de eventos en las artes esc\u00e9nicas, ajustadas al contexto en el que se insertan (teatros, museos, centros culturales, espacios al aire libre, etc.);<\/li>\n<li>gestionar y coordinar programas culturales en interconexi\u00f3n con la comunidad circundante, en funci\u00f3n de la promoci\u00f3n cultural local y regional;<\/li>\n<li>implementar la producci\u00f3n de eventos art\u00edsticos y culturales articulando estructuras, procesos, equipos y medios activos de participaci\u00f3n;<\/li>\n<li>dise\u00f1ar programas y acciones culturales para promover el patrimonio art\u00edstico en el intercambio entre las entidades y el p\u00fablico;<\/li>\n<li>desarrollar (como autor, productor o colaborador) proyectos culturales y art\u00edsticos que consoliden pr\u00e1cticas (interpretaci\u00f3n, performance y creaci\u00f3n art\u00edstica) con conocimiento t\u00e9cnico (luz, sonido, imagen, escenograf\u00eda y vestuario);<\/li>\n<li>promover estrategias de intervenci\u00f3n art\u00edstica y cultural especialmente flexibles y adaptables a los diferentes segmentos del p\u00fablico, como respuesta a los nuevos imperativos de la sociedad del espect\u00e1culo.<\/li>\n<\/ul>\n<p>[\/et_pb_text][et_pb_text _builder_version=&#8221;4.21.0&#8243; _module_preset=&#8221;1b3ce133-bc31-48b5-9ae5-91583293058c&#8221; custom_margin=&#8221;||20px||false|false&#8221; global_colors_info=&#8221;{}&#8221;]<\/p>\n<p>Grado en la Escuela Superior de Educaci\u00f3n de Viseu para realizar estudios:<\/p>\n<ul>\n<li>Artes de Performance Cultural<\/li>\n<\/ul>\n<p>[\/et_pb_text][et_pb_text _builder_version=&#8221;4.21.0&#8243; _module_preset=&#8221;1b3ce133-bc31-48b5-9ae5-91583293058c&#8221; custom_margin=&#8221;||20px||false|false&#8221; global_colors_info=&#8221;{}&#8221;]<\/p>\n<p><strong>Beneficios sociales<\/strong><br \/>Los estudiantes inscritos en el CTySP est\u00e1n cubiertos por beneficios de bienestar directos e indirectos (becas, alojamiento, comidas), en los mismos t\u00e9rminos que los otros estudiantes de educaci\u00f3n superior.<\/p>\n<p>[\/et_pb_text][et_pb_text _builder_version=&#8221;4.21.0&#8243; _module_preset=&#8221;1b3ce133-bc31-48b5-9ae5-91583293058c&#8221; global_colors_info=&#8221;{}&#8221;]<strong>Coordinador:<\/strong> <a href=\"mailto:rcavadas@esev.ipv.pt\">Profesor Ricardo Cavadas <\/a>[\/et_pb_text][et_pb_toggle title=&#8221;Salidas Profesionales&#8221; _builder_version=&#8221;4.21.0&#8243; _module_preset=&#8221;d3f45b1c-8a9b-433c-a2a4-f3c3b1e3447b&#8221; global_colors_info=&#8221;{}&#8221;]<\/p>\n<p>Se prev\u00e9 que el T\u00e9cnico Superior Profesional en Producci\u00f3n en las Artes del Espect\u00e1culo venga a ejercer funciones profesionales en \u00e1reas de intervenci\u00f3n art\u00edstico \/ cultural, asociadas a instituciones \/ entidades cuya naturaleza de acci\u00f3n privilegie esas \u00e1reas.<\/p>\n<p>En ese sentido, se potencian diversas tipolog\u00edas de instituciones donde el T\u00e9cnico Superior Profesional formado en Producci\u00f3n en las Artes del Espect\u00e1culo puede ejercer sus funciones profesionales:<\/p>\n<ul>\n<li>Teatros;<\/li>\n<li>Museos;<\/li>\n<li>Asociaciones Culturales, Sociales y Recreativas;<\/li>\n<li>Ayuntamientos;<\/li>\n<li>Instituciones de Solidaridad Social;<\/li>\n<li>Centros Sociales y Comunitarios, etc.<\/li>\n<\/ul>\n<p>[\/et_pb_toggle][et_pb_toggle title=&#8221;Plan de Estudios&#8221; disabled_on=&#8221;on|on|on&#8221; _builder_version=&#8221;4.21.0&#8243; _module_preset=&#8221;7bdd8cac-8029-4319-b397-508a8694f96d&#8221; disabled=&#8221;on&#8221; global_colors_info=&#8221;{}&#8221;][\/et_pb_toggle][et_pb_toggle title=&#8221;Aplicaciones&#8221; _builder_version=&#8221;4.21.0&#8243; _module_preset=&#8221;7bdd8cac-8029-4319-b397-508a8694f96d&#8221; global_colors_info=&#8221;{}&#8221;]En breve se dar\u00e1n indicaciones sobre un nuevo per\u00edodo de candidaturas.[\/et_pb_toggle][et_pb_button button_url=&#8221;https:\/\/esev.ipv.pt\/es\/estudiar\/cpyts\/produccion-de-artes-escenicas\/acreditacion\/&#8221; button_text=&#8221;Acreditaci\u00f3n&#8221; _builder_version=&#8221;4.21.0&#8243; _module_preset=&#8221;82f08daa-c31c-4bf3-8ae9-caabd3de6ae4&#8243; global_colors_info=&#8221;{}&#8221;][\/et_pb_button][\/et_pb_column][et_pb_column type=&#8221;1_3&#8243; _builder_version=&#8221;4.16&#8243; _module_preset=&#8221;default&#8221; global_colors_info=&#8221;{}&#8221;][et_pb_text _builder_version=&#8221;4.21.0&#8243; _module_preset=&#8221;1b3ce133-bc31-48b5-9ae5-91583293058c&#8221; link_font=&#8221;PV Sans Regular||||on|||#96353C|&#8221; hover_enabled=&#8221;0&#8243; global_module=&#8221;67591&#8243; global_colors_info=&#8221;{}&#8221; sticky_enabled=&#8221;0&#8243;]<\/p>\n<p><strong>Curso:<\/strong><br \/>Producci\u00f3n de Artes Esc\u00e9nicas<\/p>\n<p><strong>Grado:<\/strong><br \/>Cursos Profesionales T\u00e9cnicos Superiores<\/p>\n<p><strong>Duraci\u00f3n:<\/strong><br \/>2 a\u00f1os acad\u00e9micos \/ 4 semestres<\/p>\n<p><strong>Coordinador:<\/strong><br \/><a href=\"mailto:rcavadas@esev.ipv.pt\">Profesor Ricardo Cavadas <\/a><\/p>\n<p>[\/et_pb_text][\/et_pb_column][\/et_pb_row][\/et_pb_section]<\/p>\n","protected":false},"excerpt":{"rendered":"<p>Producci\u00f3n de Artes Esc\u00e9nicasPresentaci\u00f3n El Curso Superior de Profesionales T\u00e9cnicos (CTySP) en Artes Esc\u00e9nicas es parte de un nuevo tipo de educaci\u00f3n superior a corto plazo, correspondiente a una oferta [&hellip;]<\/p>\n","protected":false},"author":1,"featured_media":0,"parent":66569,"menu_order":0,"comment_status":"closed","ping_status":"closed","template":"","meta":{"_et_pb_use_builder":"on","_et_pb_old_content":"","_et_gb_content_width":"","inline_featured_image":false,"_price":"","_stock":"","_tribe_ticket_header":"","_tribe_default_ticket_provider":"","_tribe_ticket_capacity":"0","_ticket_start_date":"","_ticket_end_date":"","_tribe_ticket_show_description":"","_tribe_ticket_show_not_going":false,"_tribe_ticket_use_global_stock":"","_tribe_ticket_global_stock_level":"","_global_stock_mode":"","_global_stock_cap":"","_tribe_rsvp_for_event":"","_tribe_ticket_going_count":"","_tribe_ticket_not_going_count":"","_tribe_tickets_list":"[]","_tribe_ticket_has_attendee_info_fields":false,"footnotes":"","_tec_slr_enabled":"","_tec_slr_layout":""},"class_list":["post-66571","page","type-page","status-publish","hentry"],"publishpress_future_action":{"enabled":false,"date":"2026-04-17 19:47:43","action":"change-status","newStatus":"draft","terms":[],"taxonomy":"translation_priority","extraData":[]},"publishpress_future_workflow_manual_trigger":{"enabledWorkflows":[]},"ticketed":false,"_links":{"self":[{"href":"https:\/\/esev.ipv.pt\/es\/wp-json\/wp\/v2\/pages\/66571","targetHints":{"allow":["GET"]}}],"collection":[{"href":"https:\/\/esev.ipv.pt\/es\/wp-json\/wp\/v2\/pages"}],"about":[{"href":"https:\/\/esev.ipv.pt\/es\/wp-json\/wp\/v2\/types\/page"}],"author":[{"embeddable":true,"href":"https:\/\/esev.ipv.pt\/es\/wp-json\/wp\/v2\/users\/1"}],"replies":[{"embeddable":true,"href":"https:\/\/esev.ipv.pt\/es\/wp-json\/wp\/v2\/comments?post=66571"}],"version-history":[{"count":9,"href":"https:\/\/esev.ipv.pt\/es\/wp-json\/wp\/v2\/pages\/66571\/revisions"}],"predecessor-version":[{"id":76925,"href":"https:\/\/esev.ipv.pt\/es\/wp-json\/wp\/v2\/pages\/66571\/revisions\/76925"}],"up":[{"embeddable":true,"href":"https:\/\/esev.ipv.pt\/es\/wp-json\/wp\/v2\/pages\/66569"}],"wp:attachment":[{"href":"https:\/\/esev.ipv.pt\/es\/wp-json\/wp\/v2\/media?parent=66571"}],"curies":[{"name":"wp","href":"https:\/\/api.w.org\/{rel}","templated":true}]}}