{"id":66582,"date":"2023-11-22T10:44:45","date_gmt":"2023-11-22T09:44:45","guid":{"rendered":"https:\/\/esev.ipv.pt\/estudar\/mestrados\/comunicacao-aplicada\/"},"modified":"2024-04-05T10:49:24","modified_gmt":"2024-04-05T10:49:24","slug":"comunicacion-aplicada","status":"publish","type":"page","link":"https:\/\/esev.ipv.pt\/es\/estudiar\/cursos-de-maestria\/comunicacion-aplicada\/","title":{"rendered":"Comunicaci\u00f3n Aplicada"},"content":{"rendered":"<p>[et_pb_section fb_built=&#8221;1&#8243; _builder_version=&#8221;4.21.0&#8243; _module_preset=&#8221;52b34cf4-0c34-4695-8546-ed0b4c0e44da&#8221; use_background_color_gradient=&#8221;on&#8221; background_color_gradient_stops=&#8221;rgba(43,46,52,0.43) 0%|rgba(43,46,52,0.43) 100%&#8221; background_color_gradient_overlays_image=&#8221;on&#8221; background_color_gradient_start=&#8221;rgba(43,46,52,0.43)&#8221; background_color_gradient_end=&#8221;rgba(43,46,52,0.43)&#8221; background_image=&#8221;https:\/\/esev.ipv.pt\/wp-content\/uploads\/sites\/9\/2023\/11\/Comunicacao-Aplicada_1.jpg&#8221; collapsed=&#8221;on&#8221; global_colors_info=&#8221;{}&#8221;][et_pb_row _builder_version=&#8221;4.21.0&#8243; _module_preset=&#8221;b882f85f-d0b0-46d5-8091-b37ad8a25f99&#8243; global_colors_info=&#8221;{}&#8221;][et_pb_column type=&#8221;4_4&#8243; _builder_version=&#8221;4.16&#8243; _module_preset=&#8221;default&#8221; global_colors_info=&#8221;{}&#8221;][et_pb_text admin_label=&#8221;Text&#8221; _builder_version=&#8221;4.21.0&#8243; _module_preset=&#8221;9fad50c0-67d8-42e4-a430-bc6a6e5c8bb6&#8243; text_font=&#8221;|800|||||||&#8221; text_font_size=&#8221;60px&#8221; text_line_height=&#8221;64px&#8221; hover_enabled=&#8221;0&#8243; global_colors_info=&#8221;{}&#8221; sticky_enabled=&#8221;0&#8243;]<\/p>\n<h1>Comunicaci\u00f3n Aplicada<\/h1>\n<p>[\/et_pb_text][\/et_pb_column][\/et_pb_row][\/et_pb_section][et_pb_section fb_built=&#8221;1&#8243; _builder_version=&#8221;4.21.0&#8243; _module_preset=&#8221;default&#8221; background_color=&#8221;#F2F2F2&#8243; custom_padding=&#8221;0px||0px||true|false&#8221; sticky_position=&#8221;top&#8221; locked=&#8221;off&#8221; global_colors_info=&#8221;{}&#8221;][et_pb_row _builder_version=&#8221;4.21.0&#8243; _module_preset=&#8221;default&#8221; max_width=&#8221;1920px&#8221; custom_padding=&#8221;0px|10%|0px|10%|true|true&#8221; global_colors_info=&#8221;%91%93&#8243;][et_pb_column type=&#8221;4_4&#8243; _builder_version=&#8221;4.21.0&#8243; _module_preset=&#8221;default&#8221; border_width_bottom=&#8221;1px&#8221; border_color_bottom=&#8221;#2B2E34&#8243; global_colors_info=&#8221;{}&#8221;][et_pb_menu menu_id=&#8221;12&#8243; module_class=&#8221;ipv-page-submenu&#8221; _builder_version=&#8221;4.21.0&#8243; _module_preset=&#8221;default&#8221; menu_text_color=&#8221;#2B2E34&#8243; menu_font_size=&#8221;16px&#8221; background_color=&#8221;RGBA(255,255,255,0)&#8221; custom_padding=&#8221;5px||5px||true|false&#8221; hover_enabled=&#8221;0&#8243; global_colors_info=&#8221;{}&#8221; menu_line_height=&#8221;24px&#8221; sticky_enabled=&#8221;0&#8243;][\/et_pb_menu][\/et_pb_column][\/et_pb_row][\/et_pb_section][et_pb_section fb_built=&#8221;1&#8243; admin_label=&#8221;bloco2&#8243; _builder_version=&#8221;4.21.0&#8243; _module_preset=&#8221;4c33c857-96d7-4f33-a60c-78156765ad9e&#8221; background_color=&#8221;#FFFFFF&#8221; collapsed=&#8221;on&#8221; global_colors_info=&#8221;{}&#8221;][et_pb_row column_structure=&#8221;2_3,1_3&#8243; use_custom_gutter=&#8221;on&#8221; gutter_width=&#8221;2&#8243; module_id=&#8221;objetivos&#8221; _builder_version=&#8221;4.21.0&#8243; _module_preset=&#8221;4bbeaf08-d0da-41bb-a6f1-8af3f795f20d&#8221; global_colors_info=&#8221;{}&#8221;][et_pb_column type=&#8221;2_3&#8243; _builder_version=&#8221;4.16&#8243; _module_preset=&#8221;default&#8221; global_colors_info=&#8221;{}&#8221;][et_pb_text _builder_version=&#8221;4.21.0&#8243; _module_preset=&#8221;1b3ce133-bc31-48b5-9ae5-91583293058c&#8221; custom_margin=&#8221;||20px||false|false&#8221; hover_enabled=&#8221;0&#8243; global_colors_info=&#8221;{}&#8221; sticky_enabled=&#8221;0&#8243;]<\/p>\n<h2><span class=\"HwtZe\" jsaction=\"mouseup:Sxi9L,BR6jm; mousedown:qjlr0e\" jsname=\"jqKxS\" lang=\"es\"><span jsaction=\"agoMJf:PFBcW;MZfLnc:P7O7bd;nt4Alf:pvnm0e,pfE8Hb,PFBcW;B01qod:dJXsye;H1e5u:iXtTIf;lYIUJf:hij5Wb\" jsname=\"txFAF\" class=\"jCAhz ChMk0b\" jscontroller=\"BiTO4b\"><span class=\"ryNqvb\" jsaction=\"click:E6Tfl,GFf3ac,tMZCfe; contextmenu:Nqw7Te,QP7LD; mouseout:Nqw7Te; mouseover:E6Tfl,c2aHje\" jsname=\"W297wb\">Presentaci\u00f3n<\/span><\/span><\/span><\/h2>\n<p>Los principales objetivos de este m\u00e1ster en Comunicaci\u00f3n Aplicada son:<\/p>\n<ul>\n<li>Promover la capacitaci\u00f3n y la investigaci\u00f3n en el \u00e1rea de las ciencias de la comunicaci\u00f3n;<\/li>\n<li>Formar profesionales e investigadores en los campos de comunicaci\u00f3n estrat\u00e9gica, multimedia y recursos audiovisuales;<\/li>\n<li>Aumentar el conocimiento cient\u00edfico, encontrar y crear oportunidades innovadoras dentro de estrategias de comunicaci\u00f3n integradas;<\/li>\n<li>Desarrollar experiencia en \u00e1reas relacionadas con la sociedad de la informaci\u00f3n y el conocimiento;<\/li>\n<li>Formar profesionales capaces de responder efectivamente a las nuevas demandas en contenido y producci\u00f3n de gesti\u00f3n para diferentes plataformas.<\/li>\n<\/ul>\n<p>[\/et_pb_text][et_pb_toggle title=&#8221;Salidas Profesionales&#8221; _builder_version=&#8221;4.21.0&#8243; _module_preset=&#8221;d3f45b1c-8a9b-433c-a2a4-f3c3b1e3447b&#8221; global_colors_info=&#8221;{}&#8221;]<\/p>\n<p><strong>Rama de Comunicaci\u00f3n Estrat\u00e9gica tiene como objetivo capacitar a profesionales para:<\/strong><\/p>\n<ul>\n<li>Realizar funciones de programaci\u00f3n y producci\u00f3n de contenido relacionadas con la comunicaci\u00f3n institucional;<\/li>\n<li>Administrar comunidades en l\u00ednea;<\/li>\n<li>Proporcionar asesoramiento o asesor\u00eda de comunicaci\u00f3n;<\/li>\n<li>Coordinar actividades de programaci\u00f3n y organizaci\u00f3n de eventos;<\/li>\n<li>Llevar a cabo funciones de contador \/ contador supervisor \/ director contable en agencias de publicidad o comunicaci\u00f3n.<\/li>\n<\/ul>\n<p><strong>Rama Multimedia Interactiva tiene la intenci\u00f3n de capacitar a profesionales para:<\/strong><\/p>\n<ul>\n<li>Realizar funciones en empresas dentro del \u00e1rea multimedia;<\/li>\n<li>Desarrollar actividades de coordinaci\u00f3n para proyectos multimedia interactivos;<\/li>\n<li>Colaborar en el dise\u00f1o y desarrollo de soluciones de comunicaci\u00f3n multimedia;<\/li>\n<li>Realizar funciones de gesti\u00f3n de contenido multimedia para diferentes plataformas.<\/li>\n<\/ul>\n<p><strong>Rama de Comunicaci\u00f3n Audiovisual tiene como objetivo la formaci\u00f3n de profesionales para:<\/strong><\/p>\n<ul>\n<li>Realizar funciones multiprop\u00f3sito dentro del \u00e1rea audiovisual;<\/li>\n<li>Crear contenidos en el \u00e1rea de producci\u00f3n de im\u00e1genes;<\/li>\n<li>Dise\u00f1ar y desarrollar proyectos audiovisuales;<\/li>\n<li>Colaborar en la implementaci\u00f3n y dinamizaci\u00f3n de estrategias de comunicaci\u00f3n audiovisual;<\/li>\n<li>Realizar funciones de cr\u00edtica y an\u00e1lisis sobre comunicaci\u00f3n audiovisual.<\/li>\n<\/ul>\n<p>[\/et_pb_toggle][et_pb_toggle title=&#8221;Plan de Estudios&#8221; disabled_on=&#8221;on|on|on&#8221; _builder_version=&#8221;4.21.0&#8243; _module_preset=&#8221;7bdd8cac-8029-4319-b397-508a8694f96d&#8221; disabled=&#8221;on&#8221; global_colors_info=&#8221;{}&#8221;][\/et_pb_toggle][et_pb_toggle title=&#8221;Aplicaciones&#8221; _builder_version=&#8221;4.21.0&#8243; _module_preset=&#8221;7bdd8cac-8029-4319-b397-508a8694f96d&#8221; global_colors_info=&#8221;{}&#8221;]En breve se dar\u00e1n indicaciones sobre un nuevo per\u00edodo de candidaturas.[\/et_pb_toggle][et_pb_button button_url=&#8221;https:\/\/esev.ipv.pt\/es\/estudiar\/cursos-de-maestria\/comunicacion-aplicada\/acreditacion\/&#8221; button_text=&#8221;Acreditaci\u00f3n&#8221; _builder_version=&#8221;4.21.0&#8243; _module_preset=&#8221;82f08daa-c31c-4bf3-8ae9-caabd3de6ae4&#8243; global_colors_info=&#8221;{}&#8221;][\/et_pb_button][\/et_pb_column][et_pb_column type=&#8221;1_3&#8243; _builder_version=&#8221;4.16&#8243; _module_preset=&#8221;default&#8221; global_colors_info=&#8221;{}&#8221;][et_pb_text _builder_version=&#8221;4.21.0&#8243; _module_preset=&#8221;1b3ce133-bc31-48b5-9ae5-91583293058c&#8221; link_font=&#8221;PV Sans Regular||||on|||#E76B20|&#8221; global_module=&#8221;68050&#8243; global_colors_info=&#8221;{}&#8221;]<\/p>\n<p><strong>Curso:<\/strong><br \/>\nComunica\u00e7\u00e3o Aplicada<\/p>\n<p><strong>Grado:<\/strong><br \/>\nCursos de Maestr\u00eda<\/p>\n<p><strong>Duraci\u00f3n:<\/strong><br \/>\n2 a\u00f1os acad\u00e9micos \/ 4 semestres<\/p>\n<p>[\/et_pb_text][\/et_pb_column][\/et_pb_row][\/et_pb_section]<\/p>\n","protected":false},"excerpt":{"rendered":"<p>Comunicaci\u00f3n AplicadaPresentaci\u00f3n Los principales objetivos de este m\u00e1ster en Comunicaci\u00f3n Aplicada son: Promover la capacitaci\u00f3n y la investigaci\u00f3n en el \u00e1rea de las ciencias de la comunicaci\u00f3n; Formar profesionales e [&hellip;]<\/p>\n","protected":false},"author":1,"featured_media":0,"parent":66581,"menu_order":0,"comment_status":"closed","ping_status":"closed","template":"","meta":{"_et_pb_use_builder":"on","_et_pb_old_content":"","_et_gb_content_width":"","inline_featured_image":false,"_price":"","_stock":"","_tribe_ticket_header":"","_tribe_default_ticket_provider":"","_tribe_ticket_capacity":"0","_ticket_start_date":"","_ticket_end_date":"","_tribe_ticket_show_description":"","_tribe_ticket_show_not_going":false,"_tribe_ticket_use_global_stock":"","_tribe_ticket_global_stock_level":"","_global_stock_mode":"","_global_stock_cap":"","_tribe_rsvp_for_event":"","_tribe_ticket_going_count":"","_tribe_ticket_not_going_count":"","_tribe_tickets_list":"[]","_tribe_ticket_has_attendee_info_fields":false,"footnotes":"","_tec_slr_enabled":"","_tec_slr_layout":""},"class_list":["post-66582","page","type-page","status-publish","hentry"],"publishpress_future_action":{"enabled":false,"date":"2026-04-16 23:20:17","action":"change-status","newStatus":"draft","terms":[],"taxonomy":"translation_priority","extraData":[]},"publishpress_future_workflow_manual_trigger":{"enabledWorkflows":[]},"ticketed":false,"_links":{"self":[{"href":"https:\/\/esev.ipv.pt\/es\/wp-json\/wp\/v2\/pages\/66582","targetHints":{"allow":["GET"]}}],"collection":[{"href":"https:\/\/esev.ipv.pt\/es\/wp-json\/wp\/v2\/pages"}],"about":[{"href":"https:\/\/esev.ipv.pt\/es\/wp-json\/wp\/v2\/types\/page"}],"author":[{"embeddable":true,"href":"https:\/\/esev.ipv.pt\/es\/wp-json\/wp\/v2\/users\/1"}],"replies":[{"embeddable":true,"href":"https:\/\/esev.ipv.pt\/es\/wp-json\/wp\/v2\/comments?post=66582"}],"version-history":[{"count":9,"href":"https:\/\/esev.ipv.pt\/es\/wp-json\/wp\/v2\/pages\/66582\/revisions"}],"predecessor-version":[{"id":76998,"href":"https:\/\/esev.ipv.pt\/es\/wp-json\/wp\/v2\/pages\/66582\/revisions\/76998"}],"up":[{"embeddable":true,"href":"https:\/\/esev.ipv.pt\/es\/wp-json\/wp\/v2\/pages\/66581"}],"wp:attachment":[{"href":"https:\/\/esev.ipv.pt\/es\/wp-json\/wp\/v2\/media?parent=66582"}],"curies":[{"name":"wp","href":"https:\/\/api.w.org\/{rel}","templated":true}]}}