{"id":66585,"date":"2023-11-22T12:02:44","date_gmt":"2023-11-22T11:02:44","guid":{"rendered":"https:\/\/esev.ipv.pt\/estudar\/mestrados\/ensino-de-educacao-visual-e-tecnologica-no-ensino-basico\/"},"modified":"2024-04-05T11:00:24","modified_gmt":"2024-04-05T11:00:24","slug":"ensenanza-de-la-educacion-visual-y-tecnologia-en-la-ensenanza-basica","status":"publish","type":"page","link":"https:\/\/esev.ipv.pt\/es\/estudiar\/cursos-de-maestria\/ensenanza-de-la-educacion-visual-y-tecnologia-en-la-ensenanza-basica\/","title":{"rendered":"Ense\u00f1anza de la Educaci\u00f3n Visual y Tecnolog\u00eda en la Ense\u00f1anza B\u00e1sica"},"content":{"rendered":"<p>[et_pb_section fb_built=&#8221;1&#8243; _builder_version=&#8221;4.21.0&#8243; _module_preset=&#8221;52b34cf4-0c34-4695-8546-ed0b4c0e44da&#8221; use_background_color_gradient=&#8221;on&#8221; background_color_gradient_stops=&#8221;rgba(43,46,52,0.43) 0%|rgba(43,46,52,0.43) 100%&#8221; background_color_gradient_overlays_image=&#8221;on&#8221; background_color_gradient_start=&#8221;rgba(43,46,52,0.43)&#8221; background_color_gradient_end=&#8221;rgba(43,46,52,0.43)&#8221; background_image=&#8221;https:\/\/esev.ipv.pt\/wp-content\/uploads\/sites\/9\/2023\/11\/Ensino-da-Educacao-Visual-e-Tecnologica-no-Ensino-Basico_1-scaled.jpeg&#8221; collapsed=&#8221;on&#8221; global_colors_info=&#8221;{}&#8221;][et_pb_row _builder_version=&#8221;4.21.0&#8243; _module_preset=&#8221;b882f85f-d0b0-46d5-8091-b37ad8a25f99&#8243; global_colors_info=&#8221;{}&#8221;][et_pb_column type=&#8221;4_4&#8243; _builder_version=&#8221;4.16&#8243; _module_preset=&#8221;default&#8221; global_colors_info=&#8221;{}&#8221;][et_pb_text admin_label=&#8221;Text&#8221; _builder_version=&#8221;4.21.0&#8243; _module_preset=&#8221;9fad50c0-67d8-42e4-a430-bc6a6e5c8bb6&#8243; text_font=&#8221;|800|||||||&#8221; text_font_size=&#8221;60px&#8221; text_line_height=&#8221;64px&#8221; hover_enabled=&#8221;0&#8243; global_colors_info=&#8221;{}&#8221; sticky_enabled=&#8221;0&#8243;]<\/p>\n<h1>Ense\u00f1anza de la Educaci\u00f3n Visual y Tecnolog\u00eda en la Ense\u00f1anza B\u00e1sica<\/h1>\n<p>[\/et_pb_text][\/et_pb_column][\/et_pb_row][\/et_pb_section][et_pb_section fb_built=&#8221;1&#8243; _builder_version=&#8221;4.21.0&#8243; _module_preset=&#8221;default&#8221; background_color=&#8221;#F2F2F2&#8243; custom_padding=&#8221;0px||0px||true|false&#8221; sticky_position=&#8221;top&#8221; locked=&#8221;off&#8221; global_colors_info=&#8221;{}&#8221;][et_pb_row _builder_version=&#8221;4.21.0&#8243; _module_preset=&#8221;default&#8221; max_width=&#8221;1920px&#8221; custom_padding=&#8221;0px|10%|0px|10%|true|true&#8221; global_colors_info=&#8221;%91%93&#8243;][et_pb_column type=&#8221;4_4&#8243; _builder_version=&#8221;4.21.0&#8243; _module_preset=&#8221;default&#8221; border_width_bottom=&#8221;1px&#8221; border_color_bottom=&#8221;#2B2E34&#8243; global_colors_info=&#8221;{}&#8221;][et_pb_menu menu_id=&#8221;12&#8243; module_class=&#8221;ipv-page-submenu&#8221; _builder_version=&#8221;4.21.0&#8243; _module_preset=&#8221;default&#8221; menu_text_color=&#8221;#2B2E34&#8243; menu_font_size=&#8221;16px&#8221; background_color=&#8221;RGBA(255,255,255,0)&#8221; custom_padding=&#8221;5px||5px||true|false&#8221; hover_enabled=&#8221;0&#8243; global_colors_info=&#8221;{}&#8221; menu_line_height=&#8221;24px&#8221; sticky_enabled=&#8221;0&#8243;][\/et_pb_menu][\/et_pb_column][\/et_pb_row][\/et_pb_section][et_pb_section fb_built=&#8221;1&#8243; admin_label=&#8221;bloco2&#8243; _builder_version=&#8221;4.21.0&#8243; _module_preset=&#8221;4c33c857-96d7-4f33-a60c-78156765ad9e&#8221; background_color=&#8221;#FFFFFF&#8221; collapsed=&#8221;on&#8221; global_colors_info=&#8221;{}&#8221;][et_pb_row column_structure=&#8221;2_3,1_3&#8243; use_custom_gutter=&#8221;on&#8221; gutter_width=&#8221;2&#8243; module_id=&#8221;objetivos&#8221; _builder_version=&#8221;4.21.0&#8243; _module_preset=&#8221;4bbeaf08-d0da-41bb-a6f1-8af3f795f20d&#8221; global_colors_info=&#8221;{}&#8221;][et_pb_column type=&#8221;2_3&#8243; _builder_version=&#8221;4.16&#8243; _module_preset=&#8221;default&#8221; global_colors_info=&#8221;{}&#8221;][et_pb_text _builder_version=&#8221;4.21.0&#8243; _module_preset=&#8221;1b3ce133-bc31-48b5-9ae5-91583293058c&#8221; custom_margin=&#8221;||20px||false|false&#8221; hover_enabled=&#8221;0&#8243; global_colors_info=&#8221;{}&#8221; sticky_enabled=&#8221;0&#8243;]<\/p>\n<h2>Presentaci\u00f3n<\/h2>\n<p>La transformaci\u00f3n de la estructura de los ciclos de estudio de la educaci\u00f3n superior en el Proceso de Bolonia implica que la cualificaci\u00f3n para la ense\u00f1anza est\u00e9 ahora en el nivel de m\u00e1ster, con el objetivo de mejorar la calidad de la preparaci\u00f3n y el correspondiente estatus socio profesional (Decreto-Ley N\u00ba 43\/2007).<\/p>\n<p>Por lo tanto, este curso de maestr\u00eda en Ense\u00f1anza de la Educaci\u00f3n Visual y Tecnol\u00f3gica en la Ense\u00f1anza B\u00e1sica (5\u00ba y 6\u00ba grados) tiene como objetivo proporcionar una respuesta eficaz a las necesidades de capacitaci\u00f3n derivadas del cambio constante y leg\u00edtimo de los tiempos y la diversidad de la escuela actual. Tambi\u00e9n tiene como objetivo desarrollar el pensamiento cr\u00edtico y reflexivo para una intervenci\u00f3n pedag\u00f3gica adecuada y fomentar un esp\u00edritu abierto a la diversidad cultural, la diferencia social y las dificultades de aprendizaje de los estudiantes.<\/p>\n<p>Por un lado, otorga la calificaci\u00f3n profesional para la ense\u00f1anza de la educaci\u00f3n visual y tecnol\u00f3gica en la educaci\u00f3n b\u00e1sica y, por otro lado, al tiempo que permite la acreditaci\u00f3n de varias UC en el plan de estudios, permite la formaci\u00f3n en el servicio de docentes ya profesionalizados, garantizando aprendizaje a lo largo de toda la vida y actualizaci\u00f3n continua del conocimiento.<\/p>\n<p>[\/et_pb_text][et_pb_text _builder_version=&#8221;4.21.0&#8243; _module_preset=&#8221;default&#8221; global_colors_info=&#8221;{}&#8221;]<\/p>\n<p><strong>Coordinador:<\/strong> <a href=\"mailto:mevt@esev.ipv.pt\">Profesora Ana Souto e Melo<\/a><\/p>\n<p>[\/et_pb_text][et_pb_toggle title=&#8221;Salidas Profesionales&#8221; _builder_version=&#8221;4.21.0&#8243; _module_preset=&#8221;d3f45b1c-8a9b-433c-a2a4-f3c3b1e3447b&#8221; global_colors_info=&#8221;{}&#8221;]La maestr\u00eda en Ense\u00f1anza de la Educaci\u00f3n Visual y Tecnol\u00f3gica en la Ense\u00f1anza B\u00e1sica califica profesionalmente para la ense\u00f1anza de la educaci\u00f3n visual y tecnol\u00f3gica en el 2\u00ba Ciclo de Educaci\u00f3n B\u00e1sica &#8211; 5\u00ba y 6\u00ba grado.[\/et_pb_toggle][et_pb_toggle title=&#8221;Plan de Estudios&#8221; disabled_on=&#8221;on|on|on&#8221; _builder_version=&#8221;4.21.0&#8243; _module_preset=&#8221;7bdd8cac-8029-4319-b397-508a8694f96d&#8221; disabled=&#8221;on&#8221; global_colors_info=&#8221;{}&#8221;][\/et_pb_toggle][et_pb_toggle title=&#8221;Aplicaciones&#8221; _builder_version=&#8221;4.21.0&#8243; _module_preset=&#8221;7bdd8cac-8029-4319-b397-508a8694f96d&#8221; global_colors_info=&#8221;{}&#8221;]En breve se dar\u00e1n indicaciones sobre un nuevo per\u00edodo de candidaturas.[\/et_pb_toggle][et_pb_button button_url=&#8221;https:\/\/esev.ipv.pt\/es\/estudiar\/cursos-de-maestria\/ensenanza-de-la-educacion-visual-y-tecnologia-en-la-ensenanza-basica\/acreditacion\/&#8221; button_text=&#8221;Acreditaci\u00f3n&#8221; _builder_version=&#8221;4.21.0&#8243; _module_preset=&#8221;82f08daa-c31c-4bf3-8ae9-caabd3de6ae4&#8243; global_colors_info=&#8221;{}&#8221;][\/et_pb_button][\/et_pb_column][et_pb_column type=&#8221;1_3&#8243; _builder_version=&#8221;4.16&#8243; _module_preset=&#8221;default&#8221; global_colors_info=&#8221;{}&#8221;][et_pb_text _builder_version=&#8221;4.21.0&#8243; _module_preset=&#8221;1b3ce133-bc31-48b5-9ae5-91583293058c&#8221; link_font=&#8221;PV Sans Regular||||on|||#96353C|&#8221; hover_enabled=&#8221;0&#8243; global_module=&#8221;68044&#8243; global_colors_info=&#8221;{}&#8221; sticky_enabled=&#8221;0&#8243;]<\/p>\n<p><strong>Curso:<\/strong><br \/>Ense\u00f1anza de la Educaci\u00f3n Visual y Tecnolog\u00eda en la Ense\u00f1anza B\u00e1sica<\/p>\n<p><strong>Grado:<\/strong><br \/>Cursos de Maestr\u00eda<\/p>\n<p><strong>Duraci\u00f3n:<\/strong><br \/>2 a\u00f1os acad\u00e9micos \/ 4 semestres<\/p>\n<p><strong>Coordinador:<\/strong><br \/><a href=\"mailto:mevt@esev.ipv.pt\">Profesora Ana Souto e Melo<\/a><\/p>\n<p>[\/et_pb_text][\/et_pb_column][\/et_pb_row][\/et_pb_section]<\/p>\n","protected":false},"excerpt":{"rendered":"<p>Ense\u00f1anza de la Educaci\u00f3n Visual y Tecnolog\u00eda en la Ense\u00f1anza B\u00e1sicaPresentaci\u00f3n La transformaci\u00f3n de la estructura de los ciclos de estudio de la educaci\u00f3n superior en el Proceso de Bolonia [&hellip;]<\/p>\n","protected":false},"author":1,"featured_media":0,"parent":66581,"menu_order":0,"comment_status":"closed","ping_status":"closed","template":"","meta":{"_et_pb_use_builder":"on","_et_pb_old_content":"","_et_gb_content_width":"","inline_featured_image":false,"_price":"","_stock":"","_tribe_ticket_header":"","_tribe_default_ticket_provider":"","_tribe_ticket_capacity":"0","_ticket_start_date":"","_ticket_end_date":"","_tribe_ticket_show_description":"","_tribe_ticket_show_not_going":false,"_tribe_ticket_use_global_stock":"","_tribe_ticket_global_stock_level":"","_global_stock_mode":"","_global_stock_cap":"","_tribe_rsvp_for_event":"","_tribe_ticket_going_count":"","_tribe_ticket_not_going_count":"","_tribe_tickets_list":"[]","_tribe_ticket_has_attendee_info_fields":false,"footnotes":"","_tec_slr_enabled":"","_tec_slr_layout":""},"class_list":["post-66585","page","type-page","status-publish","hentry"],"publishpress_future_action":{"enabled":false,"date":"2026-04-20 23:03:53","action":"change-status","newStatus":"draft","terms":[],"taxonomy":"translation_priority","extraData":[]},"publishpress_future_workflow_manual_trigger":{"enabledWorkflows":[]},"ticketed":false,"_links":{"self":[{"href":"https:\/\/esev.ipv.pt\/es\/wp-json\/wp\/v2\/pages\/66585","targetHints":{"allow":["GET"]}}],"collection":[{"href":"https:\/\/esev.ipv.pt\/es\/wp-json\/wp\/v2\/pages"}],"about":[{"href":"https:\/\/esev.ipv.pt\/es\/wp-json\/wp\/v2\/types\/page"}],"author":[{"embeddable":true,"href":"https:\/\/esev.ipv.pt\/es\/wp-json\/wp\/v2\/users\/1"}],"replies":[{"embeddable":true,"href":"https:\/\/esev.ipv.pt\/es\/wp-json\/wp\/v2\/comments?post=66585"}],"version-history":[{"count":7,"href":"https:\/\/esev.ipv.pt\/es\/wp-json\/wp\/v2\/pages\/66585\/revisions"}],"predecessor-version":[{"id":77017,"href":"https:\/\/esev.ipv.pt\/es\/wp-json\/wp\/v2\/pages\/66585\/revisions\/77017"}],"up":[{"embeddable":true,"href":"https:\/\/esev.ipv.pt\/es\/wp-json\/wp\/v2\/pages\/66581"}],"wp:attachment":[{"href":"https:\/\/esev.ipv.pt\/es\/wp-json\/wp\/v2\/media?parent=66585"}],"curies":[{"name":"wp","href":"https:\/\/api.w.org\/{rel}","templated":true}]}}