{"id":66588,"date":"2023-11-22T12:36:00","date_gmt":"2023-11-22T11:36:00","guid":{"rendered":"https:\/\/esev.ipv.pt\/estudar\/mestrados\/intervencao-psicossocial-com-criancas-e-jovens-em-risco\/"},"modified":"2024-04-05T11:31:18","modified_gmt":"2024-04-05T11:31:18","slug":"intervencion-psicosocial-con-ninos-y-jovenes-en-riesgo","status":"publish","type":"page","link":"https:\/\/esev.ipv.pt\/es\/estudiar\/cursos-de-maestria\/intervencion-psicosocial-con-ninos-y-jovenes-en-riesgo\/","title":{"rendered":"Intervenci\u00f3n Psicosocial con Ni\u00f1os y J\u00f3venes en Riesgo"},"content":{"rendered":"<p>[et_pb_section fb_built=&#8221;1&#8243; _builder_version=&#8221;4.21.0&#8243; _module_preset=&#8221;52b34cf4-0c34-4695-8546-ed0b4c0e44da&#8221; use_background_color_gradient=&#8221;on&#8221; background_color_gradient_stops=&#8221;rgba(43,46,52,0.43) 0%|rgba(43,46,52,0.43) 100%&#8221; background_color_gradient_overlays_image=&#8221;on&#8221; background_color_gradient_start=&#8221;rgba(43,46,52,0.43)&#8221; background_color_gradient_end=&#8221;rgba(43,46,52,0.43)&#8221; background_image=&#8221;https:\/\/esev.ipv.pt\/wp-content\/uploads\/sites\/9\/2023\/11\/Intervencao-Psicossocial-com-Criancas-e-Jovens-em-Risco_1.jpg&#8221; collapsed=&#8221;on&#8221; global_colors_info=&#8221;{}&#8221;][et_pb_row _builder_version=&#8221;4.21.0&#8243; _module_preset=&#8221;b882f85f-d0b0-46d5-8091-b37ad8a25f99&#8243; global_colors_info=&#8221;{}&#8221;][et_pb_column type=&#8221;4_4&#8243; _builder_version=&#8221;4.16&#8243; _module_preset=&#8221;default&#8221; global_colors_info=&#8221;{}&#8221;][et_pb_text admin_label=&#8221;Text&#8221; _builder_version=&#8221;4.21.0&#8243; _module_preset=&#8221;9fad50c0-67d8-42e4-a430-bc6a6e5c8bb6&#8243; text_font=&#8221;|800|||||||&#8221; text_font_size=&#8221;60px&#8221; text_line_height=&#8221;64px&#8221; hover_enabled=&#8221;0&#8243; global_colors_info=&#8221;{}&#8221; sticky_enabled=&#8221;0&#8243;]<\/p>\n<h1>Intervenci\u00f3n Psicosocial con Ni\u00f1os y J\u00f3venes en Riesgo<\/h1>\n<p>[\/et_pb_text][\/et_pb_column][\/et_pb_row][\/et_pb_section][et_pb_section fb_built=&#8221;1&#8243; _builder_version=&#8221;4.21.0&#8243; _module_preset=&#8221;default&#8221; background_color=&#8221;#F2F2F2&#8243; custom_padding=&#8221;0px||0px||true|false&#8221; sticky_position=&#8221;top&#8221; locked=&#8221;off&#8221; global_colors_info=&#8221;{}&#8221;][et_pb_row _builder_version=&#8221;4.21.0&#8243; _module_preset=&#8221;default&#8221; max_width=&#8221;1920px&#8221; custom_padding=&#8221;0px|10%|0px|10%|true|true&#8221; global_colors_info=&#8221;%91%93&#8243;][et_pb_column type=&#8221;4_4&#8243; _builder_version=&#8221;4.21.0&#8243; _module_preset=&#8221;default&#8221; border_width_bottom=&#8221;1px&#8221; border_color_bottom=&#8221;#2B2E34&#8243; global_colors_info=&#8221;{}&#8221;][et_pb_menu menu_id=&#8221;12&#8243; module_class=&#8221;ipv-page-submenu&#8221; _builder_version=&#8221;4.21.0&#8243; _module_preset=&#8221;default&#8221; menu_text_color=&#8221;#2B2E34&#8243; menu_font_size=&#8221;16px&#8221; background_color=&#8221;RGBA(255,255,255,0)&#8221; custom_padding=&#8221;5px||5px||true|false&#8221; hover_enabled=&#8221;0&#8243; global_colors_info=&#8221;{}&#8221; menu_line_height=&#8221;24px&#8221; sticky_enabled=&#8221;0&#8243;][\/et_pb_menu][\/et_pb_column][\/et_pb_row][\/et_pb_section][et_pb_section fb_built=&#8221;1&#8243; admin_label=&#8221;bloco2&#8243; _builder_version=&#8221;4.21.0&#8243; _module_preset=&#8221;4c33c857-96d7-4f33-a60c-78156765ad9e&#8221; background_color=&#8221;#FFFFFF&#8221; collapsed=&#8221;on&#8221; global_colors_info=&#8221;{}&#8221;][et_pb_row column_structure=&#8221;2_3,1_3&#8243; use_custom_gutter=&#8221;on&#8221; gutter_width=&#8221;2&#8243; module_id=&#8221;objetivos&#8221; _builder_version=&#8221;4.21.0&#8243; _module_preset=&#8221;4bbeaf08-d0da-41bb-a6f1-8af3f795f20d&#8221; global_colors_info=&#8221;{}&#8221;][et_pb_column type=&#8221;2_3&#8243; _builder_version=&#8221;4.16&#8243; _module_preset=&#8221;default&#8221; global_colors_info=&#8221;{}&#8221;][et_pb_text _builder_version=&#8221;4.21.0&#8243; _module_preset=&#8221;1b3ce133-bc31-48b5-9ae5-91583293058c&#8221; custom_margin=&#8221;||20px||false|false&#8221; hover_enabled=&#8221;0&#8243; global_colors_info=&#8221;{}&#8221; sticky_enabled=&#8221;0&#8243;]<\/p>\n<h2>Presentaci\u00f3n<\/h2>\n<p>Este m\u00e1ster en Intervenci\u00f3n Psicosocial con Ni\u00f1os y J\u00f3venes en Riesgo ofrece una formaci\u00f3n t\u00e9cnica especializada en el dise\u00f1o, desarrollo y evaluaci\u00f3n de proyectos y metodolog\u00edas de intervenci\u00f3n espec\u00edficas implementadas a trav\u00e9s de medidas destinadas a prevenir y proteger a los ni\u00f1os y j\u00f3venes en situaci\u00f3n de riesgo. El curso presupone el desarrollo de una cultura de aprendizaje orientada a la promoci\u00f3n de la salud, el bienestar y la calidad de vida de ni\u00f1os y j\u00f3venes, a nivel personal, social, familiar e institucional, teniendo como referencia la red y los equipos multidisciplinarios que ayudan a intervenir, de manera razonable, en poblaciones socialmente vulnerables.<\/p>\n<p>[\/et_pb_text][et_pb_text _builder_version=&#8221;4.21.0&#8243; _module_preset=&#8221;default&#8221; global_colors_info=&#8221;{}&#8221;]<\/p>\n<p><strong>Coordinador:<\/strong> <a href=\"mailto:mipcjr@esev.ipv.pt\">Profesora Susana Fonseca<\/a><\/p>\n<p>[\/et_pb_text][et_pb_toggle title=&#8221;Salidas Profesionales&#8221; _builder_version=&#8221;4.21.0&#8243; _module_preset=&#8221;d3f45b1c-8a9b-433c-a2a4-f3c3b1e3447b&#8221; global_colors_info=&#8221;{}&#8221;]<\/p>\n<ul>\n<li>Organizaciones ben\u00e9ficas sociales e instituciones humanitarias, p\u00fablicas o privadas, que apoyan a ni\u00f1os y j\u00f3venes;<\/li>\n<li>Equipos multidisciplinarios que apoyan a ni\u00f1os y j\u00f3venes en riesgo (abandono, exclusi\u00f3n social, abuso infantil, etc.).<\/li>\n<\/ul>\n<p>[\/et_pb_toggle][et_pb_toggle title=&#8221;Plan de Estudios&#8221; disabled_on=&#8221;on|on|on&#8221; _builder_version=&#8221;4.21.0&#8243; _module_preset=&#8221;7bdd8cac-8029-4319-b397-508a8694f96d&#8221; disabled=&#8221;on&#8221; global_colors_info=&#8221;{}&#8221;]<\/p>\n<table class=\"table table-hover\">\n<tbody>\n<tr>\n<th>1\u00ba Ano 1\u00ba Semestre<\/th>\n<th>\u00a0<\/th>\n<th>\u00a0<\/th>\n<th>\u00a0<\/th>\n<th>\u00a0<\/th>\n<\/tr>\n<tr>\n<th>C\u00f3digo<\/th>\n<th>Unidades curriculares<\/th>\n<th>Total<\/th>\n<th>Contacto<\/th>\n<th>ECTS<\/th>\n<th>\u00a0<\/th>\n<\/tr>\n<tr>\n<td>300602<\/td>\n<td><a id=\"lnkbtn1\" class=\"underline\" href=\"DetailCurso.aspx?curso=406986&amp;discp=300602\">Direito da Inclus\u00e3o Social<\/a><\/td>\n<td>162<\/td>\n<td>30<\/td>\n<td>6<\/td>\n<td>\u00a0<\/td>\n<\/tr>\n<tr>\n<td>300604<\/td>\n<td><a id=\"lnkbtn1\" class=\"underline\" href=\"DetailCurso.aspx?curso=406986&amp;discp=300604\">T\u00e9cnicas de Avalia\u00e7\u00e3o e Diagn\u00f3stico Psicossocial<\/a><\/td>\n<td>324<\/td>\n<td>60<\/td>\n<td>12<\/td>\n<td>\u00a0<\/td>\n<\/tr>\n<tr>\n<td>300611<\/td>\n<td><a id=\"lnkbtn1\" class=\"underline\" href=\"DetailCurso.aspx?curso=406986&amp;discp=300611\">Problem\u00e1ticas e Contextos de Risco Infanto-Juvenis<\/a><\/td>\n<td>162<\/td>\n<td>45<\/td>\n<td>6<\/td>\n<td>\u00a0<\/td>\n<\/tr>\n<tr>\n<td>300612<\/td>\n<td><a id=\"lnkbtn1\" class=\"underline\" href=\"DetailCurso.aspx?curso=406986&amp;discp=300612\">Rela\u00e7\u00f5es, Conflitos e Media\u00e7\u00e3o<\/a><\/td>\n<td>162<\/td>\n<td>45<\/td>\n<td>6<\/td>\n<td>\u00a0<\/td>\n<\/tr>\n<\/tbody>\n<\/table>\n<table class=\"table table-hover\">\n<tbody>\n<tr>\n<th>1\u00ba Ano 2\u00ba Semestre<\/th>\n<th>\u00a0<\/th>\n<th>\u00a0<\/th>\n<th>\u00a0<\/th>\n<th>\u00a0<\/th>\n<\/tr>\n<tr>\n<th>C\u00f3digo<\/th>\n<th>Unidades curriculares<\/th>\n<th>Total<\/th>\n<th>Contacto<\/th>\n<th>ECTS<\/th>\n<th>\u00a0<\/th>\n<\/tr>\n<tr>\n<td>300607<\/td>\n<td><a id=\"lnkbtn1\" class=\"underline\" href=\"DetailCurso.aspx?curso=406986&amp;discp=300607\">Interven\u00e7\u00e3o em Situa\u00e7\u00f5es de Risco, Fam\u00edlia e Suporte Social<\/a><\/td>\n<td>162<\/td>\n<td>45<\/td>\n<td>6<\/td>\n<td>\u00a0<\/td>\n<\/tr>\n<tr>\n<td>300613<\/td>\n<td><a id=\"lnkbtn1\" class=\"underline\" href=\"DetailCurso.aspx?curso=406986&amp;discp=300613\">Respostas de Apoio Social para a Inf\u00e2ncia e Juventude<\/a><\/td>\n<td>162<\/td>\n<td>45<\/td>\n<td>6<\/td>\n<td>\u00a0<\/td>\n<\/tr>\n<tr>\n<td>300614<\/td>\n<td><a id=\"lnkbtn1\" class=\"underline\" href=\"DetailCurso.aspx?curso=406986&amp;discp=300614\">Pol\u00edtica Social e Sa\u00fade Infanto-Juvenil<\/a><\/td>\n<td>162<\/td>\n<td>30<\/td>\n<td>6<\/td>\n<td>\u00a0<\/td>\n<\/tr>\n<tr>\n<td>300615<\/td>\n<td><a id=\"lnkbtn1\" class=\"underline\" href=\"DetailCurso.aspx?curso=406986&amp;discp=300615\">Investiga\u00e7\u00e3o em Interven\u00e7\u00e3o Psicossocial<\/a><\/td>\n<td>324<\/td>\n<td>60<\/td>\n<td>12<\/td>\n<td>\u00a0<\/td>\n<\/tr>\n<\/tbody>\n<\/table>\n<table class=\"table table-hover\">\n<tbody>\n<tr>\n<th>2\u00ba Ano Anual<\/th>\n<th>\u00a0<\/th>\n<th>\u00a0<\/th>\n<th>\u00a0<\/th>\n<th>\u00a0<\/th>\n<\/tr>\n<tr>\n<th>C\u00f3digo<\/th>\n<th>Unidades curriculares<\/th>\n<th>Total<\/th>\n<th>Contacto<\/th>\n<th>ECTS<\/th>\n<th>\u00a0<\/th>\n<\/tr>\n<tr>\n<td>300616<\/td>\n<td><a id=\"lnkbtn1\" class=\"underline\" href=\"DetailCurso.aspx?curso=406986&amp;discp=300616\">Semin\u00e1rio de apoio \u00e0 Disserta\u00e7\u00e3o-Projeto-Est\u00e1gio<\/a><\/td>\n<td>405<\/td>\n<td>60<\/td>\n<td>15<\/td>\n<td>300616<\/td>\n<\/tr>\n<tr>\n<td>300617<\/td>\n<td><a id=\"lnkbtn1\" class=\"underline\" href=\"DetailCurso.aspx?curso=406986&amp;discp=300617\">Disserta\u00e7\u00e3o-Projeto-Est\u00e1gio<\/a><\/td>\n<td>1215<\/td>\n<td>30<\/td>\n<td>45<\/td>\n<td>300617<\/td>\n<\/tr>\n<\/tbody>\n<\/table>\n<p><a href=\"https:\/\/esev.ipv.pt\/wp-content\/uploads\/sites\/9\/2023\/11\/intervencao_psicosocial_12_05_20151.pdf\">Despacho n.\u00ba 2959\/2015 (DR n\u00ba 57 de 23 de mar\u00e7o de 2015- 2\u00aa S\u00e9rie)<\/a><\/p>\n<p>Registo n.\u00ba R\/A-Ef 717\/2011\/AL01 em 19\/02\/2015.<\/p>\n<p>[\/et_pb_toggle][et_pb_toggle title=&#8221;Aplicaciones&#8221; _builder_version=&#8221;4.21.0&#8243; _module_preset=&#8221;7bdd8cac-8029-4319-b397-508a8694f96d&#8221; global_colors_info=&#8221;{}&#8221;]En breve se dar\u00e1n indicaciones sobre un nuevo per\u00edodo de candidaturas.[\/et_pb_toggle][et_pb_button button_url=&#8221;https:\/\/esev.ipv.pt\/es\/estudiar\/cursos-de-maestria\/intervencion-psicosocial-con-ninos-y-jovenes-en-riesgo\/acreditacion\/&#8221; button_text=&#8221;Acreditaci\u00f3n&#8221; _builder_version=&#8221;4.21.0&#8243; _module_preset=&#8221;82f08daa-c31c-4bf3-8ae9-caabd3de6ae4&#8243; global_colors_info=&#8221;{}&#8221;][\/et_pb_button][\/et_pb_column][et_pb_column type=&#8221;1_3&#8243; _builder_version=&#8221;4.16&#8243; _module_preset=&#8221;default&#8221; global_colors_info=&#8221;{}&#8221;][et_pb_text _builder_version=&#8221;4.21.0&#8243; _module_preset=&#8221;1b3ce133-bc31-48b5-9ae5-91583293058c&#8221; link_font=&#8221;PV Sans Regular||||on|||#96353C|&#8221; hover_enabled=&#8221;0&#8243; global_module=&#8221;68038&#8243; global_colors_info=&#8221;{}&#8221; sticky_enabled=&#8221;0&#8243;]<\/p>\n<p><strong>Curso:<\/strong><br \/>Intervenci\u00f3n Psicosocial con Ni\u00f1os y J\u00f3venes en Riesgo<\/p>\n<p><strong>Grado:<\/strong><br \/>Cursos de Maestr\u00eda<\/p>\n<p><strong>Duraci\u00f3n:<\/strong><br \/>2 a\u00f1os acad\u00e9micos \/ 4 semestres<\/p>\n<p><strong>Coordinador:<\/strong><br \/><a href=\"mailto:mipcjr@esev.ipv.pt\">Profesora Susana Fonseca<\/a><\/p>\n<p>[\/et_pb_text][\/et_pb_column][\/et_pb_row][\/et_pb_section]<\/p>\n","protected":false},"excerpt":{"rendered":"<p>Intervenci\u00f3n Psicosocial con Ni\u00f1os y J\u00f3venes en RiesgoPresentaci\u00f3n Este m\u00e1ster en Intervenci\u00f3n Psicosocial con Ni\u00f1os y J\u00f3venes en Riesgo ofrece una formaci\u00f3n t\u00e9cnica especializada en el dise\u00f1o, desarrollo y evaluaci\u00f3n [&hellip;]<\/p>\n","protected":false},"author":1,"featured_media":0,"parent":66581,"menu_order":0,"comment_status":"closed","ping_status":"closed","template":"","meta":{"_et_pb_use_builder":"on","_et_pb_old_content":"","_et_gb_content_width":"","inline_featured_image":false,"_price":"","_stock":"","_tribe_ticket_header":"","_tribe_default_ticket_provider":"","_tribe_ticket_capacity":"0","_ticket_start_date":"","_ticket_end_date":"","_tribe_ticket_show_description":"","_tribe_ticket_show_not_going":false,"_tribe_ticket_use_global_stock":"","_tribe_ticket_global_stock_level":"","_global_stock_mode":"","_global_stock_cap":"","_tribe_rsvp_for_event":"","_tribe_ticket_going_count":"","_tribe_ticket_not_going_count":"","_tribe_tickets_list":"[]","_tribe_ticket_has_attendee_info_fields":false,"footnotes":"","_tec_slr_enabled":"","_tec_slr_layout":""},"class_list":["post-66588","page","type-page","status-publish","hentry"],"publishpress_future_action":{"enabled":false,"date":"2026-04-20 14:12:42","action":"change-status","newStatus":"draft","terms":[],"taxonomy":"translation_priority","extraData":[]},"publishpress_future_workflow_manual_trigger":{"enabledWorkflows":[]},"ticketed":false,"_links":{"self":[{"href":"https:\/\/esev.ipv.pt\/es\/wp-json\/wp\/v2\/pages\/66588","targetHints":{"allow":["GET"]}}],"collection":[{"href":"https:\/\/esev.ipv.pt\/es\/wp-json\/wp\/v2\/pages"}],"about":[{"href":"https:\/\/esev.ipv.pt\/es\/wp-json\/wp\/v2\/types\/page"}],"author":[{"embeddable":true,"href":"https:\/\/esev.ipv.pt\/es\/wp-json\/wp\/v2\/users\/1"}],"replies":[{"embeddable":true,"href":"https:\/\/esev.ipv.pt\/es\/wp-json\/wp\/v2\/comments?post=66588"}],"version-history":[{"count":9,"href":"https:\/\/esev.ipv.pt\/es\/wp-json\/wp\/v2\/pages\/66588\/revisions"}],"predecessor-version":[{"id":77037,"href":"https:\/\/esev.ipv.pt\/es\/wp-json\/wp\/v2\/pages\/66588\/revisions\/77037"}],"up":[{"embeddable":true,"href":"https:\/\/esev.ipv.pt\/es\/wp-json\/wp\/v2\/pages\/66581"}],"wp:attachment":[{"href":"https:\/\/esev.ipv.pt\/es\/wp-json\/wp\/v2\/media?parent=66588"}],"curies":[{"name":"wp","href":"https:\/\/api.w.org\/{rel}","templated":true}]}}