{"id":67779,"date":"2024-01-17T15:38:11","date_gmt":"2024-01-17T15:38:11","guid":{"rendered":"https:\/\/esev.ipv.pt\/estudiar\/cursos-de-grado\/educacion-social\/acreditacao\/"},"modified":"2024-04-05T10:40:16","modified_gmt":"2024-04-05T10:40:16","slug":"acreditacion","status":"publish","type":"page","link":"https:\/\/esev.ipv.pt\/es\/estudiar\/cursos-de-grado\/educacion-social\/acreditacion\/","title":{"rendered":"Acreditaci\u00f3n"},"content":{"rendered":"<p>[et_pb_section fb_built=&#8221;1&#8243; _builder_version=&#8221;4.21.0&#8243; _module_preset=&#8221;52b34cf4-0c34-4695-8546-ed0b4c0e44da&#8221; use_background_color_gradient=&#8221;on&#8221; background_color_gradient_stops=&#8221;rgba(43,46,52,0.43) 0%|rgba(43,46,52,0.43) 100%&#8221; background_color_gradient_overlays_image=&#8221;on&#8221; background_color_gradient_start=&#8221;rgba(43,46,52,0.43)&#8221; background_color_gradient_end=&#8221;rgba(43,46,52,0.43)&#8221; background_image=&#8221;https:\/\/esev.ipv.pt\/wp-content\/uploads\/sites\/9\/2023\/11\/Educacao-Social_2-1.jpeg&#8221; collapsed=&#8221;on&#8221; global_colors_info=&#8221;{}&#8221;][et_pb_row _builder_version=&#8221;4.21.0&#8243; _module_preset=&#8221;b882f85f-d0b0-46d5-8091-b37ad8a25f99&#8243; global_colors_info=&#8221;{}&#8221;][et_pb_column type=&#8221;4_4&#8243; _builder_version=&#8221;4.16&#8243; _module_preset=&#8221;default&#8221; global_colors_info=&#8221;{}&#8221;][et_pb_text admin_label=&#8221;Text&#8221; _builder_version=&#8221;4.21.0&#8243; _module_preset=&#8221;9fad50c0-67d8-42e4-a430-bc6a6e5c8bb6&#8243; text_font=&#8221;|800|||||||&#8221; text_font_size=&#8221;60px&#8221; text_line_height=&#8221;64px&#8221; hover_enabled=&#8221;0&#8243; global_colors_info=&#8221;{}&#8221; sticky_enabled=&#8221;0&#8243;]<\/p>\n<h1>Educaci\u00f3n Social<\/h1>\n<h2>Acreditaci\u00f3n<\/h2>\n<p>[\/et_pb_text][\/et_pb_column][\/et_pb_row][\/et_pb_section][et_pb_section fb_built=&#8221;1&#8243; _builder_version=&#8221;4.21.0&#8243; _module_preset=&#8221;default&#8221; background_color=&#8221;#F2F2F2&#8243; custom_padding=&#8221;0px||0px||true|false&#8221; sticky_position=&#8221;top&#8221; locked=&#8221;off&#8221; global_colors_info=&#8221;{}&#8221;][et_pb_row _builder_version=&#8221;4.21.0&#8243; _module_preset=&#8221;default&#8221; max_width=&#8221;1920px&#8221; custom_padding=&#8221;0px|10%|0px|10%|true|true&#8221; global_colors_info=&#8221;%91%93&#8243;][et_pb_column type=&#8221;4_4&#8243; _builder_version=&#8221;4.21.0&#8243; _module_preset=&#8221;default&#8221; border_width_bottom=&#8221;1px&#8221; border_color_bottom=&#8221;#2B2E34&#8243; global_colors_info=&#8221;{}&#8221;][et_pb_menu menu_id=&#8221;12&#8243; module_class=&#8221;ipv-page-submenu&#8221; _builder_version=&#8221;4.21.0&#8243; _module_preset=&#8221;default&#8221; menu_text_color=&#8221;#2B2E34&#8243; menu_font_size=&#8221;16px&#8221; background_color=&#8221;RGBA(255,255,255,0)&#8221; custom_padding=&#8221;5px||5px||true|false&#8221; hover_enabled=&#8221;0&#8243; global_colors_info=&#8221;{}&#8221; menu_line_height=&#8221;24px&#8221; sticky_enabled=&#8221;0&#8243;][\/et_pb_menu][\/et_pb_column][\/et_pb_row][\/et_pb_section][et_pb_section fb_built=&#8221;1&#8243; admin_label=&#8221;bloco2&#8243; _builder_version=&#8221;4.21.0&#8243; _module_preset=&#8221;4c33c857-96d7-4f33-a60c-78156765ad9e&#8221; background_color=&#8221;#FFFFFF&#8221; collapsed=&#8221;on&#8221; global_colors_info=&#8221;{}&#8221;][et_pb_row column_structure=&#8221;2_3,1_3&#8243; use_custom_gutter=&#8221;on&#8221; gutter_width=&#8221;2&#8243; module_id=&#8221;objetivos&#8221; _builder_version=&#8221;4.21.0&#8243; _module_preset=&#8221;4bbeaf08-d0da-41bb-a6f1-8af3f795f20d&#8221; global_colors_info=&#8221;{}&#8221;][et_pb_column type=&#8221;2_3&#8243; _builder_version=&#8221;4.16&#8243; _module_preset=&#8221;default&#8221; global_colors_info=&#8221;{}&#8221;][et_pb_text _builder_version=&#8221;4.21.0&#8243; _module_preset=&#8221;1b3ce133-bc31-48b5-9ae5-91583293058c&#8221; custom_margin=&#8221;||20px||false|false&#8221; hover_enabled=&#8221;0&#8243; global_colors_info=&#8221;{}&#8221; sticky_enabled=&#8221;0&#8243;]<\/p>\n<h2>Acreditaci\u00f3n<\/h2>\n<p>[\/et_pb_text][et_pb_text _builder_version=&#8221;4.21.0&#8243; _module_preset=&#8221;1b3ce133-bc31-48b5-9ae5-91583293058c&#8221; custom_margin=&#8221;||50px||false|false&#8221; hover_enabled=&#8221;0&#8243; global_colors_info=&#8221;{}&#8221; sticky_enabled=&#8221;0&#8243;]<\/p>\n<table border=\"0\" width=\"717\">\n<tbody>\n<caption>Acreditaci\u00f3n<\/caption>\n<tr>\n<th width=\"268\" height=\"40\"><strong>Estado de acreditaci\u00f3n A3ES<\/strong><\/th>\n<th width=\"439\">Acreditada<\/th>\n<\/tr>\n<tr>\n<td width=\"268\" height=\"40\"><strong>Fecha de publicaci\u00f3n de la decisi\u00f3n A3ES<\/strong><\/td>\n<td>06 de junio de 2016<\/td>\n<\/tr>\n<tr>\n<td width=\"268\" height=\"40\"><strong>N\u00famero de a\u00f1os acreditado<\/strong><\/td>\n<td>6<\/td>\n<\/tr>\n<tr>\n<td width=\"268\" height=\"40\"><strong>Delibera\u00e7\u00e3o da a3es<\/strong><\/td>\n<td><a href=\"https:\/\/www.a3es.pt\/pt\/resultados-acreditacao\/9084-educacao-social-1\" target=\"_blank\" rel=\"noopener\">https:\/\/www.a3es.pt\/pt\/resultados-acreditacao\/9084-educacao-social-1<\/a><\/td>\n<\/tr>\n<tr>\n<td width=\"268\" height=\"40\"><strong>Acreditaci\u00f3n<\/strong><\/td>\n<td><a href=\"https:\/\/esev.ipv.pt\/wp-content\/uploads\/sites\/9\/2023\/11\/ACEF_2021_0419062_acef_2020_2021_dec_fin_ca.pdf\"><img loading=\"lazy\" decoding=\"async\" class=\"wp-image-58972 alignnone size-full\" src=\"https:\/\/esev.ipv.pt\/wp-content\/uploads\/sites\/9\/2023\/11\/logo_pdf-1.png\" alt=\"Ver PDF Acreditaci\u00f3n\" width=\"35\" height=\"36\" \/><\/a><\/td>\n<\/tr>\n<tr>\n<td width=\"268\" height=\"40\"><strong>Gu\u00eda de autoevaluaci\u00f3n<\/strong><\/td>\n<td><a href=\"https:\/\/esev.ipv.pt\/wp-content\/uploads\/sites\/9\/2023\/11\/EDUCACAO_SOCIAL_ACEF_2021_041906.pdf\"><img loading=\"lazy\" decoding=\"async\" class=\"wp-image-58972 alignnone size-full\" src=\"https:\/\/esev.ipv.pt\/wp-content\/uploads\/sites\/9\/2023\/11\/logo_pdf-1.png\" alt=\"Ver PDF Gu\u00eda de autoevaluaci\u00f3n\" width=\"35\" height=\"36\" \/><\/a><\/td>\n<\/tr>\n<tr>\n<td width=\"268\" height=\"40\"><strong>Informe de evaluaci\u00f3n externa<\/strong><\/td>\n<td><a href=\"https:\/\/esev.ipv.pt\/wp-content\/uploads\/sites\/9\/2023\/11\/ACEF_2021_0419062_acef_2020_2021_aacef.pdf\"><img loading=\"lazy\" decoding=\"async\" class=\"wp-image-58972 alignnone size-full\" src=\"https:\/\/esev.ipv.pt\/wp-content\/uploads\/sites\/9\/2023\/11\/logo_pdf-1.png\" alt=\"Ver PDF Informe de evaluaci\u00f3n externa\" width=\"35\" height=\"36\" \/><\/a><\/td>\n<\/tr>\n<tr>\n<td width=\"268\" height=\"40\"><strong>Informes del curso<\/strong><\/p>\n<p>&nbsp;<\/p>\n<p>&nbsp;<\/p>\n<p>&nbsp;<\/td>\n<td><a href=\"https:\/\/esev.ipv.pt\/wp-content\/uploads\/sites\/9\/2023\/11\/202122_409084_privada.pdf\" target=\"_blank\" rel=\"noopener\">2021\/2022<\/a><\/p>\n<p><a href=\"https:\/\/esev.ipv.pt\/wp-content\/uploads\/sites\/9\/2023\/11\/RAC_ES_20_21.pdf\" target=\"_blank\" rel=\"noopener\">2020\/2021<\/a><\/p>\n<p><a href=\"https:\/\/esev.ipv.pt\/wp-content\/uploads\/sites\/9\/2023\/11\/RelatorioCursoEducacaoSocial2019-2020Final_.pdf\" target=\"_blank\" rel=\"noopener\">2019\/2020<\/a><\/p>\n<p><a href=\"https:\/\/esev.ipv.pt\/wp-content\/uploads\/sites\/9\/2023\/11\/RELATORIO_CURSO_ES_2018-2019.pdf\" target=\"_blank\" rel=\"noopener\">2018\/2019<\/a><\/p>\n<p><a href=\"https:\/\/esev.ipv.pt\/wp-content\/uploads\/sites\/9\/2023\/11\/Relatoorio_de_AA_Educacao_Social_2017-2018_FINAL.pdf\" target=\"_blank\" rel=\"noopener\">2017\/2018<\/a><\/td>\n<\/tr>\n<tr>\n<td width=\"268\" height=\"40\"><strong>Empregabilidade<\/strong><\/td>\n<td><a href=\"http:\/\/infocursos.mec.pt\/dges.asp?code=3181&amp;codc=9084\" target=\"_blank\" rel=\"noopener\">InfoCursos<\/a> ou <a href=\"http:\/\/www.dgeec.mec.pt\/np4\/92\" target=\"_blank\" rel=\"noopener\">DGEEC <\/a>ou <a href=\"https:\/\/esev.ipv.pt\/wp-content\/uploads\/sites\/9\/2023\/11\/ES_Estatisticas.pdf\"><img loading=\"lazy\" decoding=\"async\" class=\"wp-image-58972 alignnone size-full\" src=\"https:\/\/esev.ipv.pt\/wp-content\/uploads\/sites\/9\/2023\/11\/logo_pdf-1.png\" alt=\"Ver PDF Empregabilidade\" width=\"35\" height=\"36\" \/><\/a><\/td>\n<\/tr>\n<\/tbody>\n<\/table>\n<p>[\/et_pb_text][et_pb_button button_url=&#8221;https:\/\/esev.ipv.pt\/es\/estudiar\/cursos-de-grado\/educacion-social\/&#8221; button_text=&#8221;Salidas Profesionales&#8221; _builder_version=&#8221;4.21.0&#8243; _module_preset=&#8221;82f08daa-c31c-4bf3-8ae9-caabd3de6ae4&#8243; global_colors_info=&#8221;{}&#8221;][\/et_pb_button][et_pb_button button_url=&#8221;https:\/\/esev.ipv.pt\/es\/estudiar\/cursos-de-grado\/educacion-social\/&#8221; button_text=&#8221;Aplicaciones&#8221; _builder_version=&#8221;4.21.0&#8243; _module_preset=&#8221;82f08daa-c31c-4bf3-8ae9-caabd3de6ae4&#8243; global_colors_info=&#8221;{}&#8221;][\/et_pb_button][\/et_pb_column][et_pb_column type=&#8221;1_3&#8243; _builder_version=&#8221;4.16&#8243; _module_preset=&#8221;default&#8221; global_colors_info=&#8221;{}&#8221;][et_pb_text _builder_version=&#8221;4.21.0&#8243; _module_preset=&#8221;1b3ce133-bc31-48b5-9ae5-91583293058c&#8221; link_font=&#8221;PV Sans Regular||||on|||#96353C|&#8221; hover_enabled=&#8221;0&#8243; global_module=&#8221;67728&#8243; saved_tabs=&#8221;all&#8221; global_colors_info=&#8221;{}&#8221; sticky_enabled=&#8221;0&#8243;]<\/p>\n<p><strong>Curso:<\/strong><br \/>Educaci\u00f3n Social<\/p>\n<p><strong>Grado:<\/strong><br \/>Cursos de Grado<\/p>\n<p><strong>Duraci\u00f3n:<\/strong><br \/>3 a\u00f1os acad\u00e9micos \/ 6 semestres<\/p>\n<p><strong>Coordinador:<\/strong><br \/><a href=\"mailto:es@esev.ipv.pt\">Profesora Rosina Fernandes<\/a><\/p>\n<p>[\/et_pb_text][\/et_pb_column][\/et_pb_row][\/et_pb_section]<\/p>\n","protected":false},"excerpt":{"rendered":"<p>Educaci\u00f3n Social Acreditaci\u00f3nAcreditaci\u00f3n Acreditaci\u00f3n Estado de acreditaci\u00f3n A3ES Acreditada Fecha de publicaci\u00f3n de la decisi\u00f3n A3ES 06 de junio de 2016 N\u00famero de a\u00f1os acreditado 6 Delibera\u00e7\u00e3o da a3es https:\/\/www.a3es.pt\/pt\/resultados-acreditacao\/9084-educacao-social-1 [&hellip;]<\/p>\n","protected":false},"author":1,"featured_media":0,"parent":66579,"menu_order":0,"comment_status":"closed","ping_status":"closed","template":"","meta":{"_et_pb_use_builder":"on","_et_pb_old_content":"","_et_gb_content_width":"","inline_featured_image":false,"_price":"","_stock":"","_tribe_ticket_header":"","_tribe_default_ticket_provider":"","_tribe_ticket_capacity":"0","_ticket_start_date":"","_ticket_end_date":"","_tribe_ticket_show_description":"","_tribe_ticket_show_not_going":false,"_tribe_ticket_use_global_stock":"","_tribe_ticket_global_stock_level":"","_global_stock_mode":"","_global_stock_cap":"","_tribe_rsvp_for_event":"","_tribe_ticket_going_count":"","_tribe_ticket_not_going_count":"","_tribe_tickets_list":"[]","_tribe_ticket_has_attendee_info_fields":false,"footnotes":"","_tec_slr_enabled":"","_tec_slr_layout":""},"class_list":["post-67779","page","type-page","status-publish","hentry"],"publishpress_future_action":{"enabled":false,"date":"2026-04-13 14:55:55","action":"change-status","newStatus":"draft","terms":[],"taxonomy":"translation_priority","extraData":[]},"publishpress_future_workflow_manual_trigger":{"enabledWorkflows":[]},"ticketed":false,"_links":{"self":[{"href":"https:\/\/esev.ipv.pt\/es\/wp-json\/wp\/v2\/pages\/67779","targetHints":{"allow":["GET"]}}],"collection":[{"href":"https:\/\/esev.ipv.pt\/es\/wp-json\/wp\/v2\/pages"}],"about":[{"href":"https:\/\/esev.ipv.pt\/es\/wp-json\/wp\/v2\/types\/page"}],"author":[{"embeddable":true,"href":"https:\/\/esev.ipv.pt\/es\/wp-json\/wp\/v2\/users\/1"}],"replies":[{"embeddable":true,"href":"https:\/\/esev.ipv.pt\/es\/wp-json\/wp\/v2\/comments?post=67779"}],"version-history":[{"count":4,"href":"https:\/\/esev.ipv.pt\/es\/wp-json\/wp\/v2\/pages\/67779\/revisions"}],"predecessor-version":[{"id":76981,"href":"https:\/\/esev.ipv.pt\/es\/wp-json\/wp\/v2\/pages\/67779\/revisions\/76981"}],"up":[{"embeddable":true,"href":"https:\/\/esev.ipv.pt\/es\/wp-json\/wp\/v2\/pages\/66579"}],"wp:attachment":[{"href":"https:\/\/esev.ipv.pt\/es\/wp-json\/wp\/v2\/media?parent=67779"}],"curies":[{"name":"wp","href":"https:\/\/api.w.org\/{rel}","templated":true}]}}