{"id":89136,"date":"2023-11-21T10:12:55","date_gmt":"2023-11-21T09:12:55","guid":{"rendered":"https:\/\/esev.ipv.pt\/centro-de-investigacion\/"},"modified":"2026-01-26T17:11:18","modified_gmt":"2026-01-26T16:11:18","slug":"centro-de-investigacion","status":"publish","type":"page","link":"https:\/\/esev.ipv.pt\/es\/centro-de-investigacion\/","title":{"rendered":"Centro de Investigaci\u00f3n"},"content":{"rendered":"<p>[et_pb_section fb_built=&#8221;1&#8243; _builder_version=&#8221;4.27.5&#8243; _module_preset=&#8221;default&#8221; use_background_color_gradient=&#8221;on&#8221; background_color_gradient_stops=&#8221;rgba(0,0,0,0.25) 49%|rgba(0,0,0,0.55) 87%&#8221; background_color_gradient_overlays_image=&#8221;on&#8221; background_image=&#8221;https:\/\/esev.ipv.pt\/wp-content\/uploads\/sites\/9\/2023\/11\/construcao-abstrata-vermelha-e-ceu-azul.jpg&#8221; min_height=&#8221;500px&#8221; bottom_divider_style=&#8221;asymmetric3&#8243; bottom_divider_color=&#8221;#FFFFFF&#8221; locked=&#8221;off&#8221; global_colors_info=&#8221;{}&#8221;][et_pb_row _builder_version=&#8221;4.27.4&#8243; _module_preset=&#8221;default&#8221; custom_padding=&#8221;99px|10%||10%|false|true&#8221; global_colors_info=&#8221;{}&#8221;][et_pb_column type=&#8221;4_4&#8243; _builder_version=&#8221;4.27.4&#8243; _module_preset=&#8221;default&#8221; global_colors_info=&#8221;{}&#8221;][et_pb_text admin_label=&#8221;Text&#8221; _builder_version=&#8221;4.27.5&#8243; _module_preset=&#8221;9fad50c0-67d8-42e4-a430-bc6a6e5c8bb6&#8243; text_font=&#8221;|800|||||||&#8221; text_font_size=&#8221;3.3rem&#8221; text_line_height=&#8221;4rem&#8221; header_font_size=&#8221;3rem&#8221; text_font_size_tablet=&#8221;60px&#8221; text_font_size_phone=&#8221;12px&#8221; text_font_size_last_edited=&#8221;on|phone&#8221; header_font_size_phone=&#8221;3rem&#8221; locked=&#8221;off&#8221; global_colors_info=&#8221;{}&#8221;]Investigaci\u00f3n<br \/>\nCentro de Investigaci\u00f3n[\/et_pb_text][\/et_pb_column][\/et_pb_row][\/et_pb_section][et_pb_section fb_built=&#8221;1&#8243; module_id=&#8221;centros&#8221; _builder_version=&#8221;4.21.0&#8243; _module_preset=&#8221;default&#8221; background_color=&#8221;#FFFFFF&#8221; custom_padding=&#8221;80px|||||&#8221; locked=&#8221;off&#8221; global_colors_info=&#8221;{}&#8221;][et_pb_row column_structure=&#8221;1_4,1_4,1_4,1_4&#8243; use_custom_gutter=&#8221;on&#8221; _builder_version=&#8221;4.27.4&#8243; _module_preset=&#8221;default&#8221; max_width=&#8221;1920px&#8221; custom_padding=&#8221;2px|10%||10%|false|true&#8221; locked=&#8221;off&#8221; global_colors_info=&#8221;{}&#8221;][et_pb_column type=&#8221;1_4&#8243; _builder_version=&#8221;4.21.0&#8243; _module_preset=&#8221;default&#8221; global_colors_info=&#8221;{}&#8221;][et_pb_cta button_url=&#8221;https:\/\/events.ipv.pt\/cidei\/&#8221; url_new_window=&#8221;on&#8221; button_text=&#8221;CI&amp;DEI&#8221; _builder_version=&#8221;4.27.4&#8243; _module_preset=&#8221;default&#8221; background_image=&#8221;https:\/\/esev.ipv.pt\/wp-content\/uploads\/sites\/9\/2023\/11\/Proj.webp&#8221; link_option_url=&#8221;https:\/\/events.ipv.pt\/cidei\/&#8221; link_option_url_new_window=&#8221;on&#8221; locked=&#8221;off&#8221; global_colors_info=&#8221;{}&#8221;][\/et_pb_cta][\/et_pb_column][et_pb_column type=&#8221;1_4&#8243; _builder_version=&#8221;4.21.0&#8243; _module_preset=&#8221;default&#8221; global_colors_info=&#8221;{}&#8221;][et_pb_cta button_url=&#8221;https:\/\/events.ipv.pt\/cised\/&#8221; button_text=&#8221;CISeD&#8221; _builder_version=&#8221;4.27.4&#8243; _module_preset=&#8221;default&#8221; background_image=&#8221;https:\/\/esev.ipv.pt\/wp-content\/uploads\/sites\/9\/2023\/11\/Linv.webp&#8221; link_option_url=&#8221;https:\/\/events.ipv.pt\/cised\/&#8221; locked=&#8221;off&#8221; global_colors_info=&#8221;{}&#8221;][\/et_pb_cta][\/et_pb_column][et_pb_column type=&#8221;1_4&#8243; _builder_version=&#8221;4.27.4&#8243; _module_preset=&#8221;default&#8221; global_colors_info=&#8221;{}&#8221;][et_pb_cta button_url=&#8221;https:\/\/events.ipv.pt\/uicisa\/&#8221; url_new_window=&#8221;on&#8221; button_text=&#8221;UICISA&#8221; _builder_version=&#8221;4.27.4&#8243; _module_preset=&#8221;default&#8221; background_image=&#8221;https:\/\/esev.ipv.pt\/wp-content\/uploads\/sites\/9\/2023\/11\/CIdei.webp&#8221; link_option_url=&#8221;https:\/\/events.ipv.pt\/uicisa\/&#8221; link_option_url_new_window=&#8221;on&#8221; global_colors_info=&#8221;{}&#8221;][\/et_pb_cta][\/et_pb_column][et_pb_column type=&#8221;1_4&#8243; _builder_version=&#8221;4.21.0&#8243; _module_preset=&#8221;default&#8221; global_colors_info=&#8221;{}&#8221;][et_pb_cta button_url=&#8221;https:\/\/events.ipv.pt\/cernas\/&#8221; url_new_window=&#8221;on&#8221; button_text=&#8221;CERNAS&#8221; _builder_version=&#8221;4.27.4&#8243; _module_preset=&#8221;default&#8221; background_image=&#8221;https:\/\/esev.ipv.pt\/wp-content\/uploads\/sites\/9\/2023\/11\/CIdei.webp&#8221; link_option_url=&#8221;https:\/\/events.ipv.pt\/cernas\/&#8221; link_option_url_new_window=&#8221;on&#8221; global_colors_info=&#8221;{}&#8221;][\/et_pb_cta][\/et_pb_column][\/et_pb_row][et_pb_row column_structure=&#8221;1_3,1_3,1_3&#8243; disabled_on=&#8221;on|on|on&#8221; _builder_version=&#8221;4.27.4&#8243; _module_preset=&#8221;default&#8221; max_width=&#8221;1920px&#8221; disabled=&#8221;on&#8221; global_colors_info=&#8221;{}&#8221;][et_pb_column type=&#8221;1_3&#8243; _builder_version=&#8221;4.21.0&#8243; _module_preset=&#8221;default&#8221; global_colors_info=&#8221;{}&#8221;][et_pb_cta button_url=&#8221;https:\/\/ipv.pt\/cidets\/&#8221; url_new_window=&#8221;on&#8221; button_text=&#8221;CI&amp;DETS&#8221; _builder_version=&#8221;4.21.0&#8243; _module_preset=&#8221;default&#8221; background_image=&#8221;https:\/\/esev.ipv.pt\/wp-content\/uploads\/sites\/9\/2023\/11\/CIdei.webp&#8221; link_option_url=&#8221;https:\/\/ipv.pt\/cidets\/&#8221; link_option_url_new_window=&#8221;on&#8221; global_colors_info=&#8221;{}&#8221;][\/et_pb_cta][\/et_pb_column][et_pb_column type=&#8221;1_3&#8243; _builder_version=&#8221;4.21.0&#8243; _module_preset=&#8221;default&#8221; global_colors_info=&#8221;{}&#8221;][et_pb_cta button_url=&#8221;http:\/\/events.ipv.pt\/cidei\/&#8221; url_new_window=&#8221;on&#8221; button_text=&#8221;CI&amp;DEI&#8221; _builder_version=&#8221;4.21.0&#8243; _module_preset=&#8221;default&#8221; background_image=&#8221;https:\/\/esev.ipv.pt\/wp-content\/uploads\/sites\/9\/2023\/11\/Proj.webp&#8221; link_option_url=&#8221;http:\/\/events.ipv.pt\/cidei\/&#8221; link_option_url_new_window=&#8221;on&#8221; locked=&#8221;off&#8221; global_colors_info=&#8221;{}&#8221;][\/et_pb_cta][\/et_pb_column][et_pb_column type=&#8221;1_3&#8243; _builder_version=&#8221;4.21.0&#8243; _module_preset=&#8221;default&#8221; global_colors_info=&#8221;{}&#8221;][et_pb_cta button_url=&#8221;http:\/\/events.ipv.pt\/cised\/&#8221; button_text=&#8221;CISeD&#8221; _builder_version=&#8221;4.21.0&#8243; _module_preset=&#8221;default&#8221; background_image=&#8221;https:\/\/esev.ipv.pt\/wp-content\/uploads\/sites\/9\/2023\/11\/Linv.webp&#8221; link_option_url=&#8221;http:\/\/events.ipv.pt\/cised\/&#8221; locked=&#8221;off&#8221; global_colors_info=&#8221;{}&#8221;][\/et_pb_cta][\/et_pb_column][\/et_pb_row][\/et_pb_section]<\/p>\n","protected":false},"excerpt":{"rendered":"<p>M\u00e1s informaci\u00f3n sobre los Centros de Investigaci\u00f3n de la ESEV | CI&amp;DETS | CI&amp;DEI | CISeD | Explore nuestros proyectos cient\u00edficos. <\/p>\n","protected":false},"author":1,"featured_media":0,"parent":0,"menu_order":1,"comment_status":"closed","ping_status":"closed","template":"","meta":{"_et_pb_use_builder":"on","_et_pb_old_content":"","_et_gb_content_width":"","inline_featured_image":false,"_price":"","_stock":"","_tribe_ticket_header":"","_tribe_default_ticket_provider":"","_tribe_ticket_capacity":"0","_ticket_start_date":"","_ticket_end_date":"","_tribe_ticket_show_description":"","_tribe_ticket_show_not_going":false,"_tribe_ticket_use_global_stock":"","_tribe_ticket_global_stock_level":"","_global_stock_mode":"","_global_stock_cap":"","_tribe_rsvp_for_event":"","_tribe_ticket_going_count":"","_tribe_ticket_not_going_count":"","_tribe_tickets_list":"[]","_tribe_ticket_has_attendee_info_fields":false,"footnotes":"","_tec_slr_enabled":"","_tec_slr_layout":""},"class_list":["post-89136","page","type-page","status-publish","hentry"],"publishpress_future_action":{"enabled":false,"date":"2026-04-12 14:51:38","action":"change-status","newStatus":"draft","terms":[],"taxonomy":"translation_priority","extraData":[]},"publishpress_future_workflow_manual_trigger":{"enabledWorkflows":[]},"ticketed":false,"_links":{"self":[{"href":"https:\/\/esev.ipv.pt\/es\/wp-json\/wp\/v2\/pages\/89136","targetHints":{"allow":["GET"]}}],"collection":[{"href":"https:\/\/esev.ipv.pt\/es\/wp-json\/wp\/v2\/pages"}],"about":[{"href":"https:\/\/esev.ipv.pt\/es\/wp-json\/wp\/v2\/types\/page"}],"author":[{"embeddable":true,"href":"https:\/\/esev.ipv.pt\/es\/wp-json\/wp\/v2\/users\/1"}],"replies":[{"embeddable":true,"href":"https:\/\/esev.ipv.pt\/es\/wp-json\/wp\/v2\/comments?post=89136"}],"version-history":[{"count":5,"href":"https:\/\/esev.ipv.pt\/es\/wp-json\/wp\/v2\/pages\/89136\/revisions"}],"predecessor-version":[{"id":89148,"href":"https:\/\/esev.ipv.pt\/es\/wp-json\/wp\/v2\/pages\/89136\/revisions\/89148"}],"wp:attachment":[{"href":"https:\/\/esev.ipv.pt\/es\/wp-json\/wp\/v2\/media?parent=89136"}],"curies":[{"name":"wp","href":"https:\/\/api.w.org\/{rel}","templated":true}]}}