{"id":83746,"date":"2025-02-04T11:21:26","date_gmt":"2025-02-04T10:21:26","guid":{"rendered":"https:\/\/esev.ipv.pt\/jasm\/"},"modified":"2025-02-05T17:15:39","modified_gmt":"2025-02-05T16:15:39","slug":"jasm","status":"publish","type":"page","link":"https:\/\/esev.ipv.pt\/fr\/jasm\/","title":{"rendered":"jasm"},"content":{"rendered":"<p>[et_pb_section fb_built=&#8221;1&#8243; _builder_version=&#8221;4.27.4&#8243; _module_preset=&#8221;default&#8221; background_color=&#8221;#fcfaec&#8221; custom_padding=&#8221;3px||1px|||&#8221; border_width_bottom=&#8221;2px&#8221; border_color_bottom=&#8221;#c49812&#8243; locked=&#8221;off&#8221; global_colors_info=&#8221;{}&#8221;][et_pb_row column_structure=&#8221;1_5,3_5,1_5&#8243; disabled_on=&#8221;on|on|on&#8221; _builder_version=&#8221;4.27.4&#8243; _module_preset=&#8221;default&#8221; background_color=&#8221;#fcfaec&#8221; max_width=&#8221;1920px&#8221; custom_padding=&#8221;19px|10%|14px|10%|false|true&#8221; disabled=&#8221;on&#8221; global_colors_info=&#8221;{}&#8221;][et_pb_column type=&#8221;1_5&#8243; _builder_version=&#8221;4.27.4&#8243; _module_preset=&#8221;default&#8221; global_colors_info=&#8221;{}&#8221;][et_pb_text _builder_version=&#8221;4.27.4&#8243; _module_preset=&#8221;default&#8221; width=&#8221;49%&#8221; link_option_url=&#8221;https:\/\/esev.ipv.pt\/candidaturas\/jasm\/&#8221; border_color_bottom=&#8221;#c49812&#8243; global_colors_info=&#8221;{}&#8221;]<\/p>\n<p><a href=\"https:\/\/esev.ipv.pt\/jasm\"><img loading=\"lazy\" decoding=\"async\" src=\"https:\/\/esev.ipv.pt\/wp-content\/uploads\/sites\/9\/2025\/02\/jasm-logo-300x222.png\" width=\"300\" height=\"222\" alt=\"\" class=\"wp-image-83427 alignnone size-medium\" \/><\/a><\/p>\n<p>[\/et_pb_text][\/et_pb_column][et_pb_column type=&#8221;3_5&#8243; _builder_version=&#8221;4.27.4&#8243; _module_preset=&#8221;default&#8221; global_colors_info=&#8221;{}&#8221;][et_pb_menu menu_id=&#8221;95&#8243; submenu_direction=&#8221;downwards&#8221; _builder_version=&#8221;4.27.4&#8243; _module_preset=&#8221;default&#8221; menu_text_color=&#8221;#c49812&#8243; menu_font_size=&#8221;1.1rem&#8221; background_color=&#8221;RGBA(255,255,255,0)&#8221; custom_margin=&#8221;42px|||||&#8221; locked=&#8221;off&#8221; global_colors_info=&#8221;{}&#8221; menu_font_size__hover_enabled=&#8221;on|desktop&#8221; menu_font_size__hover=&#8221;1.2rem&#8221;][\/et_pb_menu][\/et_pb_column][et_pb_column type=&#8221;1_5&#8243; _builder_version=&#8221;4.27.4&#8243; _module_preset=&#8221;default&#8221; global_colors_info=&#8221;{}&#8221;][et_pb_menu menu_id=&#8221;7&#8243; active_link_color=&#8221;#2B2E34&#8243; dropdown_menu_bg_color=&#8221;#707070&#8243; dropdown_menu_line_color=&#8221;#FFFFFF&#8221; dropdown_menu_text_color=&#8221;#FFFFFF&#8221; dropdown_menu_active_link_color=&#8221;#FFFFFF&#8221; mobile_menu_bg_color=&#8221;#286A3D&#8221; mobile_menu_text_color=&#8221;#FFFFFF&#8221; show_search_icon=&#8221;on&#8221; cart_icon_color=&#8221;#2B2E34&#8243; search_icon_color=&#8221;#c49812&#8243; menu_icon_color=&#8221;#FFFFFF&#8221; search_icon_color_tablet=&#8221;#286A3D&#8221; search_icon_color_phone=&#8221;#286A3D&#8221; search_icon_color_last_edited=&#8221;on|tablet&#8221; disabled_on=&#8221;off|off|off&#8221; _builder_version=&#8221;4.27.4&#8243; _module_preset=&#8221;default&#8221; menu_font=&#8221;PV Sans Regular||||||||&#8221; menu_text_color=&#8221;#c49812&#8243; menu_font_size=&#8221;16px&#8221; menu_letter_spacing=&#8221;1px&#8221; menu_line_height=&#8221;24px&#8221; background_color=&#8221;RGBA(255,255,255,0)&#8221; text_orientation=&#8221;right&#8221; module_alignment=&#8221;right&#8221; custom_margin=&#8221;40px|||||&#8221; locked=&#8221;off&#8221; global_colors_info=&#8221;{}&#8221;][\/et_pb_menu][\/et_pb_column][\/et_pb_row][et_pb_row _builder_version=&#8221;4.27.4&#8243; _module_preset=&#8221;default&#8221; background_color=&#8221;#fcfaec&#8221; max_width=&#8221;1920px&#8221; module_alignment=&#8221;center&#8221; custom_margin=&#8221;|auto|-4px|auto||&#8221; custom_padding=&#8221;20px|10%|2px|10%|false|true&#8221; link_option_url=&#8221;https:\/\/esev.ipv.pt\/candidaturas\/jasm\/&#8221; border_color_all=&#8221;#c49812&#8243; global_colors_info=&#8221;{}&#8221;][et_pb_column type=&#8221;4_4&#8243; _builder_version=&#8221;4.27.4&#8243; _module_preset=&#8221;default&#8221; global_colors_info=&#8221;{}&#8221;][et_pb_text _builder_version=&#8221;4.27.4&#8243; _dynamic_attributes=&#8221;link_option_url&#8221; _module_preset=&#8221;default&#8221; text_font=&#8221;Scada|700|||||||&#8221; text_text_color=&#8221;#c49812&#8243; text_font_size=&#8221;1.4rem&#8221; custom_padding=&#8221;||0px|||&#8221; link_option_url=&#8221;@ET-DC@eyJkeW5hbWljIjp0cnVlLCJjb250ZW50IjoicG9zdF9saW5rX3VybF9wYWdlIiwic2V0dGluZ3MiOnsicG9zdF9pZCI6IjgzNDEwIiwiZW5hYmxlX2h0bWwiOiJvZmYifX0=@&#8221; border_width_bottom=&#8221;1px&#8221; border_color_bottom=&#8221;#c49812&#8243; global_colors_info=&#8221;{}&#8221;]<\/p>\n<p><a href=\"https:\/\/esev.ipv.pt\/jasm\/\"><img loading=\"lazy\" decoding=\"async\" src=\"https:\/\/esev.ipv.pt\/wp-content\/uploads\/sites\/9\/2025\/02\/Captura-de-ecra-2025-02-05-152927.png\" width=\"98\" height=\"31\" alt=\"\" class=\"wp-image-83786 alignnone size-full\" \/><\/a><\/p>\n<p>[\/et_pb_text][\/et_pb_column][\/et_pb_row][et_pb_row column_structure=&#8221;1_2,1_2&#8243; _builder_version=&#8221;4.27.4&#8243; _module_preset=&#8221;default&#8221; max_width=&#8221;1920px&#8221; custom_padding=&#8221;15px|10%|0px|10%|false|true&#8221; global_colors_info=&#8221;{}&#8221;][et_pb_column type=&#8221;1_2&#8243; _builder_version=&#8221;4.27.4&#8243; _module_preset=&#8221;default&#8221; global_colors_info=&#8221;{}&#8221;][et_pb_menu menu_id=&#8221;95&#8243; _builder_version=&#8221;4.27.4&#8243; _module_preset=&#8221;default&#8221; menu_font=&#8221;&#8211;et_global_body_font|&#8211;et_global_heading_font_weight|||||||&#8221; menu_text_color=&#8221;#c49812&#8243; menu_font_size=&#8221;1rem&#8221; background_color=&#8221;RGBA(255,255,255,0)&#8221; custom_padding=&#8221;||0px|||&#8221; global_colors_info=&#8221;{}&#8221; menu_font_size__hover_enabled=&#8221;on|hover&#8221; menu_font_size__hover=&#8221;1rem&#8221;][\/et_pb_menu][\/et_pb_column][et_pb_column type=&#8221;1_2&#8243; _builder_version=&#8221;4.27.4&#8243; _module_preset=&#8221;default&#8221; global_colors_info=&#8221;{}&#8221;][et_pb_menu menu_id=&#8221;7&#8243; active_link_color=&#8221;#2B2E34&#8243; dropdown_menu_bg_color=&#8221;#707070&#8243; dropdown_menu_line_color=&#8221;#FFFFFF&#8221; dropdown_menu_text_color=&#8221;#FFFFFF&#8221; dropdown_menu_active_link_color=&#8221;#FFFFFF&#8221; mobile_menu_bg_color=&#8221;#286A3D&#8221; mobile_menu_text_color=&#8221;#FFFFFF&#8221; show_search_icon=&#8221;on&#8221; cart_icon_color=&#8221;#2B2E34&#8243; search_icon_color=&#8221;#c49812&#8243; menu_icon_color=&#8221;#FFFFFF&#8221; search_icon_color_tablet=&#8221;#286A3D&#8221; search_icon_color_phone=&#8221;#286A3D&#8221; search_icon_color_last_edited=&#8221;on|tablet&#8221; disabled_on=&#8221;off|off|off&#8221; _builder_version=&#8221;4.27.4&#8243; _module_preset=&#8221;default&#8221; menu_font=&#8221;PV Sans Regular||||||||&#8221; menu_text_color=&#8221;#c49812&#8243; menu_font_size=&#8221;16px&#8221; menu_letter_spacing=&#8221;1px&#8221; menu_line_height=&#8221;24px&#8221; background_color=&#8221;RGBA(255,255,255,0)&#8221; text_orientation=&#8221;right&#8221; module_alignment=&#8221;right&#8221; border_color_all_image=&#8221;#c49812&#8243; locked=&#8221;off&#8221; global_colors_info=&#8221;{}&#8221;][\/et_pb_menu][\/et_pb_column][\/et_pb_row][\/et_pb_section][et_pb_section fb_built=&#8221;1&#8243; _builder_version=&#8221;4.27.4&#8243; _module_preset=&#8221;default&#8221; background_video_mp4=&#8221;https:\/\/esev.ipv.pt\/wp-content\/uploads\/sites\/9\/2025\/02\/video_jasm.webm&#8221; custom_padding=&#8221;4px||57px|||&#8221; global_colors_info=&#8221;{}&#8221;][et_pb_row make_equal=&#8221;on&#8221; _builder_version=&#8221;4.27.4&#8243; _module_preset=&#8221;default&#8221; max_width=&#8221;750px&#8221; module_alignment=&#8221;left&#8221; custom_padding=&#8221;|1.8%|3px|1.8%|false|true&#8221; hover_enabled=&#8221;0&#8243; global_colors_info=&#8221;{}&#8221; sticky_enabled=&#8221;0&#8243;][et_pb_column type=&#8221;4_4&#8243; _builder_version=&#8221;4.27.4&#8243; _module_preset=&#8221;default&#8221; global_colors_info=&#8221;{}&#8221;][et_pb_text _builder_version=&#8221;4.27.4&#8243; _module_preset=&#8221;default&#8221; text_orientation=&#8221;justified&#8221; global_colors_info=&#8221;{}&#8221;]<\/p>\n<p style=\"text-align: center\"><img loading=\"lazy\" decoding=\"async\" src=\"https:\/\/esev.ipv.pt\/wp-content\/uploads\/sites\/9\/2025\/02\/jasm-logo-300x222.png\" width=\"300\" height=\"222\" alt=\"\" class=\"wp-image-83427 alignnone size-medium\"><\/p>\n<p>[\/et_pb_text][et_pb_text _builder_version=&#8221;4.27.4&#8243; _module_preset=&#8221;default&#8221; text_orientation=&#8221;justified&#8221; custom_margin=&#8221;||55px|||&#8221; global_colors_info=&#8221;{}&#8221;]<\/p>\n<p style=\"text-align: justify\"><strong>FENETRE OUVERTE SUR LE MONDE: LANGUES ETRANGERES, CREATIVITE MULTIMODALE ET INNOVATION PEDAGOGIQUE<\/strong><\/p>\n<p>L&#8217;innovation p\u00e9dagogique est au centre des priorit\u00e9s de l&#8217;Enseignement Sup\u00e9rieur (ES). Ce souci de renouvellement des pratiques vise \u00e0 mieux motiver les \u00e9tudiants et \u00e0 leur proposer des exp\u00e9riences adapt\u00e9es \u00e0 la r\u00e9alit\u00e9 professionnelle. Le travail des langues \u00e9trang\u00e8res (LE), en particulier avec les \u00e9tudiants qui ne suivent pas de formation linguistique, n&#8217;\u00e9chappe pas \u00e0 cette question, notamment parce que les comp\u00e9tences en LE dans le monde du travail sont unanimement reconnues comme vitales et ont donc pleinement droit \u00e0 leur inclusion dans les plans de formation. L&#8217;approche par l&#8217;utilisation de la p\u00e9dagogie de projet, dans une perspective d&#8217;interdisciplinarit\u00e9 et de travail collaboratif, avec l&#8217;utilisation de la multimodalit\u00e9 dans la communication, est un pari coh\u00e9rent pour travailler les diff\u00e9rentes dimensions du langage en fran\u00e7ais et en anglais, en relation avec les repr\u00e9sentations mentales. Le projet JASM vise \u00e0 mener une exp\u00e9rience de p\u00e9dagogie active \u00e0 l&#8217;Escola Superior de Educa\u00e7\u00e3o de Viseu, avec des \u00e9tudiants du 1er cycle en journalisme, inscrits dans diff\u00e9rentes disciplines de LE. Son objectif est de favoriser l&#8217;acquisition de comp\u00e9tences multilingues et de d\u00e9velopper une prise de conscience plurilingue gr\u00e2ce \u00e0 la mobilisation des diff\u00e9rentes dimensions du langage (esth\u00e9tique et \u00e9motionnelle, en plus de la cognitive), au cours dun travail cr\u00e9atif, collaboratif et interdisciplinaire. Dans ce projet, la question de l&#8217;interdisciplinarit\u00e9 se d\u00e9tache, alliant les LE \u00e0 l&#8217;art num\u00e9rique.     <\/p>\n<p>Le projet JASM consiste en une exp\u00e9rience d\u2019innovation ouverte (approches plurielles et cr\u00e9atives de la diversit\u00e9) men\u00e9e avec des \u00e9l\u00e8ves du cours de journalisme (1\u00e8re et 2\u00e8me ann\u00e9es) de l\u2019\u00c9cole Sup\u00e9rieure d\u2019\u00c9ducation de Viseu. L\u2019hypoth\u00e8se de recherche est que l\u2019utilisation de m\u00e9thodologies d\u2019apprentissage actif, par rapport aux strat\u00e9gies traditionnelles, augmente la motivation et l\u2019autonomie des \u00e9tudiants, am\u00e9liore le processus interactif (entre les \u00e9tudiants et entre ceux-ci et les enseignants) et favorise l\u2019acquisition de connaissances \/ comp\u00e9tences en LE.  <\/p>\n<p>[\/et_pb_text][\/et_pb_column][\/et_pb_row][et_pb_row make_equal=&#8221;on&#8221; _builder_version=&#8221;4.27.4&#8243; _module_preset=&#8221;default&#8221; max_width=&#8221;650px&#8221; module_alignment=&#8221;left&#8221; custom_padding=&#8221;|1.8%|3px|1.8%|false|true&#8221; global_colors_info=&#8221;{}&#8221;][et_pb_column type=&#8221;4_4&#8243; _builder_version=&#8221;4.27.4&#8243; _module_preset=&#8221;default&#8221; global_colors_info=&#8221;{}&#8221;][et_pb_image src=&#8221;https:\/\/esev.ipv.pt\/wp-content\/uploads\/sites\/9\/2025\/02\/footer_jasm.png&#8221; title_text=&#8221;footer_jasm&#8221; _builder_version=&#8221;4.27.4&#8243; _module_preset=&#8221;default&#8221; width=&#8221;69%&#8221; module_alignment=&#8221;center&#8221; global_colors_info=&#8221;{}&#8221;][\/et_pb_image][\/et_pb_column][\/et_pb_row][\/et_pb_section]<\/p>\n","protected":false},"excerpt":{"rendered":"<p>FENETRE OUVERTE SUR LE MONDE: LANGUES ETRANGERES, CREATIVITE MULTIMODALE ET INNOVATION PEDAGOGIQUE L&#8217;innovation p\u00e9dagogique est au centre des priorit\u00e9s de l&#8217;Enseignement Sup\u00e9rieur (ES). Ce souci de renouvellement des pratiques vise [&hellip;]<\/p>\n","protected":false},"author":21335,"featured_media":0,"parent":0,"menu_order":0,"comment_status":"closed","ping_status":"closed","template":"","meta":{"_et_pb_use_builder":"on","_et_pb_old_content":"","_et_gb_content_width":"","inline_featured_image":false,"_price":"","_stock":"","_tribe_ticket_header":"","_tribe_default_ticket_provider":"","_tribe_ticket_capacity":"0","_ticket_start_date":"","_ticket_end_date":"","_tribe_ticket_show_description":"","_tribe_ticket_show_not_going":false,"_tribe_ticket_use_global_stock":"","_tribe_ticket_global_stock_level":"","_global_stock_mode":"","_global_stock_cap":"","_tribe_rsvp_for_event":"","_tribe_ticket_going_count":"","_tribe_ticket_not_going_count":"","_tribe_tickets_list":"[]","_tribe_ticket_has_attendee_info_fields":false,"footnotes":"","_tec_slr_enabled":"","_tec_slr_layout":""},"class_list":["post-83746","page","type-page","status-publish","hentry"],"publishpress_future_action":{"enabled":false,"date":"2026-04-30 07:22:58","action":"change-status","newStatus":"draft","terms":[],"taxonomy":"translation_priority","extraData":[]},"publishpress_future_workflow_manual_trigger":{"enabledWorkflows":[]},"ticketed":false,"_links":{"self":[{"href":"https:\/\/esev.ipv.pt\/fr\/wp-json\/wp\/v2\/pages\/83746","targetHints":{"allow":["GET"]}}],"collection":[{"href":"https:\/\/esev.ipv.pt\/fr\/wp-json\/wp\/v2\/pages"}],"about":[{"href":"https:\/\/esev.ipv.pt\/fr\/wp-json\/wp\/v2\/types\/page"}],"author":[{"embeddable":true,"href":"https:\/\/esev.ipv.pt\/fr\/wp-json\/wp\/v2\/users\/21335"}],"replies":[{"embeddable":true,"href":"https:\/\/esev.ipv.pt\/fr\/wp-json\/wp\/v2\/comments?post=83746"}],"version-history":[{"count":4,"href":"https:\/\/esev.ipv.pt\/fr\/wp-json\/wp\/v2\/pages\/83746\/revisions"}],"predecessor-version":[{"id":83806,"href":"https:\/\/esev.ipv.pt\/fr\/wp-json\/wp\/v2\/pages\/83746\/revisions\/83806"}],"wp:attachment":[{"href":"https:\/\/esev.ipv.pt\/fr\/wp-json\/wp\/v2\/media?parent=83746"}],"curies":[{"name":"wp","href":"https:\/\/api.w.org\/{rel}","templated":true}]}}