{"id":83765,"date":"2025-02-04T16:25:24","date_gmt":"2025-02-04T15:25:24","guid":{"rendered":"https:\/\/esev.ipv.pt\/jasm-divulgacao\/"},"modified":"2025-02-05T17:10:05","modified_gmt":"2025-02-05T16:10:05","slug":"jasm-divulgacao","status":"publish","type":"page","link":"https:\/\/esev.ipv.pt\/fr\/jasm-divulgacao\/","title":{"rendered":"jasm divulgacao"},"content":{"rendered":"<p>[et_pb_section fb_built=&#8221;1&#8243; _builder_version=&#8221;4.27.4&#8243; _module_preset=&#8221;default&#8221; background_color=&#8221;#fcfaec&#8221; custom_padding=&#8221;3px||1px|||&#8221; border_width_bottom=&#8221;2px&#8221; border_color_bottom=&#8221;#c49812&#8243; locked=&#8221;off&#8221; global_colors_info=&#8221;{}&#8221;][et_pb_row column_structure=&#8221;1_5,3_5,1_5&#8243; disabled_on=&#8221;on|on|on&#8221; _builder_version=&#8221;4.27.4&#8243; _module_preset=&#8221;default&#8221; background_color=&#8221;#fcfaec&#8221; max_width=&#8221;1920px&#8221; custom_padding=&#8221;19px|10%|14px|10%|false|true&#8221; disabled=&#8221;on&#8221; global_colors_info=&#8221;{}&#8221;][et_pb_column type=&#8221;1_5&#8243; _builder_version=&#8221;4.27.4&#8243; _module_preset=&#8221;default&#8221; global_colors_info=&#8221;{}&#8221;][et_pb_text _builder_version=&#8221;4.27.4&#8243; _module_preset=&#8221;default&#8221; width=&#8221;49%&#8221; link_option_url=&#8221;https:\/\/esev.ipv.pt\/candidaturas\/jasm\/&#8221; border_color_bottom=&#8221;#c49812&#8243; global_colors_info=&#8221;{}&#8221;]<\/p>\n<p><a href=\"https:\/\/esev.ipv.pt\/jasm\"><img loading=\"lazy\" decoding=\"async\" src=\"https:\/\/esev.ipv.pt\/wp-content\/uploads\/sites\/9\/2025\/02\/jasm-logo-300x222.png\" width=\"300\" height=\"222\" alt=\"\" class=\"wp-image-83427 alignnone size-medium\" \/><\/a><\/p>\n<p>[\/et_pb_text][\/et_pb_column][et_pb_column type=&#8221;3_5&#8243; _builder_version=&#8221;4.27.4&#8243; _module_preset=&#8221;default&#8221; global_colors_info=&#8221;{}&#8221;][et_pb_menu menu_id=&#8221;95&#8243; submenu_direction=&#8221;downwards&#8221; _builder_version=&#8221;4.27.4&#8243; _module_preset=&#8221;default&#8221; menu_text_color=&#8221;#c49812&#8243; menu_font_size=&#8221;1.1rem&#8221; background_color=&#8221;RGBA(255,255,255,0)&#8221; custom_margin=&#8221;42px|||||&#8221; locked=&#8221;off&#8221; global_colors_info=&#8221;{}&#8221; menu_font_size__hover_enabled=&#8221;on|desktop&#8221; menu_font_size__hover=&#8221;1.2rem&#8221;][\/et_pb_menu][\/et_pb_column][et_pb_column type=&#8221;1_5&#8243; _builder_version=&#8221;4.27.4&#8243; _module_preset=&#8221;default&#8221; global_colors_info=&#8221;{}&#8221;][et_pb_menu menu_id=&#8221;7&#8243; active_link_color=&#8221;#2B2E34&#8243; dropdown_menu_bg_color=&#8221;#707070&#8243; dropdown_menu_line_color=&#8221;#FFFFFF&#8221; dropdown_menu_text_color=&#8221;#FFFFFF&#8221; dropdown_menu_active_link_color=&#8221;#FFFFFF&#8221; mobile_menu_bg_color=&#8221;#286A3D&#8221; mobile_menu_text_color=&#8221;#FFFFFF&#8221; show_search_icon=&#8221;on&#8221; cart_icon_color=&#8221;#2B2E34&#8243; search_icon_color=&#8221;#c49812&#8243; menu_icon_color=&#8221;#FFFFFF&#8221; search_icon_color_tablet=&#8221;#286A3D&#8221; search_icon_color_phone=&#8221;#286A3D&#8221; search_icon_color_last_edited=&#8221;on|tablet&#8221; disabled_on=&#8221;off|off|off&#8221; _builder_version=&#8221;4.27.4&#8243; _module_preset=&#8221;default&#8221; menu_font=&#8221;PV Sans Regular||||||||&#8221; menu_text_color=&#8221;#c49812&#8243; menu_font_size=&#8221;16px&#8221; menu_letter_spacing=&#8221;1px&#8221; menu_line_height=&#8221;24px&#8221; background_color=&#8221;RGBA(255,255,255,0)&#8221; text_orientation=&#8221;right&#8221; module_alignment=&#8221;right&#8221; custom_margin=&#8221;40px|||||&#8221; locked=&#8221;off&#8221; global_colors_info=&#8221;{}&#8221;][\/et_pb_menu][\/et_pb_column][\/et_pb_row][et_pb_row _builder_version=&#8221;4.27.4&#8243; _module_preset=&#8221;default&#8221; background_color=&#8221;#fcfaec&#8221; max_width=&#8221;1920px&#8221; module_alignment=&#8221;center&#8221; custom_margin=&#8221;|auto|-4px|auto||&#8221; custom_padding=&#8221;20px|10%|2px|10%|false|true&#8221; link_option_url=&#8221;https:\/\/esev.ipv.pt\/candidaturas\/jasm\/&#8221; border_color_all=&#8221;#c49812&#8243; global_colors_info=&#8221;{}&#8221;][et_pb_column type=&#8221;4_4&#8243; _builder_version=&#8221;4.27.4&#8243; _module_preset=&#8221;default&#8221; global_colors_info=&#8221;{}&#8221;][et_pb_text _builder_version=&#8221;4.27.4&#8243; _module_preset=&#8221;default&#8221; text_font=&#8221;Scada|700|||||||&#8221; text_text_color=&#8221;#c49812&#8243; text_font_size=&#8221;1.4rem&#8221; hover_enabled=&#8221;0&#8243; border_width_bottom=&#8221;1px&#8221; border_color_bottom=&#8221;#c49812&#8243; global_colors_info=&#8221;{}&#8221; link_option_url=&#8221;@ET-DC@eyJkeW5hbWljIjp0cnVlLCJjb250ZW50IjoicG9zdF9saW5rX3VybF9wYWdlIiwic2V0dGluZ3MiOnsicG9zdF9pZCI6IjgzNDEwIiwiZW5hYmxlX2h0bWwiOiJvZmYifX0=@&#8221; _dynamic_attributes=&#8221;link_option_url&#8221; sticky_enabled=&#8221;0&#8243; custom_padding=&#8221;||0px|||&#8221;]<\/p>\n<p><a href=\"https:\/\/esev.ipv.pt\/jasm\/\"><img loading=\"lazy\" decoding=\"async\" src=\"https:\/\/esev.ipv.pt\/wp-content\/uploads\/sites\/9\/2025\/02\/Captura-de-ecra-2025-02-05-152927.png\" width=\"98\" height=\"31\" alt=\"\" class=\"wp-image-83786 alignnone size-full\" \/><\/a><\/p>\n<p>[\/et_pb_text][\/et_pb_column][\/et_pb_row][et_pb_row column_structure=&#8221;1_2,1_2&#8243; _builder_version=&#8221;4.27.4&#8243; _module_preset=&#8221;default&#8221; max_width=&#8221;1920px&#8221; custom_padding=&#8221;15px|10%|0px|10%|false|true&#8221; global_colors_info=&#8221;{}&#8221;][et_pb_column type=&#8221;1_2&#8243; _builder_version=&#8221;4.27.4&#8243; _module_preset=&#8221;default&#8221; global_colors_info=&#8221;{}&#8221;][et_pb_menu menu_id=&#8221;95&#8243; _builder_version=&#8221;4.27.4&#8243; _module_preset=&#8221;default&#8221; menu_font=&#8221;&#8211;et_global_body_font|&#8211;et_global_heading_font_weight|||||||&#8221; menu_text_color=&#8221;#c49812&#8243; menu_font_size=&#8221;1rem&#8221; background_color=&#8221;RGBA(255,255,255,0)&#8221; custom_padding=&#8221;||0px|||&#8221; global_colors_info=&#8221;{}&#8221; menu_font_size__hover_enabled=&#8221;on|hover&#8221; menu_font_size__hover=&#8221;1rem&#8221;][\/et_pb_menu][\/et_pb_column][et_pb_column type=&#8221;1_2&#8243; _builder_version=&#8221;4.27.4&#8243; _module_preset=&#8221;default&#8221; global_colors_info=&#8221;{}&#8221;][et_pb_menu menu_id=&#8221;7&#8243; active_link_color=&#8221;#2B2E34&#8243; dropdown_menu_bg_color=&#8221;#707070&#8243; dropdown_menu_line_color=&#8221;#FFFFFF&#8221; dropdown_menu_text_color=&#8221;#FFFFFF&#8221; dropdown_menu_active_link_color=&#8221;#FFFFFF&#8221; mobile_menu_bg_color=&#8221;#286A3D&#8221; mobile_menu_text_color=&#8221;#FFFFFF&#8221; show_search_icon=&#8221;on&#8221; cart_icon_color=&#8221;#2B2E34&#8243; search_icon_color=&#8221;#c49812&#8243; menu_icon_color=&#8221;#FFFFFF&#8221; search_icon_color_tablet=&#8221;#286A3D&#8221; search_icon_color_phone=&#8221;#286A3D&#8221; search_icon_color_last_edited=&#8221;on|tablet&#8221; disabled_on=&#8221;off|off|off&#8221; _builder_version=&#8221;4.27.4&#8243; _module_preset=&#8221;default&#8221; menu_font=&#8221;PV Sans Regular||||||||&#8221; menu_text_color=&#8221;#c49812&#8243; menu_font_size=&#8221;16px&#8221; menu_letter_spacing=&#8221;1px&#8221; menu_line_height=&#8221;24px&#8221; background_color=&#8221;RGBA(255,255,255,0)&#8221; text_orientation=&#8221;right&#8221; module_alignment=&#8221;right&#8221; border_color_all_image=&#8221;#c49812&#8243; locked=&#8221;off&#8221; global_colors_info=&#8221;{}&#8221;][\/et_pb_menu][\/et_pb_column][\/et_pb_row][\/et_pb_section][et_pb_section fb_built=&#8221;1&#8243; _builder_version=&#8221;4.27.4&#8243; _module_preset=&#8221;default&#8221; background_enable_video_mp4=&#8221;off&#8221; custom_padding=&#8221;1px||57px|||&#8221; global_colors_info=&#8221;{}&#8221;][et_pb_row _builder_version=&#8221;4.27.4&#8243; _module_preset=&#8221;default&#8221; max_width=&#8221;1920px&#8221; custom_padding=&#8221;60px|10%|40px|10%|false|true&#8221; global_colors_info=&#8221;{}&#8221;][et_pb_column type=&#8221;4_4&#8243; _builder_version=&#8221;4.27.4&#8243; _module_preset=&#8221;default&#8221; global_colors_info=&#8221;{}&#8221;][et_pb_text _builder_version=&#8221;4.27.4&#8243; _module_preset=&#8221;default&#8221; text_text_color=&#8221;#c49812&#8243; text_font_size=&#8221;2.2rem&#8221; global_colors_info=&#8221;{}&#8221;]<\/p>\n<p><strong>Divulgation<\/strong><\/p>\n<p>[\/et_pb_text][\/et_pb_column][\/et_pb_row][et_pb_row _builder_version=&#8221;4.27.4&#8243; _module_preset=&#8221;default&#8221; max_width=&#8221;1920px&#8221; custom_padding=&#8221;4px|10%||10%|false|true&#8221; global_colors_info=&#8221;{}&#8221;][et_pb_column type=&#8221;4_4&#8243; _builder_version=&#8221;4.27.4&#8243; _module_preset=&#8221;default&#8221; global_colors_info=&#8221;{}&#8221;][et_pb_text _builder_version=&#8221;4.27.4&#8243; _module_preset=&#8221;default&#8221; text_font_size=&#8221;1.4rem&#8221; global_colors_info=&#8221;{}&#8221;]<strong>Travail r\u00e9alis\u00e9 avec les \u00e9l\u00e8ves2<\/strong>[\/et_pb_text][et_pb_button button_url=&#8221;https:\/\/esev.ipv.pt\/wp-content\/uploads\/sites\/9\/2025\/02\/snu1intro.mp4&#8243; button_text=&#8221;K-film &#8211; Projet JASM&#8221; button_alignment_tablet=&#8221;right&#8221; button_alignment_phone=&#8221;right&#8221; button_alignment_last_edited=&#8221;on|phone&#8221; disabled_on=&#8221;off|off|off&#8221; _builder_version=&#8221;4.27.4&#8243; _module_preset=&#8221;default&#8221; button_text_size=&#8221;1rem&#8221; button_text_color=&#8221;#c49812&#8243; button_bg_color=&#8221;#fcfaec&#8221; button_border_width=&#8221;2px&#8221; button_border_color=&#8221;#c49812&#8243; button_border_radius=&#8221;0px&#8221; button_letter_spacing=&#8221;0px&#8221; button_font=&#8221;PV Sans Bold||||||||&#8221; button_use_icon=&#8221;off&#8221; z_index=&#8221;1&#8243; background_layout=&#8221;dark&#8221; custom_margin=&#8221;0px|0vw|36px|0px|false|false&#8221; custom_padding=&#8221;12px|2vw|12px|2vw|true|true&#8221; custom_padding_tablet=&#8221;12px|2vw|12px|2vw|true|true&#8221; custom_padding_phone=&#8221;|8vw||8vw|true|true&#8221; custom_padding_last_edited=&#8221;on|phone&#8221; button_text_size_tablet=&#8221;0.86rem&#8221; button_text_size_phone=&#8221;0.8rem&#8221; button_text_size_last_edited=&#8221;on|phone&#8221; button_border_color_tablet=&#8221;#FD6320&#8243; button_border_color_phone=&#8221;#FD6320&#8243; button_border_color_last_edited=&#8221;on|desktop&#8221; locked=&#8221;off&#8221; global_colors_info=&#8221;{}&#8221; button_border_color__hover_enabled=&#8221;on|hover&#8221; button_border_color__hover=&#8221;#c49812&#8243; button_bg_color__hover=&#8221;#c49812&#8243; button_icon_color__hover_enabled=&#8221;on|desktop&#8221; button_text_color__hover_enabled=&#8221;on|hover&#8221; button_text_color__hover=&#8221;#FFFFFF&#8221; button_bg_color__hover_enabled=&#8221;on|desktop&#8221;][\/et_pb_button][et_pb_text _builder_version=&#8221;4.27.4&#8243; _module_preset=&#8221;default&#8221; text_font=&#8221;PV Sans Bold||||||||&#8221; text_font_size=&#8221;1.6rem&#8221; global_colors_info=&#8221;{}&#8221;]Communications et publications[\/et_pb_text][et_pb_text _builder_version=&#8221;4.27.4&#8243; _module_preset=&#8221;default&#8221; link_font=&#8221;|||||||#c49812|&#8221; link_text_color=&#8221;#c49812&#8243; global_colors_info=&#8221;{}&#8221;]<\/p>\n<p><b>JASM &#8211; Janela aberta sobre o mundo: l\u00ednguas estrangeiras, criatividade multimodal e inova\u00e7\u00e3o pedag\u00f3gica no ensino superior<\/b><br \/>Delplancq, V.; Maria Costa, A.; Amaro Costa, C.; Coutinho, E.; Oliveira, I.; Pereira, J.; Lopez Garcia, P.; Roush, P.; Gillain, R.; Amante, S.; Fidalgo, S.; Relvas, S. (2020). JASM &#8211; Janela aberta sobre o mundo: l\u00ednguas estrangeiras, criatividade multimodal e inova\u00e7\u00e3o pedag\u00f3gica no ensino superior. Apresentado na confer\u00eancia internacional IPCE2020 \u2013 IX Investiga\u00e7\u00e3o, Pr\u00e1ticas e Contextos em Educa\u00e7\u00e3o, Leiria, Portugal.<\/p>\n<p><b>Case study of a project-based learning experience at the Polytechnic of Viseu<\/b><br \/>Delplancq, V.; Amante, S.; Amaro Costa, C.; Costa Lopes, A.; Coutinho, E.; Fidalgo, S.; Gillain, R.; Lopez, P.; Oliveira, I.; Pereira, J.; Relvas, S.; Roush, P. (2020). Case study of a project-based learning experience at the Polytechnic of Viseu. Em EDULEARN20: 2th annual International Conference on Education and New Learning Technologies, Valencia, Spain.<\/p>\n<p><b>JASM: Active Pedagogy for Foreign Language Learning in Higher Education<\/b><br \/>Costa Lopes, A.; Amaro Costa, C.; Coutinho, E.; Oliveira, I.; Pereira, J.; Lopez, P.; Roush, P.; Gillain, R.; Amante, S.; Fidalgo, S.; Relvas, S.; Delplancq, V.; (2020). JASM: Active Pedagogy for Foreign Language Learning in Higher Education. Em International Conference Innovation in Language Learning, Florence, Italy.<\/p>\n<p><a href=\"https:\/\/www.researchgate.net\/project\/JASM-Open-Window-onto-the-World-Foreign-Languages-Multimodal-Creativity-and-Pedagogical-Innovation-in-Higher-Education-Coordinator-Veronique-Delplancq\" target=\"_blank\" rel=\"noopener\">ResearchGate<\/a><\/p>\n<p>[\/et_pb_text][et_pb_text _builder_version=&#8221;4.27.4&#8243; _module_preset=&#8221;default&#8221; text_font=&#8221;PV Sans Bold||||||||&#8221; text_font_size=&#8221;1.6rem&#8221; global_colors_info=&#8221;{}&#8221;]<\/p>\n<p>\u00c9v\u00e9nements<\/p>\n<p>[\/et_pb_text][et_pb_text _builder_version=&#8221;4.27.4&#8243; _module_preset=&#8221;default&#8221; link_font=&#8221;|||||||#c49812|&#8221; link_text_color=&#8221;#c49812&#8243; global_colors_info=&#8221;{}&#8221;]<\/p>\n<p><b>Col\u00f3quio Internacional Inova\u00e7\u00e3o pedag\u00f3gica, ensino superior e l\u00ednguas estrangeiras<\/b><br \/>Organiza\u00e7\u00e3o do Col\u00f3quio Internacional \u201cInova\u00e7\u00e3o pedag\u00f3gica, ensino superior e l\u00ednguas estrangeiras\u201d, online, Escola Superior de Educa\u00e7\u00e3o do Instituto Polit\u00e9cnico de Viseu, realizado a 26 de novembro de 2020, Viseu, Portugal.<\/p>\n<p><a href=\"http:\/\/www.esev.ipv.pt\/docs\/noticias_fich\/noticias_img\/programarev2.pdf\" target=\"_blank\" rel=\"noopener\">Programa<\/a><\/p>\n<p>[\/et_pb_text][\/et_pb_column][\/et_pb_row][et_pb_row _builder_version=&#8221;4.27.4&#8243; _module_preset=&#8221;default&#8221; max_width=&#8221;1920px&#8221; custom_padding=&#8221;7px|10%||10%|false|true&#8221; locked=&#8221;off&#8221; global_colors_info=&#8221;{}&#8221;][et_pb_column type=&#8221;4_4&#8243; _builder_version=&#8221;4.27.4&#8243; _module_preset=&#8221;default&#8221; global_colors_info=&#8221;{}&#8221;][et_pb_image src=&#8221;https:\/\/esev.ipv.pt\/wp-content\/uploads\/sites\/9\/2025\/02\/footer_jasm.png&#8221; title_text=&#8221;footer_jasm&#8221; _builder_version=&#8221;4.27.4&#8243; _module_preset=&#8221;default&#8221; width=&#8221;46%&#8221; module_alignment=&#8221;center&#8221; global_colors_info=&#8221;{}&#8221;][\/et_pb_image][\/et_pb_column][\/et_pb_row][\/et_pb_section]<\/p>\n","protected":false},"excerpt":{"rendered":"<p>DivulgationTravail r\u00e9alis\u00e9 avec les \u00e9l\u00e8ves2Communications et publicationsJASM &#8211; Janela aberta sobre o mundo: l\u00ednguas estrangeiras, criatividade multimodal e inova\u00e7\u00e3o pedag\u00f3gica no ensino superiorDelplancq, V.; Maria Costa, A.; Amaro Costa, C.; [&hellip;]<\/p>\n","protected":false},"author":21335,"featured_media":0,"parent":0,"menu_order":0,"comment_status":"closed","ping_status":"closed","template":"","meta":{"_et_pb_use_builder":"on","_et_pb_old_content":"","_et_gb_content_width":"","inline_featured_image":false,"_price":"","_stock":"","_tribe_ticket_header":"","_tribe_default_ticket_provider":"","_tribe_ticket_capacity":"0","_ticket_start_date":"","_ticket_end_date":"","_tribe_ticket_show_description":"","_tribe_ticket_show_not_going":false,"_tribe_ticket_use_global_stock":"","_tribe_ticket_global_stock_level":"","_global_stock_mode":"","_global_stock_cap":"","_tribe_rsvp_for_event":"","_tribe_ticket_going_count":"","_tribe_ticket_not_going_count":"","_tribe_tickets_list":"[]","_tribe_ticket_has_attendee_info_fields":false,"footnotes":"","_tec_slr_enabled":"","_tec_slr_layout":""},"class_list":["post-83765","page","type-page","status-publish","hentry"],"publishpress_future_action":{"enabled":false,"date":"2026-04-30 07:23:02","action":"change-status","newStatus":"draft","terms":[],"taxonomy":"translation_priority","extraData":[]},"publishpress_future_workflow_manual_trigger":{"enabledWorkflows":[]},"ticketed":false,"_links":{"self":[{"href":"https:\/\/esev.ipv.pt\/fr\/wp-json\/wp\/v2\/pages\/83765","targetHints":{"allow":["GET"]}}],"collection":[{"href":"https:\/\/esev.ipv.pt\/fr\/wp-json\/wp\/v2\/pages"}],"about":[{"href":"https:\/\/esev.ipv.pt\/fr\/wp-json\/wp\/v2\/types\/page"}],"author":[{"embeddable":true,"href":"https:\/\/esev.ipv.pt\/fr\/wp-json\/wp\/v2\/users\/21335"}],"replies":[{"embeddable":true,"href":"https:\/\/esev.ipv.pt\/fr\/wp-json\/wp\/v2\/comments?post=83765"}],"version-history":[{"count":3,"href":"https:\/\/esev.ipv.pt\/fr\/wp-json\/wp\/v2\/pages\/83765\/revisions"}],"predecessor-version":[{"id":83802,"href":"https:\/\/esev.ipv.pt\/fr\/wp-json\/wp\/v2\/pages\/83765\/revisions\/83802"}],"wp:attachment":[{"href":"https:\/\/esev.ipv.pt\/fr\/wp-json\/wp\/v2\/media?parent=83765"}],"curies":[{"name":"wp","href":"https:\/\/api.w.org\/{rel}","templated":true}]}}