{"id":83769,"date":"2025-02-04T16:51:06","date_gmt":"2025-02-04T15:51:06","guid":{"rendered":"https:\/\/esev.ipv.pt\/jasm-contacto\/"},"modified":"2025-02-05T17:09:44","modified_gmt":"2025-02-05T16:09:44","slug":"jasm-contacto","status":"publish","type":"page","link":"https:\/\/esev.ipv.pt\/fr\/jasm-contacto\/","title":{"rendered":"jasm Contacto"},"content":{"rendered":"<p>[et_pb_section fb_built=&#8221;1&#8243; _builder_version=&#8221;4.27.4&#8243; _module_preset=&#8221;default&#8221; background_color=&#8221;#fcfaec&#8221; custom_padding=&#8221;3px||1px|||&#8221; border_width_bottom=&#8221;2px&#8221; border_color_bottom=&#8221;#c49812&#8243; locked=&#8221;off&#8221; global_colors_info=&#8221;{}&#8221;][et_pb_row column_structure=&#8221;1_5,3_5,1_5&#8243; disabled_on=&#8221;on|on|on&#8221; _builder_version=&#8221;4.27.4&#8243; _module_preset=&#8221;default&#8221; background_color=&#8221;#fcfaec&#8221; max_width=&#8221;1920px&#8221; custom_padding=&#8221;19px|10%|14px|10%|false|true&#8221; disabled=&#8221;on&#8221; global_colors_info=&#8221;{}&#8221;][et_pb_column type=&#8221;1_5&#8243; _builder_version=&#8221;4.27.4&#8243; _module_preset=&#8221;default&#8221; global_colors_info=&#8221;{}&#8221;][et_pb_text _builder_version=&#8221;4.27.4&#8243; _module_preset=&#8221;default&#8221; width=&#8221;49%&#8221; link_option_url=&#8221;https:\/\/esev.ipv.pt\/candidaturas\/jasm\/&#8221; border_color_bottom=&#8221;#c49812&#8243; global_colors_info=&#8221;{}&#8221;]<\/p>\n<p><a href=\"https:\/\/esev.ipv.pt\/jasm\"><img loading=\"lazy\" decoding=\"async\" src=\"https:\/\/esev.ipv.pt\/wp-content\/uploads\/sites\/9\/2025\/02\/jasm-logo-300x222.png\" width=\"300\" height=\"222\" alt=\"\" class=\"wp-image-83427 alignnone size-medium\" \/><\/a><\/p>\n<p>[\/et_pb_text][\/et_pb_column][et_pb_column type=&#8221;3_5&#8243; _builder_version=&#8221;4.27.4&#8243; _module_preset=&#8221;default&#8221; global_colors_info=&#8221;{}&#8221;][et_pb_menu menu_id=&#8221;95&#8243; submenu_direction=&#8221;downwards&#8221; _builder_version=&#8221;4.27.4&#8243; _module_preset=&#8221;default&#8221; menu_text_color=&#8221;#c49812&#8243; menu_font_size=&#8221;1.1rem&#8221; background_color=&#8221;RGBA(255,255,255,0)&#8221; custom_margin=&#8221;42px|||||&#8221; locked=&#8221;off&#8221; global_colors_info=&#8221;{}&#8221; menu_font_size__hover_enabled=&#8221;on|desktop&#8221; menu_font_size__hover=&#8221;1.2rem&#8221;][\/et_pb_menu][\/et_pb_column][et_pb_column type=&#8221;1_5&#8243; _builder_version=&#8221;4.27.4&#8243; _module_preset=&#8221;default&#8221; global_colors_info=&#8221;{}&#8221;][et_pb_menu menu_id=&#8221;7&#8243; active_link_color=&#8221;#2B2E34&#8243; dropdown_menu_bg_color=&#8221;#707070&#8243; dropdown_menu_line_color=&#8221;#FFFFFF&#8221; dropdown_menu_text_color=&#8221;#FFFFFF&#8221; dropdown_menu_active_link_color=&#8221;#FFFFFF&#8221; mobile_menu_bg_color=&#8221;#286A3D&#8221; mobile_menu_text_color=&#8221;#FFFFFF&#8221; show_search_icon=&#8221;on&#8221; cart_icon_color=&#8221;#2B2E34&#8243; search_icon_color=&#8221;#c49812&#8243; menu_icon_color=&#8221;#FFFFFF&#8221; search_icon_color_tablet=&#8221;#286A3D&#8221; search_icon_color_phone=&#8221;#286A3D&#8221; search_icon_color_last_edited=&#8221;on|tablet&#8221; disabled_on=&#8221;off|off|off&#8221; _builder_version=&#8221;4.27.4&#8243; _module_preset=&#8221;default&#8221; menu_font=&#8221;PV Sans Regular||||||||&#8221; menu_text_color=&#8221;#c49812&#8243; menu_font_size=&#8221;16px&#8221; menu_letter_spacing=&#8221;1px&#8221; menu_line_height=&#8221;24px&#8221; background_color=&#8221;RGBA(255,255,255,0)&#8221; text_orientation=&#8221;right&#8221; module_alignment=&#8221;right&#8221; custom_margin=&#8221;40px|||||&#8221; locked=&#8221;off&#8221; global_colors_info=&#8221;{}&#8221;][\/et_pb_menu][\/et_pb_column][\/et_pb_row][et_pb_row _builder_version=&#8221;4.27.4&#8243; _module_preset=&#8221;default&#8221; background_color=&#8221;#fcfaec&#8221; max_width=&#8221;1920px&#8221; module_alignment=&#8221;center&#8221; custom_margin=&#8221;|auto|-4px|auto||&#8221; custom_padding=&#8221;20px|10%|2px|10%|false|true&#8221; link_option_url=&#8221;https:\/\/esev.ipv.pt\/candidaturas\/jasm\/&#8221; border_color_all=&#8221;#c49812&#8243; global_colors_info=&#8221;{}&#8221;][et_pb_column type=&#8221;4_4&#8243; _builder_version=&#8221;4.27.4&#8243; _module_preset=&#8221;default&#8221; global_colors_info=&#8221;{}&#8221;][et_pb_text _builder_version=&#8221;4.27.4&#8243; _module_preset=&#8221;default&#8221; text_font=&#8221;Scada|700|||||||&#8221; text_text_color=&#8221;#c49812&#8243; text_font_size=&#8221;1.4rem&#8221; hover_enabled=&#8221;0&#8243; border_width_bottom=&#8221;1px&#8221; border_color_bottom=&#8221;#c49812&#8243; global_colors_info=&#8221;{}&#8221; link_option_url=&#8221;@ET-DC@eyJkeW5hbWljIjp0cnVlLCJjb250ZW50IjoicG9zdF9saW5rX3VybF9wYWdlIiwic2V0dGluZ3MiOnsicG9zdF9pZCI6IjgzNDEwIiwiZW5hYmxlX2h0bWwiOiJvZmYifX0=@&#8221; _dynamic_attributes=&#8221;link_option_url&#8221; sticky_enabled=&#8221;0&#8243; custom_padding=&#8221;||0px|||&#8221;]<\/p>\n<p><a href=\"https:\/\/esev.ipv.pt\/jasm\/\"><img loading=\"lazy\" decoding=\"async\" src=\"https:\/\/esev.ipv.pt\/wp-content\/uploads\/sites\/9\/2025\/02\/Captura-de-ecra-2025-02-05-152927.png\" width=\"98\" height=\"31\" alt=\"\" class=\"wp-image-83786 alignnone size-full\" \/><\/a><\/p>\n<p>[\/et_pb_text][\/et_pb_column][\/et_pb_row][et_pb_row column_structure=&#8221;1_2,1_2&#8243; _builder_version=&#8221;4.27.4&#8243; _module_preset=&#8221;default&#8221; max_width=&#8221;1920px&#8221; custom_padding=&#8221;15px|10%|0px|10%|false|true&#8221; global_colors_info=&#8221;{}&#8221;][et_pb_column type=&#8221;1_2&#8243; _builder_version=&#8221;4.27.4&#8243; _module_preset=&#8221;default&#8221; global_colors_info=&#8221;{}&#8221;][et_pb_menu menu_id=&#8221;95&#8243; _builder_version=&#8221;4.27.4&#8243; _module_preset=&#8221;default&#8221; menu_font=&#8221;&#8211;et_global_body_font|&#8211;et_global_heading_font_weight|||||||&#8221; menu_text_color=&#8221;#c49812&#8243; menu_font_size=&#8221;1rem&#8221; background_color=&#8221;RGBA(255,255,255,0)&#8221; custom_padding=&#8221;||0px|||&#8221; global_colors_info=&#8221;{}&#8221; menu_font_size__hover_enabled=&#8221;on|hover&#8221; menu_font_size__hover=&#8221;1rem&#8221;][\/et_pb_menu][\/et_pb_column][et_pb_column type=&#8221;1_2&#8243; _builder_version=&#8221;4.27.4&#8243; _module_preset=&#8221;default&#8221; global_colors_info=&#8221;{}&#8221;][et_pb_menu menu_id=&#8221;7&#8243; active_link_color=&#8221;#2B2E34&#8243; dropdown_menu_bg_color=&#8221;#707070&#8243; dropdown_menu_line_color=&#8221;#FFFFFF&#8221; dropdown_menu_text_color=&#8221;#FFFFFF&#8221; dropdown_menu_active_link_color=&#8221;#FFFFFF&#8221; mobile_menu_bg_color=&#8221;#286A3D&#8221; mobile_menu_text_color=&#8221;#FFFFFF&#8221; show_search_icon=&#8221;on&#8221; cart_icon_color=&#8221;#2B2E34&#8243; search_icon_color=&#8221;#c49812&#8243; menu_icon_color=&#8221;#FFFFFF&#8221; search_icon_color_tablet=&#8221;#286A3D&#8221; search_icon_color_phone=&#8221;#286A3D&#8221; search_icon_color_last_edited=&#8221;on|tablet&#8221; disabled_on=&#8221;off|off|off&#8221; _builder_version=&#8221;4.27.4&#8243; _module_preset=&#8221;default&#8221; menu_font=&#8221;PV Sans Regular||||||||&#8221; menu_text_color=&#8221;#c49812&#8243; menu_font_size=&#8221;16px&#8221; menu_letter_spacing=&#8221;1px&#8221; menu_line_height=&#8221;24px&#8221; background_color=&#8221;RGBA(255,255,255,0)&#8221; text_orientation=&#8221;right&#8221; module_alignment=&#8221;right&#8221; border_color_all_image=&#8221;#c49812&#8243; locked=&#8221;off&#8221; global_colors_info=&#8221;{}&#8221;][\/et_pb_menu][\/et_pb_column][\/et_pb_row][\/et_pb_section][et_pb_section fb_built=&#8221;1&#8243; _builder_version=&#8221;4.27.4&#8243; _module_preset=&#8221;default&#8221; background_enable_video_mp4=&#8221;off&#8221; custom_padding=&#8221;1px||57px|||&#8221; locked=&#8221;off&#8221; global_colors_info=&#8221;{}&#8221;][et_pb_row _builder_version=&#8221;4.27.4&#8243; _module_preset=&#8221;default&#8221; max_width=&#8221;1920px&#8221; custom_padding=&#8221;60px|10%|40px|10%|false|true&#8221; global_colors_info=&#8221;{}&#8221;][et_pb_column type=&#8221;4_4&#8243; _builder_version=&#8221;4.27.4&#8243; _module_preset=&#8221;default&#8221; global_colors_info=&#8221;{}&#8221;][et_pb_text _builder_version=&#8221;4.27.4&#8243; _module_preset=&#8221;default&#8221; text_text_color=&#8221;#c49812&#8243; text_font_size=&#8221;2.2rem&#8221; global_colors_info=&#8221;{}&#8221;]<strong>Contact<\/strong>[\/et_pb_text][\/et_pb_column][\/et_pb_row][et_pb_row _builder_version=&#8221;4.27.4&#8243; _module_preset=&#8221;default&#8221; max_width=&#8221;1920px&#8221; custom_padding=&#8221;4px|10%||10%|false|true&#8221; global_colors_info=&#8221;{}&#8221;][et_pb_column type=&#8221;4_4&#8243; _builder_version=&#8221;4.27.4&#8243; _module_preset=&#8221;default&#8221; global_colors_info=&#8221;{}&#8221;][et_pb_text _builder_version=&#8221;4.27.4&#8243; _module_preset=&#8221;default&#8221; link_font=&#8221;|||||||#c49812|&#8221; link_text_color=&#8221;#c49812&#8243; global_colors_info=&#8221;{}&#8221;]<\/p>\n<p><span>Escola Superior de Educa\u00e7\u00e3o de Viseu<\/span><br \/><span>Rua Maximiano Arag\u00e3o<\/span><br \/><span>3504 &#8211; 501 VISEU PORTUGAL<\/span><br \/><span>T\u00e9l\u00e9phone: 232 419 000\/ext. 3071 <\/span><br \/><span>Email:<\/span><a href=\"mailto:jasm@esev.ipv.pt\"> jasm@esev.ipv.pt<\/a><\/p>\n<p>[\/et_pb_text][\/et_pb_column][\/et_pb_row][\/et_pb_section][et_pb_section fb_built=&#8221;1&#8243; _builder_version=&#8221;4.27.4&#8243; _module_preset=&#8221;default&#8221; global_colors_info=&#8221;{}&#8221;][et_pb_row _builder_version=&#8221;4.27.4&#8243; _module_preset=&#8221;default&#8221; max_width=&#8221;1920px&#8221; custom_padding=&#8221;7px|10%||10%|false|true&#8221; locked=&#8221;off&#8221; global_colors_info=&#8221;{}&#8221;][et_pb_column type=&#8221;4_4&#8243; _builder_version=&#8221;4.27.4&#8243; _module_preset=&#8221;default&#8221; global_colors_info=&#8221;{}&#8221;][et_pb_image src=&#8221;https:\/\/esev.ipv.pt\/wp-content\/uploads\/sites\/9\/2025\/02\/footer_jasm.png&#8221; title_text=&#8221;footer_jasm&#8221; _builder_version=&#8221;4.27.4&#8243; _module_preset=&#8221;default&#8221; width=&#8221;46%&#8221; module_alignment=&#8221;center&#8221; global_colors_info=&#8221;{}&#8221;][\/et_pb_image][\/et_pb_column][\/et_pb_row][\/et_pb_section]<\/p>\n","protected":false},"excerpt":{"rendered":"<p>ContactEscola Superior de Educa\u00e7\u00e3o de ViseuRua Maximiano Arag\u00e3o3504 &#8211; 501 VISEU PORTUGALT\u00e9l\u00e9phone: 232 419 000\/ext. 3071 Email: jasm@esev.ipv.pt<\/p>\n","protected":false},"author":21335,"featured_media":0,"parent":0,"menu_order":0,"comment_status":"closed","ping_status":"closed","template":"","meta":{"_et_pb_use_builder":"on","_et_pb_old_content":"","_et_gb_content_width":"","inline_featured_image":false,"_price":"","_stock":"","_tribe_ticket_header":"","_tribe_default_ticket_provider":"","_tribe_ticket_capacity":"0","_ticket_start_date":"","_ticket_end_date":"","_tribe_ticket_show_description":"","_tribe_ticket_show_not_going":false,"_tribe_ticket_use_global_stock":"","_tribe_ticket_global_stock_level":"","_global_stock_mode":"","_global_stock_cap":"","_tribe_rsvp_for_event":"","_tribe_ticket_going_count":"","_tribe_ticket_not_going_count":"","_tribe_tickets_list":"[]","_tribe_ticket_has_attendee_info_fields":false,"footnotes":"","_tec_slr_enabled":"","_tec_slr_layout":""},"class_list":["post-83769","page","type-page","status-publish","hentry"],"publishpress_future_action":{"enabled":false,"date":"2026-04-30 00:28:35","action":"change-status","newStatus":"draft","terms":[],"taxonomy":"translation_priority","extraData":[]},"publishpress_future_workflow_manual_trigger":{"enabledWorkflows":[]},"ticketed":false,"_links":{"self":[{"href":"https:\/\/esev.ipv.pt\/fr\/wp-json\/wp\/v2\/pages\/83769","targetHints":{"allow":["GET"]}}],"collection":[{"href":"https:\/\/esev.ipv.pt\/fr\/wp-json\/wp\/v2\/pages"}],"about":[{"href":"https:\/\/esev.ipv.pt\/fr\/wp-json\/wp\/v2\/types\/page"}],"author":[{"embeddable":true,"href":"https:\/\/esev.ipv.pt\/fr\/wp-json\/wp\/v2\/users\/21335"}],"replies":[{"embeddable":true,"href":"https:\/\/esev.ipv.pt\/fr\/wp-json\/wp\/v2\/comments?post=83769"}],"version-history":[{"count":3,"href":"https:\/\/esev.ipv.pt\/fr\/wp-json\/wp\/v2\/pages\/83769\/revisions"}],"predecessor-version":[{"id":83801,"href":"https:\/\/esev.ipv.pt\/fr\/wp-json\/wp\/v2\/pages\/83769\/revisions\/83801"}],"wp:attachment":[{"href":"https:\/\/esev.ipv.pt\/fr\/wp-json\/wp\/v2\/media?parent=83769"}],"curies":[{"name":"wp","href":"https:\/\/api.w.org\/{rel}","templated":true}]}}